{"id":2488,"date":"2018-09-26T10:55:43","date_gmt":"2018-09-26T08:55:43","guid":{"rendered":"http:\/\/blog.espe-bretagne.fr\/prodm1vannes\/?page_id=2488"},"modified":"2020-04-07T16:31:15","modified_gmt":"2020-04-07T14:31:15","slug":"des-tutoriels-pour-la-formation","status":"publish","type":"page","link":"https:\/\/blog.espe-bretagne.fr\/prodm1vannes\/des-tutoriels-pour-la-formation\/","title":{"rendered":"Des tutoriels utiles &#8230;."},"content":{"rendered":"<p>Vous trouverez ici quelques liens vers des tutoriels utiles pour la redaction et la mise en forme de votre article. &#8230;.<br \/><img loading=\"lazy\" decoding=\"async\" class=\"wp-image-5522 aligncenter\" src=\"http:\/\/blog.espe-bretagne.fr\/prodm1vannes\/wp-content\/uploads\/2020\/04\/video-tutorials-on-laptop-screen-2-300x300.png\" alt=\"\" width=\"165\" height=\"165\" srcset=\"https:\/\/blog.espe-bretagne.fr\/prodm1vannes\/wp-content\/uploads\/2020\/04\/video-tutorials-on-laptop-screen-2-300x300.png 300w, https:\/\/blog.espe-bretagne.fr\/prodm1vannes\/wp-content\/uploads\/2020\/04\/video-tutorials-on-laptop-screen-2-150x150.png 150w, https:\/\/blog.espe-bretagne.fr\/prodm1vannes\/wp-content\/uploads\/2020\/04\/video-tutorials-on-laptop-screen-2-510x510.png 510w, https:\/\/blog.espe-bretagne.fr\/prodm1vannes\/wp-content\/uploads\/2020\/04\/video-tutorials-on-laptop-screen-2.png 512w\" sizes=\"auto, (max-width: 165px) 100vw, 165px\" \/><\/p>\n<ul>\n<li><a href=\"http:\/\/blog.espe-bretagne.fr\/numplus\/coggle-creer-et-partager-des-cartes-mentales\/\" target=\"_blank\" rel=\"noopener noreferrer\">R\u00e9aliser une carte mentale avec Coggle<\/a>. Coggle est un outil en ligne gratuit, ludique et collaboratif qui permet de cr\u00e9er des cartes mentales rapidement. Les cartes peuvent \u00eatre partager avec une ou plusieurs personnes qui pourront les \u00e9diter ou les commenter.<br \/><a href=\"http:\/\/blog.espe-bretagne.fr\/numplus\/coggle-creer-et-partager-des-cartes-mentales\/\" target=\"_blank\" rel=\"noopener noreferrer\"><img loading=\"lazy\" decoding=\"async\" class=\"size-full wp-image-13687 aligncenter\" src=\"http:\/\/python.espe-bretagne.fr\/numplus\/wp-content\/uploads\/2016\/02\/Coggle1.png\" alt=\"\" width=\"239\" height=\"116\" \/><\/a><\/li>\n<li><a href=\"http:\/\/blog.espe-bretagne.fr\/numplus\/enrichir-un-article-de-blog-avec-h5p\/\" target=\"_blank\" rel=\"noopener noreferrer\">Enrichir un article de blog avec H5P <\/a>: L\u2019extension H5P permet d\u2019enrichir votre article de blog en y ins\u00e9rant des contenus interactifs. Les possibilit\u00e9s sont nombreuses ; QCM,glisser\/d\u00e9poser, champs \u00e0 compl\u00e9ter etc\u2026 mais aussi des images ou des vid\u00e9os interactives, des jeux, des lignes du temps\u2026<br \/><a href=\"http:\/\/blog.espe-bretagne.fr\/numplus\/enrichir-un-article-de-blog-avec-h5p\/\" target=\"_blank\" rel=\"noopener noreferrer\"><img loading=\"lazy\" decoding=\"async\" class=\"aligncenter\" src=\"http:\/\/www.informatique-enseignant.com\/wp-content\/uploads\/2015\/09\/h5p-250x186.jpg\" alt=\"\" width=\"173\" height=\"129\" \/><\/a><\/li>\n<li><a href=\"http:\/\/blog.espe-bretagne.fr\/numplus\/genial-ly-creer-une-image-interactive\/\" target=\"_blank\" rel=\"noopener noreferrer\">Genial.ly &#8211; Cr\u00e9er une image interactive<\/a>. Genially est un outil en ligne qui permet de cr\u00e9er des images, des posters, des pr\u00e9sentations avec une bonne dose d\u2019interactivit\u00e9.<br \/><a href=\"http:\/\/blog.espe-bretagne.fr\/numplus\/genial-ly-creer-une-image-interactive\/\" target=\"_blank\" rel=\"noopener noreferrer\"><img loading=\"lazy\" decoding=\"async\" class=\"aligncenter\" src=\"https:\/\/s1.qwant.com\/thumbr\/0x0\/3\/2\/79bc9c3c0e99a7ba6f6adc7b1e43f7a130a60a38cab2f6aa3c3aca0cbd18a5\/0.jpg?u=https%3A%2F%2Fmedia.licdn.com%2Fdms%2Fimage%2FC4D0BAQHV0IpOohTwvA%2Fcompany-logo_200_200%2F0%3Fe%3D2159024400%26v%3Dbeta%26t%3DsK7P-RxWU5FBsj47x2RwWflHmoOVZjgIJZADrzlw2XI&amp;q=0&amp;b=1&amp;p=0&amp;a=1\" alt=\"Genial.ly | LinkedIn\" width=\"164\" height=\"164\" \/><\/a><\/li>\n<li>Huite.re &#8230; Comment passer d&rsquo;une adresse web longue et compliqu\u00e9e \u00e0 un lien court ?<br \/><img loading=\"lazy\" decoding=\"async\" class=\"size-medium wp-image-5500 thumb-of-pdf aligncenter\" src=\"http:\/\/blog.espe-bretagne.fr\/prodm1vannes\/wp-content\/uploads\/2020\/04\/1920-TutoHuit.re_-pdf-212x300.jpg\" alt=\"thumbnail of 1920 \u2013 TutoHuit.re\" width=\"212\" height=\"300\" srcset=\"https:\/\/blog.espe-bretagne.fr\/prodm1vannes\/wp-content\/uploads\/2020\/04\/1920-TutoHuit.re_-pdf-212x300.jpg 212w, https:\/\/blog.espe-bretagne.fr\/prodm1vannes\/wp-content\/uploads\/2020\/04\/1920-TutoHuit.re_-pdf.jpg 724w\" sizes=\"auto, (max-width: 212px) 100vw, 212px\" \/><\/li>\n<li><a href=\"http:\/\/blog.espe-bretagne.fr\/numplus\/qrcode-generer-un-code-avec-unitagqr\/\" target=\"_blank\" rel=\"noopener noreferrer\">Cr\u00e9er des QRcodes pour acc\u00e9der \u00e0 votre article<\/a>. Un petit tutoriel pour cr\u00e9er vos propres QRcodes \u00e0 partir du site UnitagQR.<br \/><a href=\"http:\/\/blog.espe-bretagne.fr\/numplus\/qrcode-generer-un-code-avec-unitagqr\/\" target=\"_blank\" rel=\"noopener noreferrer\"><img loading=\"lazy\" decoding=\"async\" class=\"wp-image-13674 aligncenter\" src=\"http:\/\/python.espe-bretagne.fr\/numplus\/wp-content\/uploads\/2016\/02\/QRScanner.png\" alt=\"\" width=\"152\" height=\"148\" \/><\/a><\/li>\n<\/ul>\n\n\n<div class=\"wp-block-group\"><div class=\"wp-block-group__inner-container is-layout-flow wp-block-group-is-layout-flow\">\n<div class=\"wp-block-group is-layout-flow wp-block-group-is-layout-flow\"><div class=\"wp-block-group__inner-container\"><\/div><\/div>\n<\/div><\/div>\n","protected":false},"excerpt":{"rendered":"<p>Vous trouverez ici quelques liens vers des tutoriels utiles pour la redaction et la mise en forme de votre article. &#8230;. R\u00e9aliser une carte mentale avec Coggle. Coggle est un outil en ligne gratuit, ludique et collaboratif qui permet de cr\u00e9er des cartes mentales rapidement. Les cartes peuvent \u00eatre partager avec une ou plusieurs personnes [&hellip;]<\/p>\n","protected":false},"author":1,"featured_media":5522,"parent":0,"menu_order":0,"comment_status":"closed","ping_status":"closed","template":"","meta":{"footnotes":""},"coauthors":[66],"class_list":["post-2488","page","type-page","status-publish","has-post-thumbnail","hentry"],"jetpack_sharing_enabled":true,"_links":{"self":[{"href":"https:\/\/blog.espe-bretagne.fr\/prodm1vannes\/wp-json\/wp\/v2\/pages\/2488","targetHints":{"allow":["GET"]}}],"collection":[{"href":"https:\/\/blog.espe-bretagne.fr\/prodm1vannes\/wp-json\/wp\/v2\/pages"}],"about":[{"href":"https:\/\/blog.espe-bretagne.fr\/prodm1vannes\/wp-json\/wp\/v2\/types\/page"}],"author":[{"embeddable":true,"href":"https:\/\/blog.espe-bretagne.fr\/prodm1vannes\/wp-json\/wp\/v2\/users\/1"}],"replies":[{"embeddable":true,"href":"https:\/\/blog.espe-bretagne.fr\/prodm1vannes\/wp-json\/wp\/v2\/comments?post=2488"}],"version-history":[{"count":19,"href":"https:\/\/blog.espe-bretagne.fr\/prodm1vannes\/wp-json\/wp\/v2\/pages\/2488\/revisions"}],"predecessor-version":[{"id":5524,"href":"https:\/\/blog.espe-bretagne.fr\/prodm1vannes\/wp-json\/wp\/v2\/pages\/2488\/revisions\/5524"}],"wp:featuredmedia":[{"embeddable":true,"href":"https:\/\/blog.espe-bretagne.fr\/prodm1vannes\/wp-json\/wp\/v2\/media\/5522"}],"wp:attachment":[{"href":"https:\/\/blog.espe-bretagne.fr\/prodm1vannes\/wp-json\/wp\/v2\/media?parent=2488"}],"wp:term":[{"taxonomy":"author","embeddable":true,"href":"https:\/\/blog.espe-bretagne.fr\/prodm1vannes\/wp-json\/wp\/v2\/coauthors?post=2488"}],"curies":[{"name":"wp","href":"https:\/\/api.w.org\/{rel}","templated":true}]}}