{"id":97,"date":"2011-12-14T10:03:29","date_gmt":"2011-12-14T10:03:29","guid":{"rendered":"http:\/\/python.bretagne.iufm.fr\/mobilites-etudiantes-international\/?page_id=97"},"modified":"2025-01-21T10:07:16","modified_gmt":"2025-01-21T10:07:16","slug":"contact","status":"publish","type":"page","link":"http:\/\/blog.espe-bretagne.fr\/mobilites-internationales\/contact\/","title":{"rendered":"financement"},"content":{"rendered":"<p><strong>INSP\u00c9 de Bretagne &#8211; UBO<br \/><\/strong><\/p>\n<p style=\"text-align: left;\">Service Recherche &amp; Relations Internationales de l&rsquo;INSP\u00c9 : <a href=\"mailto:europe-international@inspe-bretagne.fr\">europe-international@inspe-bretagne.fr<\/a><br \/>Responsable Europe &amp; International, <strong>Catherine Guillemot<\/strong> <a href=\"mailto:Catherine.guillemot1@inspe-bretagne.fr\">catherine.guillemot1@inspe-bretagne.fr<\/a><\/p>\n\n\n<p>Possibilit\u00e9 d&rsquo;une bourse accord\u00e9e par l&rsquo;INSP\u00c9, dans le cadre des bourses mobilit\u00e9s UBO. <\/p>\n\n\n\n<hr class=\"wp-block-separator has-alpha-channel-opacity\"\/>\n\n\n\n<p><strong>Universitaires partenaires<\/strong><\/p>\n\n\n\n<p class=\"has-text-align-left\"><strong>Universit\u00e9 Rennes 1<\/strong><br><a href=\"https:\/\/www.univ-rennes1.fr\/effectuer-un-stage-letranger#p-427\">https:\/\/www.univ-rennes1.fr\/effectuer-un-stage-letranger#p-427<\/a><br>Financement par une bourse mobilit\u00e9 \u00e9tranger (contact&nbsp;: <a href=\"mailto:cbme-gestion@listes.univ-rennes1.fr\">cbme-gestion@listes.univ-rennes1.fr<\/a>)<br>&#8211; Erasmus +&nbsp;: bourse accord\u00e9e pour un stage de 60 jours cons\u00e9cutifs<br>&#8211; Bourse AMI &#8211; Crous&nbsp;: pour les b\u00e9n\u00e9ficiaires de bourses, pour un stage de 60 jours cons\u00e9cutifs<br>&#8211; Bourse de la fondation Rennes 1&nbsp;: 2 mois minimum<\/p>\n\n\n\n<hr class=\"wp-block-separator has-alpha-channel-opacity\"\/>\n\n\n\n<p><strong>Universit\u00e9 Rennes 2<\/strong><br><a href=\"https:\/\/www.univ-rennes2.fr\/formation\/partir-etudier-letranger\">https:\/\/intranet.univ-rennes2.fr\/suio-ip\/departs-etranger<\/a><br>contact\u00a0: <a href=\"mailto:international@univ-rennes2.fr\">international@univ-rennes2.fr<\/a><br>Financement<br>&#8211; Erasmus +\u00a0: bourse accord\u00e9e pour un stage de 60 jours cons\u00e9cutifs<br>&#8211; Bourse AMI &#8211; Crous\u00a0: pour les b\u00e9n\u00e9ficiaires de bourses, pour un stage de 60 jours cons\u00e9cutifs<\/p>\n\n\n\n<hr class=\"wp-block-separator has-alpha-channel-opacity\"\/>\n\n\n\n<p><strong>Universit\u00e9 Bretagne Sud<\/strong><br><a href=\"https:\/\/www.univ-ubs.fr\/fr\/international\/mobilite-etudiante\/stages-a-l-etranger.html\">Service des Affaires Internationales (SAI)<\/a><br>Contact&nbsp;: <a href=\"mailto:sai@univ-ubs.fr\">sai@univ-ubs.fr<\/a><\/p>\n\n\n\n<hr class=\"wp-block-separator has-alpha-channel-opacity\"\/>\n","protected":false},"excerpt":{"rendered":"<p>INSP\u00c9 de Bretagne &#8211; UBO Service Recherche &amp; Relations Internationales de l&rsquo;INSP\u00c9 : europe-international@inspe-bretagne.frResponsable Europe &amp; International, Catherine Guillemot catherine.guillemot1@inspe-bretagne.fr Possibilit\u00e9 d&rsquo;une bourse accord\u00e9e par l&rsquo;INSP\u00c9, dans le cadre des bourses mobilit\u00e9s UBO. Universitaires partenaires Universit\u00e9 Rennes 1https:\/\/www.univ-rennes1.fr\/effectuer-un-stage-letranger#p-427Financement par une bourse mobilit\u00e9 \u00e9tranger (contact&nbsp;: cbme-gestion@listes.univ-rennes1.fr)&#8211; Erasmus +&nbsp;: bourse accord\u00e9e pour\u2026<\/p>\n<p> <a class=\"continue-reading-link\" href=\"http:\/\/blog.espe-bretagne.fr\/mobilites-internationales\/contact\/\"><span>Continue reading<\/span><i class=\"crycon-right-dir\"><\/i><\/a> <\/p>\n","protected":false},"author":1,"featured_media":0,"parent":0,"menu_order":6,"comment_status":"closed","ping_status":"closed","template":"","meta":{"footnotes":""},"class_list":["post-97","page","type-page","status-publish","hentry"],"_links":{"self":[{"href":"http:\/\/blog.espe-bretagne.fr\/mobilites-internationales\/wp-json\/wp\/v2\/pages\/97","targetHints":{"allow":["GET"]}}],"collection":[{"href":"http:\/\/blog.espe-bretagne.fr\/mobilites-internationales\/wp-json\/wp\/v2\/pages"}],"about":[{"href":"http:\/\/blog.espe-bretagne.fr\/mobilites-internationales\/wp-json\/wp\/v2\/types\/page"}],"author":[{"embeddable":true,"href":"http:\/\/blog.espe-bretagne.fr\/mobilites-internationales\/wp-json\/wp\/v2\/users\/1"}],"replies":[{"embeddable":true,"href":"http:\/\/blog.espe-bretagne.fr\/mobilites-internationales\/wp-json\/wp\/v2\/comments?post=97"}],"version-history":[{"count":31,"href":"http:\/\/blog.espe-bretagne.fr\/mobilites-internationales\/wp-json\/wp\/v2\/pages\/97\/revisions"}],"predecessor-version":[{"id":1666,"href":"http:\/\/blog.espe-bretagne.fr\/mobilites-internationales\/wp-json\/wp\/v2\/pages\/97\/revisions\/1666"}],"wp:attachment":[{"href":"http:\/\/blog.espe-bretagne.fr\/mobilites-internationales\/wp-json\/wp\/v2\/media?parent=97"}],"curies":[{"name":"wp","href":"https:\/\/api.w.org\/{rel}","templated":true}]}}