{"id":91,"date":"2011-12-14T09:49:11","date_gmt":"2011-12-14T09:49:11","guid":{"rendered":"http:\/\/python.bretagne.iufm.fr\/mobilites-etudiantes-international\/?page_id=91"},"modified":"2022-12-19T07:37:47","modified_gmt":"2022-12-19T07:37:47","slug":"italie","status":"publish","type":"page","link":"http:\/\/blog.espe-bretagne.fr\/mobilites-internationales\/europe-centrale-2\/italie\/","title":{"rendered":"Italie"},"content":{"rendered":"\n<h2 class=\"wp-block-heading\">AOSTE<\/h2>\n\n\n<div class=\"wp-block-image\">\n<figure class=\"aligncenter size-large is-resized\"><a href=\"http:\/\/blog.espe-bretagne.fr\/mobilites-internationales\/wp-content\/uploads\/photo-aoste.jpg\"><img loading=\"lazy\" decoding=\"async\" src=\"http:\/\/blog.espe-bretagne.fr\/mobilites-internationales\/wp-content\/uploads\/photo-aoste-833x1024.jpg\" alt=\"\" class=\"wp-image-1461\" width=\"400\" height=\"492\" srcset=\"http:\/\/blog.espe-bretagne.fr\/mobilites-internationales\/wp-content\/uploads\/photo-aoste-833x1024.jpg 833w, http:\/\/blog.espe-bretagne.fr\/mobilites-internationales\/wp-content\/uploads\/photo-aoste-244x300.jpg 244w, http:\/\/blog.espe-bretagne.fr\/mobilites-internationales\/wp-content\/uploads\/photo-aoste-768x944.jpg 768w, http:\/\/blog.espe-bretagne.fr\/mobilites-internationales\/wp-content\/uploads\/photo-aoste-122x150.jpg 122w, http:\/\/blog.espe-bretagne.fr\/mobilites-internationales\/wp-content\/uploads\/photo-aoste.jpg 980w\" sizes=\"auto, (max-width: 400px) 100vw, 400px\" \/><\/a><\/figure>\n<\/div>\n\n\n<p><em>(Retour d&rsquo;exp\u00e9rience, f\u00e9vrier 2013)<\/em><\/p>\n\n\n\n<p>Situ\u00e9 au nord-Ouest de l\u2019Italie, non loin de la fronti\u00e8re fran\u00e7ais, Aoste est le chef-lieu de la r\u00e9gion autonome du Val d\u2019Aoste. Cette petite ville de 35&nbsp;000 habitants, entour\u00e9e de sommets \u00e9lev\u00e9s de la chaine des Alpes, offre un paysage exceptionnel.<\/p>\n\n\n\n<p>La particularit\u00e9 de cette r\u00e9gion est qu\u2019elle est bilingue (Italien\/Fran\u00e7ais), ce qui facilite les rapports avec les Vald\u00f4tains. Le patrimoine historique de la vall\u00e9e est consid\u00e9rable et nous vous conseillons de consacrer un peu de votre temps \u00e0 la visite des monuments (th\u00e9\u00e2tre romain, n\u00e9cropole romaine, cath\u00e9drale, arc de Triomphe, mus\u00e9e d\u2019arch\u00e9ologie, ch\u00e2teaux forts, pr\u00e9sents dans toute la vall\u00e9e et visible depuis le train entre Turin et Aoste).<\/p>\n\n\n\n<p>Notre tutrice \u00e0 Aoste est la directrice de l\u2019institution scolaire Eug\u00e9nie Martinet qui r\u00e9unit les \u00e9tablissements de primaire et secondaire du premier degr\u00e9. Dans les \u00e9tablissements scolaires, l\u2019enseignement se fait autant en Italien qu\u2019en fran\u00e7ais.<\/p>\n\n\n\n<p>L\u2019\u00e9cole \u00e9l\u00e9mentaire comporte 11 classes allant du CP (1<sup>\u00e8re<\/sup>) au CM2 (5<sup>\u00e8me<\/sup>). 22 enseignants r\u00e9partis sur les 5 niveaux, en plus des enseignants de soutien, qui aident les enfants en situation de handicap. Les enseignants se partagent les mati\u00e8res et suivent les \u00e9l\u00e8ves tout au long de leur scolarit\u00e9 du CP jusqu\u2019au CM2.<\/p>\n\n\n\n<p>La loi sur l\u2019inclusion des enfants en situation de handicap permet, depuis 1977, \u00e0 tous les enfants quel que soit leur handicap, d\u2019\u00eatre int\u00e9gr\u00e9s dans les classes normales avec l\u2019aide d\u2019enseignants sp\u00e9cialis\u00e9s. Cette \u00e9cole, situ\u00e9e dans une r\u00e9gion au statut particulier, est un cas exceptionnel du point de vue l\u2019int\u00e9gration. C\u2019est l\u2019un des aspects qui a rendu ce stage particuli\u00e8rement enrichissant.<\/p>\n\n\n\n<p>Les professeurs sont tr\u00e8s accueillants et ont \u00e9t\u00e9 tr\u00e8s enthousiastes \u00e0 l\u2019id\u00e9e de nous recevoir dans leurs classes et nous tous permis d\u2019enseigner diff\u00e9rentes mati\u00e8res dans leur classe tout au long du stage.<\/p>\n\n\n\n<div style=\"margin-bottom: 5px;\">&nbsp;<\/div>\n\n\n\n<h2 class=\"wp-block-heading\">AOSTE, <\/h2>\n\n\n\n<p><em>(retour d&rsquo;exp\u00e9rience, f\u00e9vrier 2012)<\/em><\/p>\n\n\n\n<p>Nous venons vous parler de notre stage de second semestre de Master 1. Tout d\u2019abord on vous pr\u00e9sentera la ville dans laquelle nous avons effectu\u00e9 le stage, puis l\u2019\u00e9cole et enfin nous vous donnerons certaines informations int\u00e9ressantes pour votre stage.<\/p>\n\n\n\n<p>La vall\u00e9e d\u2019Aoste a une particularit\u00e9 linguistique, en effet elle est bilingue. Il est donc assez simple de discuter avec les locaux. La ville regorge de nombreux endroit \u00e0 visiter. Il faut cependant vous signaler que la plupart des monuments sont seulement \u00e0 observer. Malgr\u00e9 tout, nous vous recommandons&nbsp; d\u2019aller visiter le mus\u00e9e arch\u00e9ologique de Aoste, dans celui-ci est retracer tout l\u2019histoire de la vall\u00e9e du pal\u00e9olithique&nbsp; \u00e0 la fin de l\u2019empire romain. On vous recommande \u00e9galement le forum et le th\u00e9\u00e2tre romain (sous la neige c\u2019\u00e9tait assez sympathique). A Aoste se d\u00e9roule une grande foire, LA FOIRE SAINTE OURS. Lors de celle-ci les artisans du bois et de tissus et autres mati\u00e8res premi\u00e8res se rassemblent pour montrer leur travail. Cette foire est tr\u00e8s conviviale et tr\u00e8s agr\u00e9able. De plus pour les amateurs de ski alpin, il est important de vous signaler qu\u2019une station de ski est tr\u00e8s proche d\u2019Aoste. En effet apr\u00e8s 20 minute de bus et 20 minutes de t\u00e9l\u00e9si\u00e8ge on se retrouve a 2000 m\u00e8tres d\u2019altitude dans la station de PILA. (Les forfaits sont \u00e0 40 euros la journ\u00e9e et la location de ski \u00e0 25 euros).<\/p>\n\n\n\n<p>En ce qui concerne l\u2019\u00e9cole, il est important de signaler que la maternelle et le primaire ne sont pas du tout au m\u00eame \u00e9tage, ainsi les enfants du primaires ne sont pas en contact avec ceux de la maternelle. Mais on a la possibilit\u00e9 de voir tout les niveaux de la petite section \u00e0 la troisi\u00e8me (bien s\u00fbr les appellations sont diff\u00e9rentes l\u00e0 bas). L\u2019encadrement n\u2019est pas du tout le m\u00eame qu\u2019en France&nbsp;: les enfants sont dans la m\u00eame classe du CP au CM2 et garde ainsi les m\u00eames professeurs. Dans l\u2019\u00e9cole il y a deux classes de 24 \u00e9l\u00e8ves maximum par niveau. Pour chaque niveau l\u2019\u00e9quipe \u00e9ducative est compos\u00e9e de quatre enseignants et si besoin est d\u2019AVS, de professeurs sp\u00e9cialis\u00e9s. Ainsi les enfants sont tr\u00e8s entour\u00e9s. En ce qui concerne la dispense de cours, les enseignants sont tr\u00e8s ouverts en ce qui concerne le contenu des s\u00e9ances et les mati\u00e8res en effet les enfants doivent avoir autant d\u2019heure de cours en fran\u00e7ais qu\u2019en italien. Les professeurs sont ravis de nous accueillir d\u2019abord car c\u2019est un plus pour les \u00e9l\u00e8ves d\u2019\u00eatre confront\u00e9s \u00e0 l\u2019accent fran\u00e7ais mais aussi pour qu\u2019ils apprennent la bonne prononciation des mots. Ce qui est important de signaler c\u2019est que la directrice de l\u2019\u00e9cole ne se trouve dans l\u2019\u00e9cole primaire mais dans l\u2019\u00e9cole secondaire. Ainsi m\u00eame si elle est joignable, il est plus facile de se renseigner aupr\u00e8s des enseignants.&nbsp; Mais nous tenons \u00e0 souligner que nous avons \u00e9t\u00e9 tr\u00e8s chaleureusement accueillis dans cette \u00e9cole.<\/p>\n\n\n\n<p>Pour les trucs et astuces&nbsp;: pour le logement il faut contacter la directrice qui a un ami qui fait un appartement \u00e0 pas trop cher. Aussi il ne faut pas oublier d\u2019emmener des draps. En ce qui concerne votre valise, il faut qu\u2019on vous dise que les temp\u00e9ratures sont relativement toujours en dessous de z\u00e9ro alors les gros pulls et la doudoune sont les bienvenus. Nous avons fait le choix de prendre le train jusqu\u2019\u00e0 Turin. En revanche, les billets de Turin \u00e0 Aoste sont \u00e0 acheter sur place (7.50 euros). Pour ce qui est des courses, il y a un super march\u00e9 qui vend que des produits de la Vall\u00e9e d\u2019Aoste autant vous dire que la vie est plus ch\u00e8re que chez nous cependant plus loin mais il faut prendre le bus (30 minutes peut \u00eatre plus) il y a un carrefour o\u00f9 les prix ressemblent aux notre.<\/p>\n\n\n\n<p>Pour ce qui est du repas du midi si vous acceptez de surveiller les enfants durant la pause celui-ci vous est offert pas la commune.<\/p>\n\n\n\n<p>Aussi il n\u2019y a pas internet \u00e0 l\u2019appartement, l\u2019\u00e9cole laisse disponible la salle informatique, il y a \u00e9galement sur la grande place dans le centre un bar qui permet de se connecter en WIFI. Le bar est d\u00e9cor\u00e9 d\u2019une t\u00e9l\u00e9cabine rouge, mais nous ne souvenons pas du nom d\u00e9sol\u00e9. Je pense que nous avons fait le tour. J\u2019esp\u00e8re que cette description vous aidera a faire votre choix sur la destination de votre stage. Pour plus de renseignement laissez des commentaires.<\/p>\n","protected":false},"excerpt":{"rendered":"<p>AOSTE (Retour d&rsquo;exp\u00e9rience, f\u00e9vrier 2013) Situ\u00e9 au nord-Ouest de l\u2019Italie, non loin de la fronti\u00e8re fran\u00e7ais, Aoste est le chef-lieu de la r\u00e9gion autonome du Val d\u2019Aoste. Cette petite ville de 35&nbsp;000 habitants, entour\u00e9e de sommets \u00e9lev\u00e9s de la chaine des Alpes, offre un paysage exceptionnel. La particularit\u00e9 de cette\u2026<\/p>\n<p> <a class=\"continue-reading-link\" href=\"http:\/\/blog.espe-bretagne.fr\/mobilites-internationales\/europe-centrale-2\/italie\/\"><span>Continue reading<\/span><i class=\"crycon-right-dir\"><\/i><\/a> <\/p>\n","protected":false},"author":1,"featured_media":0,"parent":69,"menu_order":0,"comment_status":"closed","ping_status":"closed","template":"","meta":{"footnotes":""},"class_list":["post-91","page","type-page","status-publish","hentry"],"_links":{"self":[{"href":"http:\/\/blog.espe-bretagne.fr\/mobilites-internationales\/wp-json\/wp\/v2\/pages\/91","targetHints":{"allow":["GET"]}}],"collection":[{"href":"http:\/\/blog.espe-bretagne.fr\/mobilites-internationales\/wp-json\/wp\/v2\/pages"}],"about":[{"href":"http:\/\/blog.espe-bretagne.fr\/mobilites-internationales\/wp-json\/wp\/v2\/types\/page"}],"author":[{"embeddable":true,"href":"http:\/\/blog.espe-bretagne.fr\/mobilites-internationales\/wp-json\/wp\/v2\/users\/1"}],"replies":[{"embeddable":true,"href":"http:\/\/blog.espe-bretagne.fr\/mobilites-internationales\/wp-json\/wp\/v2\/comments?post=91"}],"version-history":[{"count":14,"href":"http:\/\/blog.espe-bretagne.fr\/mobilites-internationales\/wp-json\/wp\/v2\/pages\/91\/revisions"}],"predecessor-version":[{"id":1462,"href":"http:\/\/blog.espe-bretagne.fr\/mobilites-internationales\/wp-json\/wp\/v2\/pages\/91\/revisions\/1462"}],"up":[{"embeddable":true,"href":"http:\/\/blog.espe-bretagne.fr\/mobilites-internationales\/wp-json\/wp\/v2\/pages\/69"}],"wp:attachment":[{"href":"http:\/\/blog.espe-bretagne.fr\/mobilites-internationales\/wp-json\/wp\/v2\/media?parent=91"}],"curies":[{"name":"wp","href":"https:\/\/api.w.org\/{rel}","templated":true}]}}