{"id":902,"date":"2013-04-19T07:20:26","date_gmt":"2013-04-19T07:20:26","guid":{"rendered":"http:\/\/python.bretagne.iufm.fr\/mobilites-etudiantes-international\/"},"modified":"2022-12-19T07:38:37","modified_gmt":"2022-12-19T07:38:37","slug":"lituanie","status":"publish","type":"page","link":"http:\/\/blog.espe-bretagne.fr\/mobilites-internationales\/europe-centrale-2\/lituanie\/","title":{"rendered":"Lituanie"},"content":{"rendered":"\n<h2 class=\"wp-block-heading\">Vilnius &#8211; Ecole Jono Basanaviciaus progiminzaija<\/h2>\n\n\n\n<p><em>(pr\u00e9sentation issue d&rsquo;un retour d&rsquo;exp\u00e9rience &#8211; janvier 2019)<\/em><\/p>\n\n\n\n<figure class=\"wp-block-image size-large\"><a href=\"http:\/\/blog.espe-bretagne.fr\/mobilites-internationales\/wp-content\/uploads\/vilnius-progynmnaisum.jpg\"><img loading=\"lazy\" decoding=\"async\" width=\"1024\" height=\"683\" src=\"http:\/\/blog.espe-bretagne.fr\/mobilites-internationales\/wp-content\/uploads\/vilnius-progynmnaisum-1024x683.jpg\" alt=\"\" class=\"wp-image-1317\" srcset=\"http:\/\/blog.espe-bretagne.fr\/mobilites-internationales\/wp-content\/uploads\/vilnius-progynmnaisum-1024x683.jpg 1024w, http:\/\/blog.espe-bretagne.fr\/mobilites-internationales\/wp-content\/uploads\/vilnius-progynmnaisum-300x200.jpg 300w, http:\/\/blog.espe-bretagne.fr\/mobilites-internationales\/wp-content\/uploads\/vilnius-progynmnaisum-768x512.jpg 768w, http:\/\/blog.espe-bretagne.fr\/mobilites-internationales\/wp-content\/uploads\/vilnius-progynmnaisum-1536x1024.jpg 1536w, http:\/\/blog.espe-bretagne.fr\/mobilites-internationales\/wp-content\/uploads\/vilnius-progynmnaisum-2048x1366.jpg 2048w, http:\/\/blog.espe-bretagne.fr\/mobilites-internationales\/wp-content\/uploads\/vilnius-progynmnaisum-150x100.jpg 150w\" sizes=\"auto, (max-width: 1024px) 100vw, 1024px\" \/><\/a><\/figure>\n\n\n\n<p>L\u2019\u00e9cole lituanienne, appel\u00e9e \u00ab <em>progymnasium <\/em>\u00bb, compte environ 1000 \u00e9l\u00e8ves, scolaris\u00e9s de la premi\u00e8re ann\u00e9e de primaire \u00e0 partir de 6 ans, jusqu\u2019\u00e0 la huiti\u00e8me ann\u00e9e.<\/p>\n\n\n\n<p>En Lituanie, le cursus primaire dure quatre ans, les \u00e9l\u00e8ves rentrent ensuite dans le cycle de \u00ab fondement \u00bb de la cinqui\u00e8me \u00e0 la huiti\u00e8me ann\u00e9e. Puis, de 14 \u00e0 18 ans, les \u00e9l\u00e8ves \u00e9tudient au \u00ab <em>gymnasium <\/em>\u00bb. La maternelle n\u2019est pas obligatoire, et ne se trouve pas dans le m\u00eame \u00e9tablissement. La scolarisation est obligatoire et gratuite jusqu\u2019\u00e0 16 ans.<\/p>\n\n\n\n<p>Dans cette \u00e9cole, la plupart des \u00e9l\u00e8ves portent leurs uniformes en classe, un polo jaune et un gilet ou un pull bleu marine avec l\u2019\u00e9cusson de l\u2019\u00e9cole. Un enseignant principal s\u2019occupe des mati\u00e8res comme les maths, le lituanien, les sciences, etc. Pour la musique et les langues \u00e9trang\u00e8res, d\u2019autres professeurs interviennent dans la classe.<\/p>\n\n\n\n<p>Les \u00e9l\u00e8ves des premi\u00e8res ann\u00e9es restent dans leurs classes. A partir de la troisi\u00e8me ann\u00e9e, les \u00e9l\u00e8ves changent de salle, afin de les habituer au rythme des plus grands. Les langues \u00e9trang\u00e8res enseign\u00e9es dans cette \u00e9cole sont l\u2019anglais, le fran\u00e7ais et le russe.<\/p>\n\n\n\n<p>Les enseignants s\u2019appuient sur les programmes officiels, avec des objectifs \u00e0 atteindre au cours de l\u2019ann\u00e9e. Les manuels scolaires sont beaucoup utilis\u00e9s pendant le cours. Ils servent de support d\u2019enseignement, de support pour s\u2019exercer et pour apprendre. Les \u00e9l\u00e8ves ont en g\u00e9n\u00e9ral un manuel de cours, un livre d\u2019exercices o\u00f9 ils peuvent \u00e9crire dessus et un petit cahier d\u2019exercices pour noter les exercices que l\u2019enseignant donne en plus.<\/p>\n\n\n\n<p>Les \u00e9l\u00e8ves ont cours 5 jours par semaine. La journ\u00e9e commence \u00e0 8h, les cours durent 45 minutes ont une pause de 10 minutes entre chaque cours. A 11h30 et 12h45, une pause plus longue est mise en place pour le d\u00e9jeuner \u00e0 la caf\u00e9t\u00e9ria. Certaines classes sont organis\u00e9es, et tous les \u00e9l\u00e8ves vont manger en m\u00eame temps. Dans d\u2019autres classes, les enfants d\u00e9cident de l\u2019heure \u00e0 laquelle ils souhaitent manger, s\u2019ils veulent manger \u00e0 la caf\u00e9t\u00e9ria, certains ramenant leur repas en classe. Pendant les pauses, les enfants restent \u00e0 l\u2019int\u00e9rieur de la classe ou vont jouer dans les couloirs.<\/p>\n\n\n\n<p>Les cours finissent \u00e0 12h45. A 13h15, les enfants peuvent soit rentrer chez eux \u00e0 la demande des parents, soit rester \u00e0 l\u2019\u00e9cole avec des surveillants, pour faire leurs devoirs, des jeux ou du bricolage. Certains ont des activit\u00e9s pr\u00e9vues comme la peinture, la danse ou cours de cuisine.<\/p>\n\n\n\n<p>La journ\u00e9e se termine \u00e0 18h.<\/p>\n\n\n\n<hr class=\"wp-block-separator has-alpha-channel-opacity\"\/>\n\n\n\n<h2 class=\"wp-block-heading\">Kaunas &#8211; \u00e9cole primaire<\/h2>\n\n\n\n<p><em>(retour d&rsquo;exp\u00e9rience &#8211; 2019)<\/em><\/p>\n\n\n<p>Nous avons effectu\u00e9 notre stage \u00e0 Kaunas, en Lituanie. Nous \u00e9tions sur deux \u00e9tablissements diff\u00e9rents, un centre qui accueille des enfants autistes et une \u00e9cole primaire.<\/p>\n<p>Le centre pour autiste est le seul du pays. Il accueille 42 enfants de 3 \u00e0 12 ans. Il propose plusieurs th\u00e9rapies pour d\u00e9velopper les aptitudes et la communication des enfants. Nous avons pu observer diff\u00e9rentes th\u00e9rapies\u00a0: th\u00e9rapie des sens, th\u00e9rapie par le jeux, motricit\u00e9, massages&#8230;<\/p>\n<p>Nous avons eu l&rsquo;occasion de faire une pr\u00e9sentation de la France et du syst\u00e8me \u00e9ducatif fran\u00e7ais aux adultes intervenants dans le centre. Le psychologue de l&rsquo;\u00e9tablissement nous accompagnait tout au long de la journ\u00e9e et nous traduisait en anglais ce qui \u00e9tait dit.<\/p>\n<p>L&rsquo;\u00e9cole \u00e9tait une \u00e9cole particuli\u00e8re. En effet, les parents devaient adh\u00e9rer moyennant finance \u00e0 l&rsquo;association de l&rsquo;\u00e9cole. Les \u00e9l\u00e8ves \u00e9taient donc des privil\u00e9gi\u00e9s. Ce financement sp\u00e9cifique permet \u00e0 l&rsquo;\u00e9cole d&rsquo;engager des intervenants ext\u00e9rieurs sp\u00e9cialis\u00e9s dans certains domaines\u00a0: musique, religion, art, sport&#8230; Il permet aussi d&rsquo;avoir des \u00e9quipements sophistiqu\u00e9s (TBI) et des salles de classes spacieuses et bien \u00e9quip\u00e9es ainsi que des salles de classe d\u00e9di\u00e9es \u00e0 certains apprentissages (anglais, art). Les cours commencent \u00e0 8h30 et finissent \u00e0 13h30, du lundi au vendredi. Dans cette \u00e9cole, des activit\u00e9s extrascolaires sont mises en place apr\u00e8s les cours. Elles ne sont pas obligatoires mais la majorit\u00e9 des \u00e9l\u00e8ves y assistent. Une autre sp\u00e9cificit\u00e9 de l&rsquo;\u00e9cole est l&rsquo;assembl\u00e9e du vendredi matin avant le d\u00e9but des cours r\u00e9unissant tous les \u00e9l\u00e8ves, les parents et les professeurs. Lors de cette r\u00e9union, la directrice fait un bilan de la semaine et des actions men\u00e9es. Il nous a plus \u00e9t\u00e9 donn\u00e9 d&rsquo;observer que de pratiquer.<\/p>\n<p>Centre pour autistes\u00a0: http:\/\/www.kvac.lt\/lt\/konsultacinis-centras<\/p>\n<p>\u00c9cole\u00a0: http:\/\/www.panemune.kaunas.lm.lt\/<\/p>\n<p><a href=\"http:\/\/blog.espe-bretagne.fr\/mobilites-internationales\/wp-content\/uploads\/lituanie.bmp\"><img decoding=\"async\" class=\"alignnone size-full wp-image-904\" title=\"lituanie\" src=\"http:\/\/blog.espe-bretagne.fr\/mobilites-internationales\/wp-content\/uploads\/lituanie.bmp\" alt=\"\" \/><\/a><\/p>\n<p>Conseils pratiques\u00a0:<br \/>Pour se rendre \u00e0 Kaunas, nous avons pris un vol RyanAir \u00e0 destination de Vilnius au d\u00e9part de Beauvais. Pour cela, la veille du d\u00e9part, nous avons pris un h\u00f4tel sur Beauvais, le matin du d\u00e9part nous avons pris une navette en direction de l&rsquo;a\u00e9roport (4\u20ac). Arriv\u00e9es \u00e0 Vilnius, il faut retirer de l&rsquo;argent (Litas) car il est impossible d&rsquo;\u00e9changer en France les euros en litas. Il est pr\u00e9f\u00e9rable d&rsquo;avoir des euros en liquide et de les changer en litas au guichet car la navette pour rejoindre le centre de Vilnius, n&rsquo;accepte pas les billets sup\u00e9rieurs \u00e0 10 Lt). Nous vous conseillons de prendre la navette express plut\u00f4t que le bus (bus n\u00b01) car pour 0,50 Lt de plus, le temps de trajet est divis\u00e9 par 2. Arriv\u00e9es \u00e0 la gare routi\u00e8re de Vilnius (Autobus stotis), nous avons pris le bus pour rejoindre Kaunas, le trajet dure environ 1h30 et co\u00fbte 20 Lt. Ieva, notre contact lituanien est venue nous chercher \u00e0 la gare routi\u00e8re de Kaunas et nous a accompagn\u00e9es \u00e0 notre h\u00f4tel. Notre h\u00f4tel (hostellux) \u00e9tait tr\u00e8s bien situ\u00e9 car dans une rue principale : Laisves Aleja, proche de toutes commodit\u00e9s (Accropolis, supermarch\u00e9, bus&#8230;) (211\u20ac pour 18 nuits). Cependant, il est \u00e0 prendre en compte que bien que l&rsquo;h\u00f4tel soit \u00e9quip\u00e9e d&rsquo;une cuisine, il n&rsquo;y avait qu&rsquo;un frigo, une bouilloire et un grille pain. Il y a une autre solution, dans les m\u00eames prix, la guesthouse de l&rsquo;universit\u00e9 (KTU), elle est un peu plus excentr\u00e9e du centre, mais est situ\u00e9e pr\u00e8s d&rsquo;un grand centre commercial (Molas) et proche des cit\u00e9s universitaires (dormitory), o\u00f9 vous pourrez rencontrer d&rsquo;autres \u00e9tudiants.<br \/>Pour nos deux semaines de stage, nous n&rsquo;avons pas eu de grosses p\u00e9riode de froid et de neige compar\u00e9 aux normales saisonni\u00e8res. Il est important de pr\u00e9voir des chaussures ne craignant pas l&rsquo;eau, des gants, des v\u00eatements chauds. Si vous pr\u00e9voyez de sortir, n&rsquo;oubliez pas des v\u00eatements \u00ab\u00a0normaux\u00a0\u00bb autres que polaires et boots.<br \/>Le co\u00fbt de la vie en Lituanie est bas par rapport \u00e0 la France : th\u00e9 : 4 lt, hesburger : 8 Lt, restaurant : 20 Lt.. Nous avons \u00e0 peu pr\u00e8s d\u00e9pens\u00e9 200\u20ac pour la nourriture, le trajets sur place, quelques sorties..<br \/>Pour le retour, nous vous conseillons de prendre une nuit d&rsquo;h\u00f4tel \u00e0 l&rsquo;a\u00e9roport de Vilnius (AirInn), ce qui permet de diminuer la dur\u00e9e du trajet du retour (55\u20ac pour 2).<\/p>","protected":false},"excerpt":{"rendered":"<p>Vilnius &#8211; Ecole Jono Basanaviciaus progiminzaija (pr\u00e9sentation issue d&rsquo;un retour d&rsquo;exp\u00e9rience &#8211; janvier 2019) L\u2019\u00e9cole lituanienne, appel\u00e9e \u00ab progymnasium \u00bb, compte environ 1000 \u00e9l\u00e8ves, scolaris\u00e9s de la premi\u00e8re ann\u00e9e de primaire \u00e0 partir de 6 ans, jusqu\u2019\u00e0 la huiti\u00e8me ann\u00e9e. En Lituanie, le cursus primaire dure quatre ans, les \u00e9l\u00e8ves\u2026<\/p>\n<p> <a class=\"continue-reading-link\" href=\"http:\/\/blog.espe-bretagne.fr\/mobilites-internationales\/europe-centrale-2\/lituanie\/\"><span>Continue reading<\/span><i class=\"crycon-right-dir\"><\/i><\/a> <\/p>\n","protected":false},"author":1,"featured_media":0,"parent":69,"menu_order":0,"comment_status":"closed","ping_status":"closed","template":"","meta":{"footnotes":""},"class_list":["post-902","page","type-page","status-publish","hentry"],"_links":{"self":[{"href":"http:\/\/blog.espe-bretagne.fr\/mobilites-internationales\/wp-json\/wp\/v2\/pages\/902","targetHints":{"allow":["GET"]}}],"collection":[{"href":"http:\/\/blog.espe-bretagne.fr\/mobilites-internationales\/wp-json\/wp\/v2\/pages"}],"about":[{"href":"http:\/\/blog.espe-bretagne.fr\/mobilites-internationales\/wp-json\/wp\/v2\/types\/page"}],"author":[{"embeddable":true,"href":"http:\/\/blog.espe-bretagne.fr\/mobilites-internationales\/wp-json\/wp\/v2\/users\/1"}],"replies":[{"embeddable":true,"href":"http:\/\/blog.espe-bretagne.fr\/mobilites-internationales\/wp-json\/wp\/v2\/comments?post=902"}],"version-history":[{"count":8,"href":"http:\/\/blog.espe-bretagne.fr\/mobilites-internationales\/wp-json\/wp\/v2\/pages\/902\/revisions"}],"predecessor-version":[{"id":1435,"href":"http:\/\/blog.espe-bretagne.fr\/mobilites-internationales\/wp-json\/wp\/v2\/pages\/902\/revisions\/1435"}],"up":[{"embeddable":true,"href":"http:\/\/blog.espe-bretagne.fr\/mobilites-internationales\/wp-json\/wp\/v2\/pages\/69"}],"wp:attachment":[{"href":"http:\/\/blog.espe-bretagne.fr\/mobilites-internationales\/wp-json\/wp\/v2\/media?parent=902"}],"curies":[{"name":"wp","href":"https:\/\/api.w.org\/{rel}","templated":true}]}}