{"id":88,"date":"2011-12-14T09:49:03","date_gmt":"2011-12-14T09:49:03","guid":{"rendered":"http:\/\/python.bretagne.iufm.fr\/mobilites-etudiantes-international\/?page_id=88"},"modified":"2022-12-19T07:37:40","modified_gmt":"2022-12-19T07:37:40","slug":"espagne","status":"publish","type":"page","link":"http:\/\/blog.espe-bretagne.fr\/mobilites-internationales\/europe-centrale-2\/espagne\/","title":{"rendered":"Espagne"},"content":{"rendered":"\n<h2 class=\"wp-block-heading\">Cordoue<\/h2>\n\n\n\n<p><em>(retour d&rsquo;exp\u00e9rience &#8211; 2019)<\/em><\/p>\n\n\n\n<p><\/p>\n\n\n\n<div class=\"wp-block-media-text alignwide is-stacked-on-mobile\" style=\"grid-template-columns:21% auto\"><figure class=\"wp-block-media-text__media\"><img loading=\"lazy\" decoding=\"async\" width=\"477\" height=\"638\" src=\"http:\/\/blog.espe-bretagne.fr\/mobilites-internationales\/wp-content\/uploads\/photo1.png\" alt=\"\" class=\"wp-image-1296 size-full\" srcset=\"http:\/\/blog.espe-bretagne.fr\/mobilites-internationales\/wp-content\/uploads\/photo1.png 477w, http:\/\/blog.espe-bretagne.fr\/mobilites-internationales\/wp-content\/uploads\/photo1-224x300.png 224w, http:\/\/blog.espe-bretagne.fr\/mobilites-internationales\/wp-content\/uploads\/photo1-112x150.png 112w\" sizes=\"auto, (max-width: 477px) 100vw, 477px\" \/><\/figure><div class=\"wp-block-media-text__content\">\n<p class=\"has-text-align-left\">J&rsquo;ai fait mon stage au Mediterranean Colegio publico de C\u00f3rdoba. <\/p>\n\n\n\n<p>Situ\u00e9 \u00e0 c\u00f4t\u00e9 des montagnes, Cordoue est une ville magnifique, tranquille et ensoleill\u00e9e, j&rsquo;en suis presque tomb\u00e9e amoureuse. Ses habitants sont \u00e9galement tr\u00e8s accueillants !<br>J&rsquo;ai pris mon logement dans le centre ville, un centre ville tr\u00e8s beau, avec ses ruelles et ses patios charmants, tout cela dans un m\u00e9lange architectural arabe-espagnol. <\/p>\n<\/div><\/div>\n\n\n\n<p><\/p>\n\n\n\n<p><\/p>\n\n\n\n<p>J&rsquo;ai \u00e9t\u00e9 accueilli par Adolfo, mon tuteur. Gr\u00e2ce \u00e0 lui, d\u00e8s le premier jour j&rsquo;ai \u00e9t\u00e9 mise dans le bain et j&rsquo;ai pratiqu\u00e9 tout au long de mon stage. J\u2019ai \u00e9galement pu faire toutes les s\u00e9ances que je souhaitais.<\/p>\n\n\n\n<p>Le syst\u00e8me \u00e9ducatif espagnol est diff\u00e9rent de celui de la France. En effet, d\u00e8s le primaire, chaque discipline est desservie par un enseignant. Pour ma part, mon tuteur \u00e9tait professeur de fran\u00e7ais (il<br>parlait d&rsquo;ailleurs tr\u00e8s bien fran\u00e7ais). Par cons\u00e9quent, j&rsquo;ai fait uniquement des cours de fran\u00e7ais du cycle 2 au cycle 3. Cependant, j&rsquo;ai pu assister \u00e0 d&rsquo;autres cours dans d&rsquo;autres disciplines et j&rsquo;ai pu faire mes s\u00e9ances en arts plastiques dans la classe de fran\u00e7ais avec mon tuteur sans probl\u00e8me.<br>En conclusion, mes trois semaines de stage se sont super bien pass\u00e9es ! C&rsquo;\u00e9tait une exp\u00e9rience<br>extraordinaire, avec des \u00e9l\u00e8ves, un tuteur et une ville auxquels je me suis beaucoup attach\u00e9e.<\/p>\n\n\n\n<hr class=\"wp-block-separator has-alpha-channel-opacity\"\/>\n\n\n\n<h2 class=\"wp-block-heading\">Ecole locale Madrid<\/h2>\n\n\n<div class=\"wp-block-image\">\n<figure class=\"aligncenter size-large is-resized\"><a href=\"http:\/\/blog.espe-bretagne.fr\/mobilites-internationales\/wp-content\/uploads\/Ciudad-de-Columbia-Madrid-scaled.jpg\"><img loading=\"lazy\" decoding=\"async\" src=\"http:\/\/blog.espe-bretagne.fr\/mobilites-internationales\/wp-content\/uploads\/Ciudad-de-Columbia-Madrid-1024x683.jpg\" alt=\"\" class=\"wp-image-1479\" width=\"422\" height=\"281\" srcset=\"http:\/\/blog.espe-bretagne.fr\/mobilites-internationales\/wp-content\/uploads\/Ciudad-de-Columbia-Madrid-1024x683.jpg 1024w, http:\/\/blog.espe-bretagne.fr\/mobilites-internationales\/wp-content\/uploads\/Ciudad-de-Columbia-Madrid-300x200.jpg 300w, http:\/\/blog.espe-bretagne.fr\/mobilites-internationales\/wp-content\/uploads\/Ciudad-de-Columbia-Madrid-768x512.jpg 768w, http:\/\/blog.espe-bretagne.fr\/mobilites-internationales\/wp-content\/uploads\/Ciudad-de-Columbia-Madrid-1536x1024.jpg 1536w, http:\/\/blog.espe-bretagne.fr\/mobilites-internationales\/wp-content\/uploads\/Ciudad-de-Columbia-Madrid-2048x1365.jpg 2048w, http:\/\/blog.espe-bretagne.fr\/mobilites-internationales\/wp-content\/uploads\/Ciudad-de-Columbia-Madrid-150x100.jpg 150w\" sizes=\"auto, (max-width: 422px) 100vw, 422px\" \/><\/a><\/figure>\n<\/div>\n\n\n<p>Le CEIP Ciudad de Columbia est une \u00e9cole bilingue, situ\u00e9e dans la banlieue de Madrid.<\/p>\n\n\n\n<p>Les \u00e9l\u00e8ves commencent \u00e0 apprendre l&rsquo;anglais d\u00e8s l&rsquo;\u00e9cole maternelle et travaillent en anglais 3 sessions en premi\u00e8re ann\u00e9e de primaire (3 ans), 4 en deuxi\u00e8me ann\u00e9e de primaire (4 ans) et 5 en troisi\u00e8me ann\u00e9e de primaire (5 ans).<\/p>\n\n\n\n<p>\u00c0 partir de la premi\u00e8re ann\u00e9e, le co-enseignement est organis\u00e9 de mani\u00e8re \u00e0 ce que les deux groupes d&rsquo;un m\u00eame niveau travaillent avec les m\u00eames enseignants : le sp\u00e9cialiste du primaire enseigne la langue espagnole, les math\u00e9matiques et l&rsquo;alternative \u00e0 la religion et le sp\u00e9cialiste de l&rsquo;anglais enseigne l&rsquo;anglais, les sciences et les arts et m\u00e9tiers. Ils re\u00e7oivent \u00e9galement des cours de musique, d&rsquo;\u00e9ducation physique et de religion (cette derni\u00e8re pour ceux qui en ont fait la demande).<\/p>\n\n\n\n<p>Les \u00e9l\u00e8ves re\u00e7oivent des cours quotidiens d&rsquo;anglais, d&rsquo;espagnol et de math\u00e9matiques.<\/p>\n\n\n\n<p>Trois assistants linguistiques am\u00e9ricains et britanniques compl\u00e8tent l&rsquo;\u00e9quipe p\u00e9dagogique. L&rsquo;\u00e9cole est jumel\u00e9e avec une \u00e9cole britannique.<\/p>\n\n\n\n<hr class=\"wp-block-separator has-alpha-channel-opacity\"\/>\n\n\n<h2 style=\"text-align: justify;\">CORDOBA, F\u00e9vrier 2012<\/h2>\n<p style=\"text-align: justify;\"><strong><a href=\"http:\/\/blog.espe-bretagne.fr\/mobilites-internationales\/wp-content\/uploads\/powerpoint-pr\u00e9sentation23.pdf\">powerpoint pr\u00e9sentation2<\/a><br \/><\/strong><\/p>\n<p style=\"text-align: justify;\">L&rsquo;\u00e9cole maternelle et \u00e9l\u00e9mentaire de Ciudad Jard\u00edn est situ\u00e9e dans la nouvelle partie de la ville de Cordoue. Elle est constitu\u00e9e de neuf niveaux avec une moyenne de vingt-cinq \u00e9l\u00e8ves par classe. Les niveaux sont les suivants\u00a0: trois classes de maternelle (de 3 \u00e0 5 ans), et six niveaux d&rsquo;\u00e9l\u00e9mentaire (de la premi\u00e8re, correspondant au CP en France, \u00e0 la sixi\u00e8me, \u00e9quivalent de notre sixi\u00e8me fran\u00e7aise). Il y a cependant deux classes de cinqui\u00e8me (CM2). Enfin, l&rsquo;\u00e9cole propose une classe dite sp\u00e9cifique qui accueille actuellement quatre \u00e9l\u00e8ves en situation de handicap (moteurs et mentaux).<\/p>\n<p style=\"text-align: justify;\">Les \u00e9l\u00e8ves ont cours du lundi au vendredi, de 9h \u00e0 14h. Ils ont droit \u00e0 une demi-heure de r\u00e9cr\u00e9ation \u00e0 12h. Les cours durent quarante-cinq minutes. Chaque classe a un ma\u00eetre r\u00e9f\u00e9rent, appel\u00e9 tuteur. Ce professeur enseigne les math\u00e9matiques, la langue et les sciences aux \u00e9l\u00e8ves de sa classe, mais il peut aussi intervenir dans d&rsquo;autres niveaux. Les \u00e9l\u00e8ves ont des cours de fran\u00e7ais et d&rsquo;anglais d\u00e8s la premi\u00e8re ann\u00e9e de maternelle.<\/p>\n<p style=\"text-align: justify;\"><strong>Pr\u00e9sentation des activit\u00e9s men\u00e9es<\/strong><\/p>\n<p style=\"text-align: justify;\">Dans l&rsquo;ensemble, nous avons pu r\u00e9aliser les s\u00e9ances pr\u00e9par\u00e9es avant le stage, en s&rsquo;adaptant toutefois au niveau que nous avions.<\/p>\n<p style=\"text-align: justify;\">L&rsquo;une d&rsquo;entre nous a r\u00e9alis\u00e9 une s\u00e9quence en math\u00e9matiques et une autre en langue espagnole avec un niveau de CE1. La s\u00e9quence de math\u00e9matiques portait principalement sur la reconnaissance de figures planes, particuli\u00e8rement les triangles et les quadrilat\u00e8res simples (carr\u00e9, rectangle). Elle a consist\u00e9 en trois s\u00e9ances d&rsquo;exercices en interaction avec les \u00e9l\u00e8ves et une quatri\u00e8me durant laquelle une \u00e9valuation a \u00e9t\u00e9 propos\u00e9e aux \u00e9l\u00e8ves.<\/p>\n<p style=\"text-align: justify;\">La s\u00e9quence de langue espagnole a port\u00e9 sur les crit\u00e8res de classement des contes. Dans cet objectif, les \u00e9l\u00e8ves ont \u00e9tudi\u00e9 un conte fran\u00e7ais (en espagnol !) faisant r\u00e9f\u00e9rence \u00e0 de multiples contes appartenant au patrimoine europ\u00e9en. Ils ont ensuite \u00e9labor\u00e9 un classement sur les diff\u00e9rents types de contes. Durant la quatri\u00e8me et derni\u00e8re s\u00e9ance, un travail d&rsquo;\u00e9criture a \u00e9t\u00e9 propos\u00e9 aux \u00e9l\u00e8ves\u00a0: ces derniers devaient r\u00e9diger trois phrases mettant en situation des personnages de conte, personnages au pr\u00e9alable imagin\u00e9s par toute la classe. Une fois ces phrases valid\u00e9es, une compilation a \u00e9t\u00e9 effectu\u00e9e, cr\u00e9ant ainsi un conte collectif, distribu\u00e9 le dernier jour.<\/p>\n<p style=\"text-align: justify;\">En outre, les \u00e9l\u00e8ves ont pu d\u00e9couvrir les paysages, monuments et sp\u00e9cialit\u00e9s fran\u00e7aises gr\u00e2ce \u00e0 un diaporama r\u00e9alis\u00e9 en France.<\/p>\n<p style=\"text-align: justify;\">Enfin, les s\u00e9ances men\u00e9es par l&rsquo;autre ont \u00e9t\u00e9 des interventions en fran\u00e7ais dans tous les niveaux sur des th\u00e9matiques comme le mat\u00e9riel scolaire, les animaux, pour leur faire apprendre du lexique souvent par l&rsquo;interaction, sous forme de jeux ou encore en chansons. Les \u00e9l\u00e8ves de niveau CM2 ont pu d\u00e9couvrir la culture fran\u00e7aise gr\u00e2ce \u00e0 la pr\u00e9sentation de diaporamas sous forme de questions\/r\u00e9ponses, mais aussi par l&rsquo;usage de supports authentiques (cartes postales, recettes, calendrier&#8230;). La recette d&rsquo;une sp\u00e9cialit\u00e9 bretonne (les kouigns) a permis de travailler avec eux l&rsquo;imp\u00e9ratif.<\/p>\n<p style=\"text-align: justify;\">D&rsquo;autre part, deux s\u00e9ances ont \u00e9t\u00e9 organis\u00e9es en langue espagnole sur les caract\u00e9ristiques et la structure d&rsquo;un conte (<em>Les f\u00e9es<\/em> de Charles Perrault), attach\u00e9 \u00e0 la culture des deux pays mais ayant des versions diff\u00e9rentes. Apr\u00e8s avoir travaill\u00e9 la compr\u00e9hension de l&rsquo;histoire et de la morale du conte, les \u00e9l\u00e8ves ont du rep\u00e9rer sa structure, puis \u00e0 partir d&rsquo;elle inventer leur propre conte. Nous avons \u00e9voqu\u00e9 \u00e0 la fin de la deuxi\u00e8me s\u00e9ance la parodie et les \u00e9l\u00e8ves ont transform\u00e9 une des phrases du conte pour le parodier. Par ailleurs, une s\u00e9ance en math\u00e9matiques (en espagnol) a \u00e9t\u00e9 effectu\u00e9e sur la m\u00e9thode de la division des nombres d\u00e9cimaux par 10, 100, 1000.<\/p>\n<p style=\"text-align: justify;\"><strong>Conseils pratiques<\/strong><\/p>\n<p style=\"text-align: justify;\"><span style=\"text-decoration: underline;\"><strong>Transport\u00a0: <\/strong><\/span><\/p>\n<ul style=\"text-align: justify;\">\n<li>Avion (compagnie Air France)\u00a0: Brest-Paris (1h20) puis Paris-Madrid (2h)<\/li>\n<li>Train (RENFE)\u00a0: Madrid-C\u00f3rdoba (2h)<\/li>\n<li>Train (RENFE)\u00a0: C\u00f3rdoba-Madrid (2h)<\/li>\n<li>Avion (compagnie Air France)\u00a0: Madrid-Paris (2h) puis Paris-Brest (1h10)<\/li>\n<\/ul>\n<p style=\"text-align: justify;\">Co\u00fbt des billets d&rsquo;avion\u00a0: 350\u20ac environ<\/p>\n<p style=\"text-align: justify;\">Co\u00fbt des billets de train\u00a0: 98\u20ac environ<\/p>\n<p style=\"text-align: justify;\">Nous avons d\u00e9cid\u00e9 de ne pas utiliser les transports en commun pour faire le trajet gare \u2013 h\u00f4tel. Le trajet est agr\u00e9able, on peut passer par les Jardins de l&rsquo;Agriculture (un parc le long d&rsquo;une grande rue). Pr\u00e9voir 20 minutes de trajet en marche rapide (ce que nous vous d\u00e9conseillons!).<\/p>\n<p style=\"text-align: justify;\">Nous n&rsquo;avons pas non plus utilis\u00e9 de transport pour aller de l&rsquo;h\u00f4tel \u00e0 l&rsquo;\u00e9cole car cette derni\u00e8re est situ\u00e9e \u00e0 un quart d&rsquo;heure de marche, ce qui permet de profiter de l&rsquo;ambiance citadine espagnole.<\/p>\n<p style=\"text-align: justify;\"><span style=\"text-decoration: underline;\"><strong>Logement\u00a0:<\/strong><\/span><\/p>\n<p style=\"text-align: justify;\">Nous avons lou\u00e9 une chambre d&rsquo;h\u00f4tel pour deux pendant deux semaines. La chambre est compos\u00e9e de deux lits simples, une petite commode, une petite table avec deux tabourets, une armoire, une salle de bain (baignoire, WC et lavabo) et une t\u00e9l\u00e9vision. Prix pour 14 nuits\u00a0: 400\u20ac (soit 200\u20ac par personne).<\/p>\n<p style=\"text-align: justify;\">L&rsquo;h\u00f4tel Alcazar est situ\u00e9 \u00e0 5 minutes de la Mezquita-Catedral et du centre touristique de la ville. Nous avons eu un peu de mal \u00e0 le trouver, donc pensez \u00e0 pr\u00e9voir un plan. Le g\u00e9rant est tr\u00e8s accueillant et discute bien volontiers en espagnol ou en fran\u00e7ais.<\/p>\n<p style=\"text-align: justify;\">Attention\u00a0: l&rsquo;h\u00f4tel ne propose pas de service laverie. La laverie automatique la plus proche est \u00e0 5 minutes de l&rsquo;h\u00f4tel mais les horaires d&rsquo;ouverture sont tr\u00e8s restreints (de 10h \u00e0 14h, du mardi au vendredi). L&rsquo;h\u00f4tel ne propose pas non plus aux clients de b\u00e9n\u00e9ficier d&rsquo;un micro-ondes. Pr\u00e9voyez donc vos repas en cons\u00e9quence (repas froids ou sorties au restaurant). En revanche, l&rsquo;h\u00f4tel propose des boissons chaudes et des viennoiseries pour le petit d\u00e9jeuner.<\/p>\n<p style=\"text-align: justify;\"><em>Hostal Alcazar\u00a0:<\/em> Calle San Basilio, 2, C\u00f3rdoba \u2013 (+34) 957 20 25 61<\/p>\n<p style=\"text-align: justify;\"><span style=\"text-decoration: underline;\"><strong>Alimentation\u00a0:<\/strong><\/span><\/p>\n<p style=\"text-align: justify;\">Pour ce qui est des courses, il y a une sup\u00e9rette \u00e0 5 minutes de l&rsquo;h\u00f4tel qui reste ouvert jusqu&rsquo;\u00e0 21h30. On y trouve tout ce dont on a besoin, except\u00e9 des sandwiches d\u00e9j\u00e0 pr\u00e9par\u00e9s.<\/p>\n<p style=\"text-align: justify;\">Dans le centre touristique, on trouve quantit\u00e9 de petits restaurants typiques tr\u00e8s agr\u00e9ables. Pr\u00e8s de l&rsquo;\u00e9cole Ciudad Jardin, on peut trouver un Telepizza, service de restauration rapide qui propose des pizzas, p\u00e2tes et sandwiches savoureux pour pas cher, dans un cadre sympathique.<\/p>\n<p style=\"text-align: justify;\"><em>Supermercado Piedra\u00a0: <\/em>Plaza del Coraz\u00f3n de Mar\u00eda, 8, C\u00f3rdoba \u2013 (+34) 957 25 84 82<\/p>\n<p style=\"text-align: justify;\"><em>Telepizza\u00a0:<\/em> Avenida Aeropuerto, 15, C\u00f3rdoba \u2013 (+34) 957 45 63 03<\/p>\n<p style=\"text-align: justify;\"><span style=\"text-decoration: underline;\"><strong>Tourisme\u00a0: <\/strong><\/span><\/p>\n<p style=\"text-align: justify;\">A ne pas rater : la Mezquita se visite en plusieurs heures. Profitez-en le samedi et le dimanche matin : l&rsquo;entr\u00e9e est gratuite avant 10h. Le Palacio Almodovar, int\u00e9rieur et ext\u00e9rieur, est sublime. Nous recommandons \u00e9galement la Casa Sefarad, tr\u00e8s int\u00e9ressante historiquement.\u00a0<span style=\"font-size: large; color: #ffffff; font-family: ArialUnicodeMS;\"> La<\/span><\/p>\n<p style=\"text-align: justify;\"><strong> Lauriane et Katel<\/strong><\/p>","protected":false},"excerpt":{"rendered":"<p>Cordoue (retour d&rsquo;exp\u00e9rience &#8211; 2019) J&rsquo;ai fait mon stage au Mediterranean Colegio publico de C\u00f3rdoba. Situ\u00e9 \u00e0 c\u00f4t\u00e9 des montagnes, Cordoue est une ville magnifique, tranquille et ensoleill\u00e9e, j&rsquo;en suis presque tomb\u00e9e amoureuse. Ses habitants sont \u00e9galement tr\u00e8s accueillants !J&rsquo;ai pris mon logement dans le centre ville, un centre ville\u2026<\/p>\n<p> <a class=\"continue-reading-link\" href=\"http:\/\/blog.espe-bretagne.fr\/mobilites-internationales\/europe-centrale-2\/espagne\/\"><span>Continue reading<\/span><i class=\"crycon-right-dir\"><\/i><\/a> <\/p>\n","protected":false},"author":1,"featured_media":0,"parent":69,"menu_order":0,"comment_status":"closed","ping_status":"closed","template":"","meta":{"footnotes":""},"class_list":["post-88","page","type-page","status-publish","hentry"],"_links":{"self":[{"href":"http:\/\/blog.espe-bretagne.fr\/mobilites-internationales\/wp-json\/wp\/v2\/pages\/88","targetHints":{"allow":["GET"]}}],"collection":[{"href":"http:\/\/blog.espe-bretagne.fr\/mobilites-internationales\/wp-json\/wp\/v2\/pages"}],"about":[{"href":"http:\/\/blog.espe-bretagne.fr\/mobilites-internationales\/wp-json\/wp\/v2\/types\/page"}],"author":[{"embeddable":true,"href":"http:\/\/blog.espe-bretagne.fr\/mobilites-internationales\/wp-json\/wp\/v2\/users\/1"}],"replies":[{"embeddable":true,"href":"http:\/\/blog.espe-bretagne.fr\/mobilites-internationales\/wp-json\/wp\/v2\/comments?post=88"}],"version-history":[{"count":32,"href":"http:\/\/blog.espe-bretagne.fr\/mobilites-internationales\/wp-json\/wp\/v2\/pages\/88\/revisions"}],"predecessor-version":[{"id":1481,"href":"http:\/\/blog.espe-bretagne.fr\/mobilites-internationales\/wp-json\/wp\/v2\/pages\/88\/revisions\/1481"}],"up":[{"embeddable":true,"href":"http:\/\/blog.espe-bretagne.fr\/mobilites-internationales\/wp-json\/wp\/v2\/pages\/69"}],"wp:attachment":[{"href":"http:\/\/blog.espe-bretagne.fr\/mobilites-internationales\/wp-json\/wp\/v2\/media?parent=88"}],"curies":[{"name":"wp","href":"https:\/\/api.w.org\/{rel}","templated":true}]}}