{"id":79,"date":"2011-12-14T09:46:37","date_gmt":"2011-12-14T09:46:37","guid":{"rendered":"http:\/\/python.bretagne.iufm.fr\/mobilites-etudiantes-international\/?page_id=79"},"modified":"2022-09-23T07:30:32","modified_gmt":"2022-09-23T07:30:32","slug":"maroc","status":"publish","type":"page","link":"http:\/\/blog.espe-bretagne.fr\/mobilites-internationales\/afrique\/maroc\/","title":{"rendered":"Maroc"},"content":{"rendered":"\n<h2 class=\"wp-block-heading\">Groupe Scolaire la R\u00e9sidence &#8211; Casablanca<\/h2>\n\n\n\n<div class=\"wp-block-media-text alignwide is-stacked-on-mobile\" style=\"grid-template-columns:45% auto\"><figure class=\"wp-block-media-text__media\"><img loading=\"lazy\" decoding=\"async\" width=\"474\" height=\"246\" src=\"http:\/\/blog.espe-bretagne.fr\/mobilites-internationales\/wp-content\/uploads\/casablanca-groupe-scolaire-la-residence_0.jpg\" alt=\"\" class=\"wp-image-1419 size-full\" srcset=\"http:\/\/blog.espe-bretagne.fr\/mobilites-internationales\/wp-content\/uploads\/casablanca-groupe-scolaire-la-residence_0.jpg 474w, http:\/\/blog.espe-bretagne.fr\/mobilites-internationales\/wp-content\/uploads\/casablanca-groupe-scolaire-la-residence_0-300x156.jpg 300w, http:\/\/blog.espe-bretagne.fr\/mobilites-internationales\/wp-content\/uploads\/casablanca-groupe-scolaire-la-residence_0-150x78.jpg 150w\" sizes=\"auto, (max-width: 474px) 100vw, 474px\" \/><\/figure><div class=\"wp-block-media-text__content\">\n<p>Le groupe scolaire la R\u00e9sidence fait partie du r\u00e9seau AEFE et accueille des \u00e9l\u00e8ves de la maternelle jusqu&rsquo;aux classes pr\u00e9paratoires aux grandes \u00e9coles. L&rsquo;enseignement est dispens\u00e9 en fran\u00e7ais, arabe et anglais. <\/p>\n<\/div><\/div>\n\n\n\n<p>Le groupe scolaire est r\u00e9parti sur 5 \u00e9coles et compte 2300 \u00e9l\u00e8ves au total.<\/p>\n\n\n\n<p>Renseignements : <a href=\"https:\/\/www.gsr.ac.ma\/fr\/\">https:\/\/www.gsr.ac.ma\/fr\/<\/a><\/p>\n\n\n\n<p><\/p>\n\n\n\n<hr class=\"wp-block-separator has-alpha-channel-opacity\"\/>\n\n\n\n<h2 class=\"wp-block-heading\">Ecole &#8211; territoire d\u2019Amizmiz<\/h2>\n\n\n\n<figure class=\"wp-block-image size-large\"><a href=\"http:\/\/blog.espe-bretagne.fr\/mobilites-internationales\/wp-content\/uploads\/amismiz.jpg\"><img loading=\"lazy\" decoding=\"async\" width=\"1024\" height=\"352\" src=\"http:\/\/blog.espe-bretagne.fr\/mobilites-internationales\/wp-content\/uploads\/amismiz-1024x352.jpg\" alt=\"\" class=\"wp-image-1473\" srcset=\"http:\/\/blog.espe-bretagne.fr\/mobilites-internationales\/wp-content\/uploads\/amismiz-1024x352.jpg 1024w, http:\/\/blog.espe-bretagne.fr\/mobilites-internationales\/wp-content\/uploads\/amismiz-300x103.jpg 300w, http:\/\/blog.espe-bretagne.fr\/mobilites-internationales\/wp-content\/uploads\/amismiz-768x264.jpg 768w, http:\/\/blog.espe-bretagne.fr\/mobilites-internationales\/wp-content\/uploads\/amismiz-1536x528.jpg 1536w, http:\/\/blog.espe-bretagne.fr\/mobilites-internationales\/wp-content\/uploads\/amismiz-150x52.jpg 150w, http:\/\/blog.espe-bretagne.fr\/mobilites-internationales\/wp-content\/uploads\/amismiz.jpg 1600w\" sizes=\"auto, (max-width: 1024px) 100vw, 1024px\" \/><\/a><\/figure>\n\n\n\n<p>L&rsquo;\u00e9cole se situe en milieu rural, au sein du territoire d\u2019Amizmiz, \u00e0 60 km de Marrakech. <\/p>\n\n\n\n<p>L&rsquo;\u00e9cole se compose de 3 salles de cours et 6 niveaux d\u2019enseignement, du CP \u00e0 la sixi\u00e8me. 3 professeurs sont pr\u00e9sents dans l\u2019\u00e9cole : un professeur se charge des CP et CE1, deux autres professeurs se chargent  des CE2 CM1 CM2 et la sixi\u00e8me. L&rsquo;\u00e9cole compte 45 \u00e9l\u00e8ves : 18 \u00e9l\u00e8ves en classe de CE2 et CM1, 27 \u00e9l\u00e8ves en classe de CM2 et sixi\u00e8me.<\/p>\n\n\n\n<p>Sont enseign\u00e9s l\u2019arabe, le fran\u00e7ais, les math\u00e9matiques, les sciences et quelques autres disciplines. <\/p>\n\n\n\n<p>Nous travaillons avec des classes \u00e0 cours multiples, c\u2019est-\u00e0-dire les CE2 et les CM1 font une classe, les CM2 et sixi\u00e8me en font une autre.<\/p>\n\n\n\n<p>Dans le milieu rural, il n\u2019y pas d\u2019\u00e9cole autonome, mais des \u00e9coles satellites implant\u00e9es autour d\u2019une \u00e9cole m\u00e8re o\u00f9 se situe le bureau du directeur. C\u2019est pourquoi mon \u00e9cole est aussi petite. Ce genre d\u2019\u00e9cole est fait pour couvrir les localit\u00e9s rurales \u00e9loign\u00e9es et moins peupl\u00e9es. <\/p>\n\n\n\n<p>Des maisons d\u2019h\u00f4tes et des h\u00f4tels peuvent accueillir les stagiaires \u00e0 partir de 45 \u00e0 50 euros par nuit\u00e9e. <\/p>\n\n\n\n<hr class=\"wp-block-separator aligncenter has-alpha-channel-opacity\"\/>\n","protected":false},"excerpt":{"rendered":"<p>Groupe Scolaire la R\u00e9sidence &#8211; Casablanca Le groupe scolaire la R\u00e9sidence fait partie du r\u00e9seau AEFE et accueille des \u00e9l\u00e8ves de la maternelle jusqu&rsquo;aux classes pr\u00e9paratoires aux grandes \u00e9coles. L&rsquo;enseignement est dispens\u00e9 en fran\u00e7ais, arabe et anglais. Le groupe scolaire est r\u00e9parti sur 5 \u00e9coles et compte 2300 \u00e9l\u00e8ves au\u2026<\/p>\n<p> <a class=\"continue-reading-link\" href=\"http:\/\/blog.espe-bretagne.fr\/mobilites-internationales\/afrique\/maroc\/\"><span>Continue reading<\/span><i class=\"crycon-right-dir\"><\/i><\/a> <\/p>\n","protected":false},"author":1,"featured_media":0,"parent":76,"menu_order":0,"comment_status":"closed","ping_status":"closed","template":"","meta":{"footnotes":""},"class_list":["post-79","page","type-page","status-publish","hentry"],"_links":{"self":[{"href":"http:\/\/blog.espe-bretagne.fr\/mobilites-internationales\/wp-json\/wp\/v2\/pages\/79","targetHints":{"allow":["GET"]}}],"collection":[{"href":"http:\/\/blog.espe-bretagne.fr\/mobilites-internationales\/wp-json\/wp\/v2\/pages"}],"about":[{"href":"http:\/\/blog.espe-bretagne.fr\/mobilites-internationales\/wp-json\/wp\/v2\/types\/page"}],"author":[{"embeddable":true,"href":"http:\/\/blog.espe-bretagne.fr\/mobilites-internationales\/wp-json\/wp\/v2\/users\/1"}],"replies":[{"embeddable":true,"href":"http:\/\/blog.espe-bretagne.fr\/mobilites-internationales\/wp-json\/wp\/v2\/comments?post=79"}],"version-history":[{"count":31,"href":"http:\/\/blog.espe-bretagne.fr\/mobilites-internationales\/wp-json\/wp\/v2\/pages\/79\/revisions"}],"predecessor-version":[{"id":1477,"href":"http:\/\/blog.espe-bretagne.fr\/mobilites-internationales\/wp-json\/wp\/v2\/pages\/79\/revisions\/1477"}],"up":[{"embeddable":true,"href":"http:\/\/blog.espe-bretagne.fr\/mobilites-internationales\/wp-json\/wp\/v2\/pages\/76"}],"wp:attachment":[{"href":"http:\/\/blog.espe-bretagne.fr\/mobilites-internationales\/wp-json\/wp\/v2\/media?parent=79"}],"curies":[{"name":"wp","href":"https:\/\/api.w.org\/{rel}","templated":true}]}}