{"id":69,"date":"2011-12-14T09:41:19","date_gmt":"2011-12-14T09:41:19","guid":{"rendered":"http:\/\/python.bretagne.iufm.fr\/mobilites-etudiantes-international\/?page_id=69"},"modified":"2023-01-11T09:38:23","modified_gmt":"2023-01-11T09:38:23","slug":"europe-centrale-2","status":"publish","type":"page","link":"http:\/\/blog.espe-bretagne.fr\/mobilites-internationales\/europe-centrale-2\/","title":{"rendered":"Destination Europe"},"content":{"rendered":"\n<p><a href=\"http:\/\/blog.espe-bretagne.fr\/mobilites-internationales\/europe-centrale-2\/espagne\/\" data-type=\"URL\" data-id=\"http:\/\/blog.espe-bretagne.fr\/mobilites-internationales\/europe-centrale-2\/espagne\/\">Espagne<\/a><\/p>\n\n\n\n<p><a href=\"http:\/\/blog.espe-bretagne.fr\/mobilites-internationales\/europe-centrale-2\/europe-centrale\/\">Finlande<\/a><\/p>\n\n\n\n<p><a href=\"http:\/\/blog.espe-bretagne.fr\/mobilites-internationales\/europe-centrale-2\/hongrie\/\">Hongrie<\/a><\/p>\n\n\n\n<p><a href=\"http:\/\/blog.espe-bretagne.fr\/mobilites-internationales\/europe-centrale-2\/irlande\/\">Irlande<\/a><\/p>\n\n\n\n<p><a href=\"http:\/\/blog.espe-bretagne.fr\/mobilites-internationales\/europe-centrale-2\/italie\/\">Italie<\/a><\/p>\n\n\n\n<p><a href=\"http:\/\/blog.espe-bretagne.fr\/mobilites-internationales\/europe-centrale-2\/lituanie\/\">Lituanie<\/a><\/p>\n\n\n\n<p><a href=\"http:\/\/blog.espe-bretagne.fr\/mobilites-internationales\/europe-centrale-2\/pays-bas-2\/\">Pays-bas<\/a><\/p>\n\n\n\n<p><a href=\"http:\/\/blog.espe-bretagne.fr\/mobilites-internationales\/europe-centrale-2\/portugal\/\">Portugal<\/a><\/p>\n\n\n\n<p><a href=\"http:\/\/blog.espe-bretagne.fr\/mobilites-internationales\/europe-centrale-2\/republique-tcheque\/\">R\u00e9publique tch\u00e8que<\/a><\/p>\n\n\n\n<p><a href=\"http:\/\/blog.espe-bretagne.fr\/mobilites-internationales\/europe-centrale-2\/roumanie\/\">Roumanie<\/a><\/p>\n\n\n\n<p><a href=\"http:\/\/blog.espe-bretagne.fr\/mobilites-internationales\/europe-centrale-2\/suede\/\">Su\u00e8de<\/a><\/p>\n","protected":false},"excerpt":{"rendered":"<p>Espagne Finlande Hongrie Irlande Italie Lituanie Pays-bas Portugal R\u00e9publique tch\u00e8que Roumanie Su\u00e8de<\/p>\n<p> <a class=\"continue-reading-link\" href=\"http:\/\/blog.espe-bretagne.fr\/mobilites-internationales\/europe-centrale-2\/\"><span>Continue reading<\/span><i class=\"crycon-right-dir\"><\/i><\/a> <\/p>\n","protected":false},"author":1,"featured_media":0,"parent":0,"menu_order":0,"comment_status":"closed","ping_status":"closed","template":"","meta":{"footnotes":""},"class_list":["post-69","page","type-page","status-publish","hentry"],"_links":{"self":[{"href":"http:\/\/blog.espe-bretagne.fr\/mobilites-internationales\/wp-json\/wp\/v2\/pages\/69","targetHints":{"allow":["GET"]}}],"collection":[{"href":"http:\/\/blog.espe-bretagne.fr\/mobilites-internationales\/wp-json\/wp\/v2\/pages"}],"about":[{"href":"http:\/\/blog.espe-bretagne.fr\/mobilites-internationales\/wp-json\/wp\/v2\/types\/page"}],"author":[{"embeddable":true,"href":"http:\/\/blog.espe-bretagne.fr\/mobilites-internationales\/wp-json\/wp\/v2\/users\/1"}],"replies":[{"embeddable":true,"href":"http:\/\/blog.espe-bretagne.fr\/mobilites-internationales\/wp-json\/wp\/v2\/comments?post=69"}],"version-history":[{"count":9,"href":"http:\/\/blog.espe-bretagne.fr\/mobilites-internationales\/wp-json\/wp\/v2\/pages\/69\/revisions"}],"predecessor-version":[{"id":1613,"href":"http:\/\/blog.espe-bretagne.fr\/mobilites-internationales\/wp-json\/wp\/v2\/pages\/69\/revisions\/1613"}],"wp:attachment":[{"href":"http:\/\/blog.espe-bretagne.fr\/mobilites-internationales\/wp-json\/wp\/v2\/media?parent=69"}],"curies":[{"name":"wp","href":"https:\/\/api.w.org\/{rel}","templated":true}]}}