{"id":44,"date":"2011-12-14T09:34:11","date_gmt":"2011-12-14T09:34:11","guid":{"rendered":"http:\/\/python.bretagne.iufm.fr\/mobilites-etudiantes-international\/?page_id=44"},"modified":"2022-06-29T13:38:15","modified_gmt":"2022-06-29T13:38:15","slug":"roumanie","status":"publish","type":"page","link":"http:\/\/blog.espe-bretagne.fr\/mobilites-internationales\/europe-centrale-2\/roumanie\/","title":{"rendered":"Roumanie"},"content":{"rendered":"<h2 style=\"text-align: justify;\">BOTOSANI, F\u00e9vrier 2012<\/h2>\n<p style=\"text-align: justify;\">\u00c0 premi\u00e8re vue, on pourrait croire qu&rsquo;aller en Roumanie n&rsquo;est pas si loin, que cela peut se pr\u00e9parer la veille. C&rsquo;est en effet possible, si vous comptez visiter Bucarest. Mais partir en stage pour deux semaines \u00e0 Botosani ce n&rsquo;est pas exactement la m\u00eame chose.<\/p>\n<p style=\"text-align: justify;\">Dans un premier temps, il faut savoir que Botosani est situ\u00e9 dans le nord (tr\u00e8s au nord) de la Roumanie, \u00e0 la fronti\u00e8re Moldave pour \u00eatre exacte. Il faut aussi savoir que sur la p\u00e9riode o\u00f9 je m&rsquo;y suis rendu, la plus froide de l&rsquo;ann\u00e9e (d\u00e9but janvier, mi f\u00e9vrier), la temp\u00e9rature ne d\u00e9passe gu\u00e8re les -15 degr\u00e9s et descend jusqu&rsquo;\u00e0 -28. Rien d&rsquo;insurmontable \u00e0 cela cependant, quand vous avez compris qu&rsquo;il faut fermer la bouche lorsque vous marchez dans la rue, au risque d&rsquo;attraper un vilain mal de gorge.<\/p>\n<p style=\"text-align: justify;\">Concernant la ville de Botosani, c&rsquo;est une ville sans grand int\u00e9r\u00eat touristique selon les multiples guides habituels (Petit Fut\u00e9, guide du Routard, etc). Je n&rsquo;attache plus de r\u00e9elles importances \u00e0 ces guides qui m\u00e8nent justement vers des endroits trop touristiques \u00e0 mon go\u00fbt, oubliant souvent le c\u00f4t\u00e9 le plus int\u00e9ressant du pays: son authenticit\u00e9.<\/p>\n<p style=\"text-align: justify;\">Authenticit\u00e9 et Botosani vont de pair. C&rsquo;est une ville \u00e0 taille humaine (120 000 habitants), o\u00f9 ce sera un plaisir de s&rsquo;y perdre (surtout dans les \u00e9glises orthodoxes qui sont souvent magistrales par leur peinture) et un jeu d&rsquo;enfant pour retrouver son chemin vers&#8230; le s\u00e9minaire orthodoxe, o\u00f9 le petit appartement de Dora, l&rsquo;institutrice qui sera votre MAT durant les deux semaines, mais aussi votre conseill\u00e8re, votre guide touristique, et l&rsquo;aura qui vous fera aimer son pays.<\/p>\n<p style=\"text-align: justify;\">J&rsquo;ai cit\u00e9 le s\u00e9minaire th\u00e9ologique car c&rsquo;est l&rsquo;endroit o\u00f9 j&rsquo;ai \u00e9t\u00e9 h\u00e9berg\u00e9 pendant les deux semaines. Au d\u00e9but, on m&rsquo;avait propos\u00e9 l&rsquo;h\u00f4tel 4 \u00e9toiles (H\u00f4tel Rapsodia) en plein centre. Mon but dans un voyage \u00e9tant de cerner au maximum le pays dans lequel je me rends, je ne me voyais pas \u00eatre h\u00e9berg\u00e9 dans un tel endroit, surtout au prix de 35 euros la nuit, m\u00eame avec petit d\u00e9jeuner compris.<\/p>\n<dl id=\"attachment_492\">On m&rsquo;a donc conseill\u00e9 le s\u00e9minaire th\u00e9ologique de Botosani, pour un prix inconnu avant mon arriv\u00e9e, mais forc\u00e9ment plus abordable que l&rsquo;H\u00f4tel, et surtout plus typique. Normalement, le prix de la nuit \u00e9tait fix\u00e9 autour des 7 euros. Pour ma part, apr\u00e8s deux trois visites chez Monsieur le Pr\u00eatre de la ville comme Dora l&rsquo;appelait, je n&rsquo;ai rien pay\u00e9 concernant l&rsquo;h\u00e9bergement. Je vous conseille d&rsquo;ailleurs d&rsquo;aller lui rendre visite, il sera ravi de vous faire un caf\u00e9 avec sa machine \u00e0 expresso toute neuve et un rappel sur les diff\u00e9rentes branches du christianisme, le tout avec humour et tol\u00e9rance, ne fait jamais de mal \u00e0 personne (il faudra cependant trouver un traducteur si vous ne connaissez pas le Roumain). Vous aurez peut-\u00eatre m\u00eame le droit \u00e0 une visite du s\u00e9minaire avec en suppl\u00e9ment la chorale qui chantera rien que pour vous&#8230;<\/dl>\n<p style=\"text-align: justify;\">Les sup\u00e9rettes sont nombreuses dans le centre de Botosani, et m\u00eame Carrefour s&rsquo;est r\u00e9cemment implant\u00e9 \u00e0 une quinzaine de minutes \u00e0 pieds du s\u00e9minaire. Je n&rsquo;ai pas eu l&rsquo;occasion d&rsquo;y faire un seul achat, Dora m&rsquo;accueillait midi et soir dans son appartement et me faisait d\u00e9couvrir tous les plats Roumains, du mamaliga au tuica (vous verrez bien assez vite de quoi il s&rsquo;agit, vous ne serez pas d\u00e9\u00e7u).<\/p>\n<p style=\"text-align: justify;\">Les \u00e9coles sont num\u00e9rot\u00e9es en Roumanie (h\u00e9ritage de l&rsquo;\u00e9poque Ceausescu). Celle o\u00f9 je me rendais 4 heures par jour (l&rsquo;\u00e9cole primaire se d\u00e9roule de 8h \u00e0 12h), portait le num\u00e9ro 10, et \u00e9tait situ\u00e9e \u00e0 environ 20 minutes de marche du s\u00e9minaire. Vous aurez le choix de vous y rendre \u00e0 pieds, ou en taxi (ce qui vous co\u00fbtera environ 1 euro l&rsquo;aller, soit environ 5 lei). L&rsquo;\u00e9cole concentre les \u00e9l\u00e8ves de la classe 1 \u00e0 la classe 8 (primaire et coll\u00e8ge).<\/p>\n<dl id=\"attachment_495\">Le syst\u00e8me \u00e9ducatif roumain ne fonctionne pas de la m\u00eame fa\u00e7on que le syst\u00e8me fran\u00e7ais. L&rsquo;instituteur prend en charge les m\u00eames \u00e9l\u00e8ves durant toute l&rsquo;\u00e9cole primaire, de la classe 1 (7 ans) \u00e0 la classe 4 (10 ans). Cette ann\u00e9e, Dora s&rsquo;occupait de la premi\u00e8re classe, elle aura donc les m\u00eames \u00e9l\u00e8ves l&rsquo;ann\u00e9e prochaine qui seront pass\u00e9s en classe 2. Beaucoup de professeurs seront honor\u00e9s de vous inviter au sein de leur classe pour que vous puissiez assister \u00e0 un de leur cours. Ce sera souvent le moment d&rsquo;une r\u00e9elle d\u00e9monstration orchestr\u00e9e et millim\u00e9tr\u00e9e au centim\u00e8tre pr\u00e8s afin de vous convaincre que le syst\u00e8me Roumain est excellent.<\/dl>\n<p style=\"text-align: justify;\">La langue de scolarisation est le Roumain, ce qui constitue une vraie barri\u00e8re entre vous et les \u00e9l\u00e8ves, surtout les premiers jours o\u00f9 un temps d&rsquo;adaptation pour votre oreille est n\u00e9cessaire afin de saisir les premiers mots importants. De plus en plus le fran\u00e7ais est d\u00e9laiss\u00e9 au profit de l&rsquo;anglais, langue de pr\u00e9dilection des coll\u00e9giens qui seront ravis de vous questionner dans cette langue sur votre \u00e9quipement informatique et sur les groupes am\u00e9ricains en vogue du moment.<\/p>\n<p style=\"text-align: justify;\">Mon sujet de TER portait sur l&rsquo;\u00e9valuation et plus particuli\u00e8rement sur la comparaison du \u00a0syst\u00e8me d&rsquo;\u00e9valuation fran\u00e7ais, roumain et n\u00e9erlandais (ma bin\u00f4me s&rsquo;\u00e9tant rendu aux Pays-Bas).<\/p>\n<p style=\"text-align: justify;\"><strong>Conseils<\/strong><\/p>\n<p style=\"text-align: justify;\">Vivez ces deux semaines \u00e0 200%. Pour comprendre la Roumanie, restez un maximum avec les Roumains. Laissez vous emmener par Dora et ses amis, d\u00eetes oui \u00e0 l&rsquo;invitation de ses parents pour une soir\u00e9e ou deux, souriez avec les enfants, discutez en fran\u00e7ais avec les professeurs de cette m\u00eame langue, parlez anglais avec les autres, apprenez quelques mots en Roumain, tentez m\u00eame des phrases. La politesse est tr\u00e8s importante, et elle vous sera rendue en double. regardez les gens dans les yeux quand vous marchez dans la rue.<\/p>\n<p style=\"text-align: justify;\">Vivre deux semaines en Roumanie, c&rsquo;est avant tout une le\u00e7on de vie. L&rsquo;humain prend une place consid\u00e9rable dans la leur, oubliez le reste, et profitez.<\/p>\n<p><strong>Adrien<\/strong><\/p>\n","protected":false},"excerpt":{"rendered":"<p>BOTOSANI, F\u00e9vrier 2012 \u00c0 premi\u00e8re vue, on pourrait croire qu&rsquo;aller en Roumanie n&rsquo;est pas si loin, que cela peut se pr\u00e9parer la veille. C&rsquo;est en effet possible, si vous comptez visiter Bucarest. Mais partir en stage pour deux semaines \u00e0 Botosani ce n&rsquo;est pas exactement la m\u00eame chose. Dans un\u2026<\/p>\n<p> <a class=\"continue-reading-link\" href=\"http:\/\/blog.espe-bretagne.fr\/mobilites-internationales\/europe-centrale-2\/roumanie\/\"><span>Continue reading<\/span><i class=\"crycon-right-dir\"><\/i><\/a> <\/p>\n","protected":false},"author":1,"featured_media":0,"parent":69,"menu_order":0,"comment_status":"closed","ping_status":"closed","template":"","meta":{"footnotes":""},"class_list":["post-44","page","type-page","status-publish","hentry"],"_links":{"self":[{"href":"http:\/\/blog.espe-bretagne.fr\/mobilites-internationales\/wp-json\/wp\/v2\/pages\/44","targetHints":{"allow":["GET"]}}],"collection":[{"href":"http:\/\/blog.espe-bretagne.fr\/mobilites-internationales\/wp-json\/wp\/v2\/pages"}],"about":[{"href":"http:\/\/blog.espe-bretagne.fr\/mobilites-internationales\/wp-json\/wp\/v2\/types\/page"}],"author":[{"embeddable":true,"href":"http:\/\/blog.espe-bretagne.fr\/mobilites-internationales\/wp-json\/wp\/v2\/users\/1"}],"replies":[{"embeddable":true,"href":"http:\/\/blog.espe-bretagne.fr\/mobilites-internationales\/wp-json\/wp\/v2\/comments?post=44"}],"version-history":[{"count":14,"href":"http:\/\/blog.espe-bretagne.fr\/mobilites-internationales\/wp-json\/wp\/v2\/pages\/44\/revisions"}],"predecessor-version":[{"id":1388,"href":"http:\/\/blog.espe-bretagne.fr\/mobilites-internationales\/wp-json\/wp\/v2\/pages\/44\/revisions\/1388"}],"up":[{"embeddable":true,"href":"http:\/\/blog.espe-bretagne.fr\/mobilites-internationales\/wp-json\/wp\/v2\/pages\/69"}],"wp:attachment":[{"href":"http:\/\/blog.espe-bretagne.fr\/mobilites-internationales\/wp-json\/wp\/v2\/media?parent=44"}],"curies":[{"name":"wp","href":"https:\/\/api.w.org\/{rel}","templated":true}]}}