{"id":40,"date":"2011-12-14T09:33:16","date_gmt":"2011-12-14T09:33:16","guid":{"rendered":"http:\/\/python.bretagne.iufm.fr\/mobilites-etudiantes-international\/?page_id=40"},"modified":"2022-12-19T07:38:45","modified_gmt":"2022-12-19T07:38:45","slug":"suede","status":"publish","type":"page","link":"http:\/\/blog.espe-bretagne.fr\/mobilites-internationales\/europe-centrale-2\/suede\/","title":{"rendered":"Su\u00e8de"},"content":{"rendered":"\n<h2 class=\"wp-block-heading\">L\u2019\u00e9tablissement public de Sankt Pers Skola &#8211; Sigtuna <\/h2>\n\n\n\n<p>(<em>extrait du rapport de stage <\/em>&#8211;<em> janvier 2019)<\/em><\/p>\n\n\n\n<figure class=\"wp-block-image size-large\"><a href=\"http:\/\/blog.espe-bretagne.fr\/mobilites-internationales\/wp-content\/uploads\/St-Pers-skola.jpg\"><img loading=\"lazy\" decoding=\"async\" width=\"1024\" height=\"375\" src=\"http:\/\/blog.espe-bretagne.fr\/mobilites-internationales\/wp-content\/uploads\/St-Pers-skola-1024x375.jpg\" alt=\"\" class=\"wp-image-1322\" srcset=\"http:\/\/blog.espe-bretagne.fr\/mobilites-internationales\/wp-content\/uploads\/St-Pers-skola-1024x375.jpg 1024w, http:\/\/blog.espe-bretagne.fr\/mobilites-internationales\/wp-content\/uploads\/St-Pers-skola-300x110.jpg 300w, http:\/\/blog.espe-bretagne.fr\/mobilites-internationales\/wp-content\/uploads\/St-Pers-skola-768x282.jpg 768w, http:\/\/blog.espe-bretagne.fr\/mobilites-internationales\/wp-content\/uploads\/St-Pers-skola-150x55.jpg 150w, http:\/\/blog.espe-bretagne.fr\/mobilites-internationales\/wp-content\/uploads\/St-Pers-skola.jpg 1500w\" sizes=\"auto, (max-width: 1024px) 100vw, 1024px\" \/><\/a><\/figure>\n\n\n\n<p>En Su\u00e8de, l\u2019\u00e9cole est obligatoire de 6 ans \u00e0 15 ans. Pendant cette p\u00e9riode, le syst\u00e8me \u00e9ducatif su\u00e9dois met au c\u0153ur de ses pr\u00e9occupations la confiance en soi et les besoins des \u00e9l\u00e8ves. A cet effet, il exige un environnement qui respecte en permanence les valeurs de tol\u00e9rance, d\u2019\u00e9galit\u00e9 et d\u2019inclusion. Les \u00e9l\u00e8ves doivent \u00e9valuer eux-m\u00eames leurs comp\u00e9tences et leurs besoins individuels, ce dont ils font part aux adultes responsables une fois par an jusqu\u2019au grade 5 (\u00e9quivalent 6<sup>\u00e8me<\/sup>). Cela \u00e9vite que l\u2019\u00e9l\u00e8ve subisse les d\u00e9sagr\u00e9ments d\u2019une \u00e9ventuelle stigmatisation avant qu\u2019il soit assez mature pour les comprendre et si besoin lui permet de se d\u00e9fendre. C\u2019est donc seulement au grade 6 (\u00e9quivalent 5\u00e8me), qu\u2019apparait un syst\u00e8me de notation avec six lettres allant de A \u00e0 F, qu\u2019on remarquera bien moins diff\u00e9renciateur qu\u2019un syst\u00e8me de notation sur vingt points. D\u2019un point de vue l\u00e9gal, on appr\u00e9ciera le code de l\u2019\u00e9ducation, qui \u00e0 la hauteur de ses exigences, impose une vari\u00e9t\u00e9 de dispositifs r\u00e9actifs et dynamiques de soutiens personnalis\u00e9s allant d\u2019une aide suppl\u00e9mentaire pour le groupe classe \u00e0 un professeur particulier parlant la langue native d\u2019un \u00e9l\u00e8ve allophone.<\/p>\n\n\n\n<p>L\u2019\u00e9tablissement public de Sankt Pers Skola a donc la responsabilit\u00e9 d\u2019articuler tous ces droits d\u2019\u00e9l\u00e8ves. C\u2019est une \u00e9cole de taille moyenne comprenant 540 \u00e9l\u00e8ves dans une petite ville de 7200 habitants situ\u00e9s \u00e0 50 kilom\u00e8tres de Stockholm. Comme dans toutes les \u00e9coles publiques primaires, les acteurs ont une grande latitude d\u00e9cisionnelle. Par exemple, la directrice choisit, embauche et \u00e9value le corps enseignant. Ce dernier a le choix des notions sp\u00e9cifiques \u00e0 inculquer tant qu\u2019elles sont conformes aux grandes th\u00e9matiques pr\u00e9sentes dans le programme. Les \u00e9l\u00e8ves sont ma\u00eetres de leurs apprentissages.<\/p>\n\n\n\n<p>En Su\u00e8de, la bienveillance du professeur envers ses \u00e9l\u00e8ves est primordiale. C\u2019est pour r\u00e9pondre \u00e0 cette optique qu\u2019il est de coutume pour l\u2019enseignant de materner sa classe.<\/p>\n\n\n\n<p>D\u2019ailleurs, en Su\u00e8de, on ne dit pas <em>difficile <\/em>mais <em>\u00e9l\u00e8ve demandant plus d\u2019attention que les autres<\/em>.<\/p>\n\n\n\n<p>Plus important encore, les Su\u00e9dois ont pour principe que le respect de l\u2019\u00e9l\u00e8ve envers l\u2019adulte est le reflet de la valeur qu\u2019il lui reconnait. Plus clairement, il n\u2019existe pas de grands principes tels que : <em>un enfant quel qu\u2019il soit doit respecter un adulte quel qu\u2019il soit<\/em>. Au commencement de toutes relations, les deux \u00eatres sont \u00e9gaux et ne doivent rien \u00e0 l\u2019autre. Il revient donc \u00e0 l\u2019adulte de construire lui-m\u00eame son autorit\u00e9 et d\u2019inspirer le respect de ses \u00e9l\u00e8ves.<\/p>\n\n\n\n<p>Dans les faits, construire une relation de confiance avec les \u00e9l\u00e8ves en trois semaines en vue d\u2019amorcer la cr\u00e9ation d\u2019un environnement propice aux apprentissages est un d\u00e9fi de taille \u00e0 consid\u00e9rer s\u00e9rieusement en amont. J\u2019ai opt\u00e9 pour un usage parcimonieux d\u2019une autorit\u00e9 \u00e9loquente strictement non verbale pendant mes s\u00e9ances et une posture d\u2019observatrice en dehors aidant syst\u00e9matiquement les \u00e9l\u00e8ves \u00e0 la demande.<\/p>\n\n\n\n<p>Dans notre classe de grade 2 (\u00e9quivalent CE2), la d\u00e9clinaison de ces principes en pratique est encore plus explicite. Le c\u00f4t\u00e9 maternel est refl\u00e9t\u00e9 dans les marques de tendresse des maitresses, g\u00e9n\u00e9reusement distribu\u00e9es. L\u2019\u00e9galit\u00e9 est tangible gr\u00e2ce au respect de la parit\u00e9 des sexes, la classe est donc compos\u00e9e de 12 filles et de 12 gar\u00e7ons. On observera aussi que le niveau de tol\u00e9rance en Su\u00e8de est bien plus \u00e9lev\u00e9 qu\u2019en France. Effectivement, les \u00e9l\u00e8ves ont une grande libert\u00e9 de mouvement pendant les apprentissages. Certains comportements seraient consid\u00e9r\u00e9s en France comme une transgression aux r\u00e8gles de vie de classe. En termes d\u2019inclusion, on rendra compte du fait que les \u00e9l\u00e8ves ayant un comportement diagnostiqu\u00e9 comme particuli\u00e8rement difficile sont en cons\u00e9quence, r\u00e9partis dans chacune des classes. C\u2019est pour cette raison que dans notre classe d\u2019affectation, nous pouvons compter au moins 5 \u00e9l\u00e8ves demandant constamment beaucoup d\u2019attention et 4 \u00e9l\u00e8ves qui en demandent de 5 temps en temps. Ce qui repr\u00e9sente pr\u00e8s de 40% des \u00e9l\u00e8ves en capacit\u00e9 de perturber la classe, autrement que par de simples bavardages intempestifs et par cons\u00e9quent de d\u00e9sorganiser les apprentissages \u00e0 tout moment.<\/p>\n\n\n<h2 style=\"text-align: justify;\">SIGTUNA, F\u00e9vrier 2012<\/h2>\n<p style=\"text-align: justify;\">Nous avons r\u00e9alis\u00e9 notre stage en Su\u00e8de \u00e0 Sigtuna, \u00e0 50 km au Nord de Stockholm: <a href=\"http:\/\/www.sigtuna.se\/\">http:\/\/www.sigtuna.se\/<\/a><\/p>\n<p style=\"text-align: justify;\">Bien que ce soit une petite ville (environ 7000 habitants), elle reste tr\u00e8s attractive pour les touristes principalement l&rsquo;\u00e9t\u00e9. En effet, historiquement Sigtuna \u00e9tait une ville importante pour les Vikings ! Ce qui attire \u00e9galement le tourisme, aussi bien l&rsquo;\u00e9t\u00e9 que l&rsquo;hiver, est le grand lac qui relie Stockholm \u00e0 Uppsala. On peut y faire du patin et du ski de fond l&rsquo;hiver et se baigner ou naviguer l&rsquo;\u00e9t\u00e9.<\/p>\n<p style=\"text-align: justify;\">Nous avons \u00e9t\u00e9 h\u00e9berg\u00e9es dans un studio de 27m\u00b2, qui nous a co\u00fbt\u00e9 1000\u20ac pour les deux semaines pour deux personnes.<\/p>\n<p style=\"text-align: justify;\">Nous avions pr\u00e8s de chez nous une sup\u00e9rette, mais il y a \u00e9galement un supermarch\u00e9 un peu plus important \u00e0 15mn de bus. On trouvait \u00e9galement dans le bourg, de nombreux caf\u00e9s et salons de th\u00e9.<\/p>\n<p style=\"text-align: justify;\">Nous sommes rest\u00e9es 2 semaines. Nous avons \u00e9t\u00e9 re\u00e7ues dans 3 \u00e9coles dont 2 principalement au centre de la ville, chacune dans une classe diff\u00e9rente:&nbsp; St Pers Skola pour les enfants de 6 \u00e0 13 ans et St Olof pour les \u00e9l\u00e8ves de 14 \u00e0 18 ans. Nous \u00e9tions \u00e0 5 min \u00e0 pied de notre \u00e9cole. L&rsquo;\u00e9cole commen\u00e7ait \u00e0 8h10 et se terminait entre 13h00 et 14h00 selon les classes. Le midi les enseignants mangent avec leur classe, mais toutes les classes ne mangent pas ensemble : de 10h30 \u00e0 11h30.<\/p>\n<p style=\"text-align: justify;\">La langue de scolarisation est le Su\u00e9dois. La premi\u00e8re langue \u00e9trang\u00e8re est l&rsquo;anglais et lorsqu&rsquo;ils arrivent \u00e0 St Olof, ils ont le choix entre le fran\u00e7ais, l&rsquo;allemand et l&rsquo;espagnol. Le choix du fran\u00e7ais repr\u00e9sente un tr\u00e8s faible pourcentage d&rsquo;\u00e9l\u00e8ves.<\/p>\n<p style=\"text-align: justify;\">En classe (surtout dans les premi\u00e8res ann\u00e9es), les \u00e9l\u00e8ves ne parlent que su\u00e9dois. Cependant, les professeurs d&rsquo;accueil ont \u00e9t\u00e9 tr\u00e8s pr\u00e9sentes pour nous expliquer (en anglais) ce qu&rsquo;elles allaient faire pendant leurs s\u00e9ances, ainsi que le fonctionnement de la classe et de l&rsquo;\u00e9cole.<\/p>\n<p style=\"text-align: justify;\">Nous avons \u00e9galement pass\u00e9 une journ\u00e9e \u00e0 Josefinaskolan : c&rsquo;est une \u00e9cole qui cherche \u00e0 articuler les enseignements intellectuels et l\u2019exercice d\u2019activit\u00e9s artistiques et manuelles. Les \u00e9l\u00e8ves y apprennent le fran\u00e7ais d\u00e8s leur premi\u00e8re ann\u00e9e de scolarisation et progressent vite.<\/p>\n<p style=\"text-align: justify;\">Deux d&rsquo;entre nous travaillaient sur la comparaison du syst\u00e8me d&rsquo;\u00e9valuation entre la France et la Su\u00e8de. Pour cela, nous sommes intervenu en grade 1 et 2 ( 7 et 8 ans). La troisi\u00e8me travaillait sur l&rsquo;interdisciplinarit\u00e9 des langues et du sport en France et en Su\u00e8de. Pour cela, elle est intervenue en grade 3, 5, 7 et 9 (de 9 \u00e0 15 ans).<\/p>\n<p style=\"text-align: justify;\">Il est \u00e9galement int\u00e9ressant de travailler sur l&rsquo;autonomie des \u00e9l\u00e8ves dans les classes su\u00e9doises : l&rsquo;observation de la vie de la classe est tr\u00e8s enrichissante et permet une bonne comparaison avec ce que nous connaissons en France.<\/p>\n<p style=\"text-align: justify;\">Si vous choisissez cette destination, n&rsquo;h\u00e9sitez pas \u00e0 pr\u00e9voir des v\u00eatements tr\u00e8s chauds. Nous avons eu entre -5\u00b0C&nbsp; et -20\u00b0C tout le temps. Il faut \u00e9galement savoir que la Su\u00e8de est un pays riche et que le co\u00fbt de la vie est plut\u00f4t \u00e9lev\u00e9. Pour ce qui est des repas, l&rsquo;\u00e9cole nous offrait ceux du midi. Le rythme quotidien change beaucoup de celui de la France : comme nous l&rsquo;avons dit plus haut, le repas du midi se fait entre 10h30 et 11h30 et celui du soir vers 18h00. Cela s&rsquo;explique en partie par le fait qu&rsquo;il fait nuit tr\u00e8s t\u00f4t. La monnaie est la couronne su\u00e9doise: 1 SEK = 0.1135\u20ac&nbsp;&nbsp;&nbsp;&nbsp;&nbsp;&nbsp; 1\u20ac = 8.80 SEK.<\/p>\n<p style=\"text-align: justify;\">Les Su\u00e9dois sont tr\u00e8s accueillants. Nous avons \u00e9t\u00e9 vraiment bien re\u00e7ues, aid\u00e9es et conseill\u00e9es lorsque nous avions des questions.<\/p>\n<p style=\"text-align: justify;\">Il est possible de visiter Stockholm sur une journ\u00e9e en partant de Sigtuna, on y acc\u00e8de en bus et train en un peu plus d&rsquo;une heure.<\/p>\n<p style=\"text-align: justify;\">Nous esp\u00e9rons que cela vous aura un petit peu plus \u00e9clair\u00e9 sur cette destination.<\/p>\n<p style=\"text-align: justify;\">Nous vous souhaitons un bon stage !<\/p>\n<p style=\"text-align: justify;\"><strong>Salom\u00e9, Aur\u00e9lie et Chlo\u00e9<\/strong><\/p>","protected":false},"excerpt":{"rendered":"<p>L\u2019\u00e9tablissement public de Sankt Pers Skola &#8211; Sigtuna (extrait du rapport de stage &#8211; janvier 2019) En Su\u00e8de, l\u2019\u00e9cole est obligatoire de 6 ans \u00e0 15 ans. Pendant cette p\u00e9riode, le syst\u00e8me \u00e9ducatif su\u00e9dois met au c\u0153ur de ses pr\u00e9occupations la confiance en soi et les besoins des \u00e9l\u00e8ves. A\u2026<\/p>\n<p> <a class=\"continue-reading-link\" href=\"http:\/\/blog.espe-bretagne.fr\/mobilites-internationales\/europe-centrale-2\/suede\/\"><span>Continue reading<\/span><i class=\"crycon-right-dir\"><\/i><\/a> <\/p>\n","protected":false},"author":1,"featured_media":0,"parent":69,"menu_order":0,"comment_status":"closed","ping_status":"closed","template":"","meta":{"footnotes":""},"class_list":["post-40","page","type-page","status-publish","hentry"],"_links":{"self":[{"href":"http:\/\/blog.espe-bretagne.fr\/mobilites-internationales\/wp-json\/wp\/v2\/pages\/40","targetHints":{"allow":["GET"]}}],"collection":[{"href":"http:\/\/blog.espe-bretagne.fr\/mobilites-internationales\/wp-json\/wp\/v2\/pages"}],"about":[{"href":"http:\/\/blog.espe-bretagne.fr\/mobilites-internationales\/wp-json\/wp\/v2\/types\/page"}],"author":[{"embeddable":true,"href":"http:\/\/blog.espe-bretagne.fr\/mobilites-internationales\/wp-json\/wp\/v2\/users\/1"}],"replies":[{"embeddable":true,"href":"http:\/\/blog.espe-bretagne.fr\/mobilites-internationales\/wp-json\/wp\/v2\/comments?post=40"}],"version-history":[{"count":22,"href":"http:\/\/blog.espe-bretagne.fr\/mobilites-internationales\/wp-json\/wp\/v2\/pages\/40\/revisions"}],"predecessor-version":[{"id":1533,"href":"http:\/\/blog.espe-bretagne.fr\/mobilites-internationales\/wp-json\/wp\/v2\/pages\/40\/revisions\/1533"}],"up":[{"embeddable":true,"href":"http:\/\/blog.espe-bretagne.fr\/mobilites-internationales\/wp-json\/wp\/v2\/pages\/69"}],"wp:attachment":[{"href":"http:\/\/blog.espe-bretagne.fr\/mobilites-internationales\/wp-json\/wp\/v2\/media?parent=40"}],"curies":[{"name":"wp","href":"https:\/\/api.w.org\/{rel}","templated":true}]}}