{"id":1700,"date":"2025-01-29T08:22:03","date_gmt":"2025-01-29T08:22:03","guid":{"rendered":"https:\/\/blog.espe-bretagne.fr\/mobilites-internationales\/?page_id=1700"},"modified":"2025-01-29T08:22:30","modified_gmt":"2025-01-29T08:22:30","slug":"pologne","status":"publish","type":"page","link":"http:\/\/blog.espe-bretagne.fr\/mobilites-internationales\/ambassade-formalites-dentree-dans-le-pays\/pologne\/","title":{"rendered":"Pologne"},"content":{"rendered":"\n<figure class=\"wp-block-gallery has-nested-images columns-default is-cropped wp-block-gallery-1 is-layout-flex wp-block-gallery-is-layout-flex\">\n<figure class=\"wp-block-image size-large\"><a href=\"https:\/\/blog.espe-bretagne.fr\/mobilites-internationales\/wp-content\/uploads\/pologne-carte.jpg\"><img loading=\"lazy\" decoding=\"async\" width=\"390\" height=\"256\" data-id=\"1701\" src=\"https:\/\/blog.espe-bretagne.fr\/mobilites-internationales\/wp-content\/uploads\/pologne-carte.jpg\" alt=\"\" class=\"wp-image-1701\" srcset=\"http:\/\/blog.espe-bretagne.fr\/mobilites-internationales\/wp-content\/uploads\/pologne-carte.jpg 390w, http:\/\/blog.espe-bretagne.fr\/mobilites-internationales\/wp-content\/uploads\/pologne-carte-300x197.jpg 300w, http:\/\/blog.espe-bretagne.fr\/mobilites-internationales\/wp-content\/uploads\/pologne-carte-150x98.jpg 150w\" sizes=\"auto, (max-width: 390px) 100vw, 390px\" \/><\/a><\/figure>\n\n\n\n<figure class=\"wp-block-image size-large is-style-rounded\"><a href=\"https:\/\/blog.espe-bretagne.fr\/mobilites-internationales\/wp-content\/uploads\/drap-pologne.png\"><img loading=\"lazy\" decoding=\"async\" width=\"225\" height=\"225\" data-id=\"1702\" src=\"https:\/\/blog.espe-bretagne.fr\/mobilites-internationales\/wp-content\/uploads\/drap-pologne.png\" alt=\"\" class=\"wp-image-1702\" srcset=\"http:\/\/blog.espe-bretagne.fr\/mobilites-internationales\/wp-content\/uploads\/drap-pologne.png 225w, http:\/\/blog.espe-bretagne.fr\/mobilites-internationales\/wp-content\/uploads\/drap-pologne-150x150.png 150w\" sizes=\"auto, (max-width: 225px) 100vw, 225px\" \/><\/a><\/figure>\n<\/figure>\n\n\n\n<h2 class=\"wp-block-heading\">Formalit\u00e9s d&rsquo;entr\u00e9e<\/h2>\n\n\n\n<p>La Pologne \u00e9tant membre de l\u2019Union europ\u00e9enne, les ressortissants fran\u00e7ais peuvent y entrer librement munis d\u2019un passeport ou d\u2019une carte nationale d\u2019identit\u00e9 en cours de validit\u00e9.<\/p>\n\n\n\n<p>Les cartes nationales d\u2019identit\u00e9 d\u00e9livr\u00e9es entre le 1er janvier 2004 et le 31 d\u00e9cembre 2013 sont encore valables 5 ans apr\u00e8s la date de fin de validit\u00e9 indiqu\u00e9e au verso mais aucune modification mat\u00e9rielle de la carte plastifi\u00e9e n\u2019en atteste. Attention&nbsp;: cette prolongation ne s\u2019applique pas aux cartes d\u00e9livr\u00e9es aux mineurs (la dur\u00e9e de validit\u00e9 reste de 10 ans).<\/p>\n\n\n\n<p>En cons\u00e9quence, de fa\u00e7on \u00e0 \u00e9viter tout d\u00e9sagr\u00e9ment pendant votre voyage,&nbsp;<strong>il est fortement recommand\u00e9 de privil\u00e9gier l\u2019utilisation d\u2019un passeport valide<\/strong>&nbsp;plut\u00f4t qu\u2019une CNIS portant une date de fin de validit\u00e9 d\u00e9pass\u00e9e, m\u00eame si elle est consid\u00e9r\u00e9e par les autorit\u00e9s fran\u00e7aises comme \u00e9tant toujours en cours de validit\u00e9.<\/p>\n\n\n\n<p>Les personnes qui voyageraient uniquement avec une carte nationale d\u2019identit\u00e9 p\u00e9rim\u00e9e, peuvent t\u00e9l\u00e9charger et imprimer une&nbsp;<a href=\"https:\/\/media.interieur.gouv.fr\/interieur\/cni-15ans\/document-a-telecharger-pologne.pdf\" rel=\"noreferrer noopener\" target=\"_blank\">notice multilingue expliquant ces r\u00e8gles<\/a>&nbsp;(PDF &#8211; 82Ko).<\/p>\n\n\n\n<h2 class=\"wp-block-heading\">Sant\u00e9<\/h2>\n\n\n\n<p>Afin de pouvoir b\u00e9n\u00e9ficier d\u2019une prise en charge par la S\u00e9curit\u00e9 sociale, les Fran\u00e7ais de passage doivent \u00eatre munis d\u2019une carte europ\u00e9enne d\u2019assurance maladie, \u00e0 demander \u00e0 leur caisse locale au moins 15 jours avant le d\u00e9part. Pour plus d\u2019informations, consulter le&nbsp;<a href=\"https:\/\/www.ameli.fr\/assure\/droits-demarches\/europe-international\/protection-sociale-etranger\" rel=\"noreferrer noopener\" target=\"_blank\">site de l\u2019Assurance Maladie en ligne<\/a>.<\/p>\n\n\n\n<p>Afin de faire face aux frais d\u2019hospitalisation et aux d\u00e9penses de sant\u00e9, parfois tr\u00e8s \u00e9lev\u00e9s \u00e0 l\u2019\u00e9tranger, il est recommand\u00e9 de disposer d\u2019un contrat d\u2019assistance ou d\u2019une&nbsp;<a href=\"https:\/\/www.diplomatie.gouv.fr\/fr\/conseils-aux-voyageurs\/informations-pratiques\/preparer-son-depart\/assurances\/\">assurance<\/a>&nbsp;permettant de couvrir tous les frais m\u00e9dicaux et de rapatriement sanitaire. Ces frais ne pourront en aucun cas \u00eatre pris en charge par l\u2019ambassade ou les consulats g\u00e9n\u00e9raux de France sur place.<\/p>\n\n\n\n<p><a href=\"https:\/\/www.diplomatie.gouv.fr\/fr\/conseils-aux-voyageurs\/conseils-par-pays-destination\/pologne#derniere_nopush\">Plus d&rsquo;infos<\/a><\/p>\n","protected":false},"excerpt":{"rendered":"<p>Formalit\u00e9s d&rsquo;entr\u00e9e La Pologne \u00e9tant membre de l\u2019Union europ\u00e9enne, les ressortissants fran\u00e7ais peuvent y entrer librement munis d\u2019un passeport ou d\u2019une carte nationale d\u2019identit\u00e9 en cours de validit\u00e9. Les cartes nationales d\u2019identit\u00e9 d\u00e9livr\u00e9es entre le 1er janvier 2004 et le 31 d\u00e9cembre 2013 sont encore valables 5 ans apr\u00e8s la\u2026<\/p>\n<p> <a class=\"continue-reading-link\" href=\"http:\/\/blog.espe-bretagne.fr\/mobilites-internationales\/ambassade-formalites-dentree-dans-le-pays\/pologne\/\"><span>Continue reading<\/span><i class=\"crycon-right-dir\"><\/i><\/a> <\/p>\n","protected":false},"author":5,"featured_media":0,"parent":1597,"menu_order":0,"comment_status":"closed","ping_status":"closed","template":"","meta":{"footnotes":""},"class_list":["post-1700","page","type-page","status-publish","hentry"],"_links":{"self":[{"href":"http:\/\/blog.espe-bretagne.fr\/mobilites-internationales\/wp-json\/wp\/v2\/pages\/1700","targetHints":{"allow":["GET"]}}],"collection":[{"href":"http:\/\/blog.espe-bretagne.fr\/mobilites-internationales\/wp-json\/wp\/v2\/pages"}],"about":[{"href":"http:\/\/blog.espe-bretagne.fr\/mobilites-internationales\/wp-json\/wp\/v2\/types\/page"}],"author":[{"embeddable":true,"href":"http:\/\/blog.espe-bretagne.fr\/mobilites-internationales\/wp-json\/wp\/v2\/users\/5"}],"replies":[{"embeddable":true,"href":"http:\/\/blog.espe-bretagne.fr\/mobilites-internationales\/wp-json\/wp\/v2\/comments?post=1700"}],"version-history":[{"count":1,"href":"http:\/\/blog.espe-bretagne.fr\/mobilites-internationales\/wp-json\/wp\/v2\/pages\/1700\/revisions"}],"predecessor-version":[{"id":1704,"href":"http:\/\/blog.espe-bretagne.fr\/mobilites-internationales\/wp-json\/wp\/v2\/pages\/1700\/revisions\/1704"}],"up":[{"embeddable":true,"href":"http:\/\/blog.espe-bretagne.fr\/mobilites-internationales\/wp-json\/wp\/v2\/pages\/1597"}],"wp:attachment":[{"href":"http:\/\/blog.espe-bretagne.fr\/mobilites-internationales\/wp-json\/wp\/v2\/media?parent=1700"}],"curies":[{"name":"wp","href":"https:\/\/api.w.org\/{rel}","templated":true}]}}