{"id":1668,"date":"2025-01-28T15:00:14","date_gmt":"2025-01-28T15:00:14","guid":{"rendered":"https:\/\/blog.espe-bretagne.fr\/mobilites-internationales\/?page_id=1668"},"modified":"2025-01-28T15:03:37","modified_gmt":"2025-01-28T15:03:37","slug":"pologne","status":"publish","type":"page","link":"http:\/\/blog.espe-bretagne.fr\/mobilites-internationales\/europe-centrale-2\/pologne\/","title":{"rendered":"Pologne"},"content":{"rendered":"\n<h2 class=\"wp-block-heading\">Lyc\u00e9e fran\u00e7ais de Varsovie<\/h2>\n\n\n\n<figure class=\"wp-block-gallery has-nested-images columns-default is-cropped wp-block-gallery-1 is-layout-flex wp-block-gallery-is-layout-flex\">\n<figure class=\"wp-block-image size-large\"><a href=\"https:\/\/blog.espe-bretagne.fr\/mobilites-internationales\/wp-content\/uploads\/LFV-varsovie.jpg\"><img loading=\"lazy\" decoding=\"async\" width=\"1024\" height=\"654\" data-id=\"1671\" src=\"https:\/\/blog.espe-bretagne.fr\/mobilites-internationales\/wp-content\/uploads\/LFV-varsovie-1024x654.jpg\" alt=\"\" class=\"wp-image-1671\" srcset=\"http:\/\/blog.espe-bretagne.fr\/mobilites-internationales\/wp-content\/uploads\/LFV-varsovie-1024x654.jpg 1024w, http:\/\/blog.espe-bretagne.fr\/mobilites-internationales\/wp-content\/uploads\/LFV-varsovie-300x192.jpg 300w, http:\/\/blog.espe-bretagne.fr\/mobilites-internationales\/wp-content\/uploads\/LFV-varsovie-768x491.jpg 768w, http:\/\/blog.espe-bretagne.fr\/mobilites-internationales\/wp-content\/uploads\/LFV-varsovie-1536x981.jpg 1536w, http:\/\/blog.espe-bretagne.fr\/mobilites-internationales\/wp-content\/uploads\/LFV-varsovie-150x96.jpg 150w, http:\/\/blog.espe-bretagne.fr\/mobilites-internationales\/wp-content\/uploads\/LFV-varsovie.jpg 1683w\" sizes=\"auto, (max-width: 1024px) 100vw, 1024px\" \/><\/a><\/figure>\n\n\n\n<figure class=\"wp-block-image size-large\"><a href=\"https:\/\/blog.espe-bretagne.fr\/mobilites-internationales\/wp-content\/uploads\/LFV_LOGO-1.png\"><img loading=\"lazy\" decoding=\"async\" width=\"1024\" height=\"724\" data-id=\"1670\" src=\"https:\/\/blog.espe-bretagne.fr\/mobilites-internationales\/wp-content\/uploads\/LFV_LOGO-1-1024x724.png\" alt=\"\" class=\"wp-image-1670\" srcset=\"http:\/\/blog.espe-bretagne.fr\/mobilites-internationales\/wp-content\/uploads\/LFV_LOGO-1-1024x724.png 1024w, http:\/\/blog.espe-bretagne.fr\/mobilites-internationales\/wp-content\/uploads\/LFV_LOGO-1-300x212.png 300w, http:\/\/blog.espe-bretagne.fr\/mobilites-internationales\/wp-content\/uploads\/LFV_LOGO-1-768x543.png 768w, http:\/\/blog.espe-bretagne.fr\/mobilites-internationales\/wp-content\/uploads\/LFV_LOGO-1-150x106.png 150w, http:\/\/blog.espe-bretagne.fr\/mobilites-internationales\/wp-content\/uploads\/LFV_LOGO-1.png 1500w\" sizes=\"auto, (max-width: 1024px) 100vw, 1024px\" \/><\/a><\/figure>\n<\/figure>\n\n\n\n<p>Le Lyc\u00e9e fran\u00e7ais de Varsovie (LFV) offre un&nbsp;<strong>enseignement<\/strong> <strong>de haute qualit\u00e9 et continu de la maternelle au lyc\u00e9e.<\/strong><br><br>Membre du r\u00e9seau mondial d\u2019\u00e9ducation g\u00e9r\u00e9 par l\u2019Agence pour l\u2019Enseignement Fran\u00e7ais \u00e0 l\u2019Etranger (AEFE), l\u2019\u00e9tablissement est&nbsp;<strong>homologu\u00e9 par le minist\u00e8re fran\u00e7ais de l\u2019Education nationale<\/strong>&nbsp;et les programmes d\u2019enseignement sont conformes aux r\u00e8gles du syst\u00e8me \u00e9ducatif fran\u00e7ais.<\/p>\n\n\n\n<p><strong>Les enseignements reposent sur une p\u00e9dagogie innovante&nbsp;<\/strong>qui valorise la diversit\u00e9 culturelle et font fructifier l\u2019esprit d\u2019ouverture, en mettant notamment l\u2019accent sur l\u2019apprentissage des&nbsp;langues et l\u2019action citoyenne.<\/p>\n\n\n\n<ul class=\"wp-block-list\">\n<li>700 \u00e9l\u00e8ves sur 4 niveaux d&rsquo;enseignement<\/li>\n\n\n\n<li>70 enseignants<\/li>\n\n\n\n<li>5 langues \u00e9trang\u00e8res dans le programme d&rsquo;enseignement<\/li>\n\n\n\n<li>45 nationalit\u00e9s repr\u00e9sent\u00e9es parmi les \u00e9l\u00e8ves<\/li>\n<\/ul>\n\n\n\n<p><\/p>\n\n\n\n<h2 class=\"wp-block-heading\">International Trilingual School of Warsaw<\/h2>\n\n\n\n<p>ITSW est une \u00e9cole internationale op\u00e9rant depuis 2001, \u00e9duquant sur la base d&rsquo;un curriculum trilingue.<\/p>\n\n\n<div class=\"wp-block-image\">\n<figure class=\"aligncenter size-full\"><a href=\"https:\/\/blog.espe-bretagne.fr\/mobilites-internationales\/wp-content\/uploads\/itsw-logo.png\"><img loading=\"lazy\" decoding=\"async\" width=\"350\" height=\"103\" src=\"https:\/\/blog.espe-bretagne.fr\/mobilites-internationales\/wp-content\/uploads\/itsw-logo.png\" alt=\"\" class=\"wp-image-1672\" srcset=\"http:\/\/blog.espe-bretagne.fr\/mobilites-internationales\/wp-content\/uploads\/itsw-logo.png 350w, http:\/\/blog.espe-bretagne.fr\/mobilites-internationales\/wp-content\/uploads\/itsw-logo-300x88.png 300w, http:\/\/blog.espe-bretagne.fr\/mobilites-internationales\/wp-content\/uploads\/itsw-logo-150x44.png 150w\" sizes=\"auto, (max-width: 350px) 100vw, 350px\" \/><\/a><\/figure>\n<\/div>\n\n\n<p>Ecole maternelle et primaire, personnel venant de 20 pays diff\u00e9rents.<\/p>\n\n\n\n<p>L\u2019Ecole Internationale Trilingue de Varsovie offre un programme \u00e9ducatif ambitieux bas\u00e9 sur les comp\u00e9tences, les approches, les id\u00e9es, les connaissances et l\u2019action. Gr\u00e2ce \u00e0 un programme bas\u00e9 sur des questions, les \u00e9l\u00e8ves sont encourag\u00e9s \u00e0 d\u00e9velopper une pens\u00e9e critique, des comp\u00e9tences scolaires et sociales, et sont encourag\u00e9s \u00e0 apprendre tout au long de leur vie. L&rsquo;\u00e9cole est guid\u00e9e par le principe CLIL (Content Language Integrated Learning), dans lequel trois langues sont un instrument pour apprendre la ma\u00eetrise de la langue, les comp\u00e9tences scolaires et l\u2019acquisition de connaissances.<\/p>\n\n\n\n<p><\/p>\n","protected":false},"excerpt":{"rendered":"<p>Lyc\u00e9e fran\u00e7ais de Varsovie Le Lyc\u00e9e fran\u00e7ais de Varsovie (LFV) offre un&nbsp;enseignement de haute qualit\u00e9 et continu de la maternelle au lyc\u00e9e. Membre du r\u00e9seau mondial d\u2019\u00e9ducation g\u00e9r\u00e9 par l\u2019Agence pour l\u2019Enseignement Fran\u00e7ais \u00e0 l\u2019Etranger (AEFE), l\u2019\u00e9tablissement est&nbsp;homologu\u00e9 par le minist\u00e8re fran\u00e7ais de l\u2019Education nationale&nbsp;et les programmes d\u2019enseignement sont conformes\u2026<\/p>\n<p> <a class=\"continue-reading-link\" href=\"http:\/\/blog.espe-bretagne.fr\/mobilites-internationales\/europe-centrale-2\/pologne\/\"><span>Continue reading<\/span><i class=\"crycon-right-dir\"><\/i><\/a> <\/p>\n","protected":false},"author":5,"featured_media":0,"parent":69,"menu_order":0,"comment_status":"closed","ping_status":"closed","template":"","meta":{"footnotes":""},"class_list":["post-1668","page","type-page","status-publish","hentry"],"_links":{"self":[{"href":"http:\/\/blog.espe-bretagne.fr\/mobilites-internationales\/wp-json\/wp\/v2\/pages\/1668","targetHints":{"allow":["GET"]}}],"collection":[{"href":"http:\/\/blog.espe-bretagne.fr\/mobilites-internationales\/wp-json\/wp\/v2\/pages"}],"about":[{"href":"http:\/\/blog.espe-bretagne.fr\/mobilites-internationales\/wp-json\/wp\/v2\/types\/page"}],"author":[{"embeddable":true,"href":"http:\/\/blog.espe-bretagne.fr\/mobilites-internationales\/wp-json\/wp\/v2\/users\/5"}],"replies":[{"embeddable":true,"href":"http:\/\/blog.espe-bretagne.fr\/mobilites-internationales\/wp-json\/wp\/v2\/comments?post=1668"}],"version-history":[{"count":2,"href":"http:\/\/blog.espe-bretagne.fr\/mobilites-internationales\/wp-json\/wp\/v2\/pages\/1668\/revisions"}],"predecessor-version":[{"id":1675,"href":"http:\/\/blog.espe-bretagne.fr\/mobilites-internationales\/wp-json\/wp\/v2\/pages\/1668\/revisions\/1675"}],"up":[{"embeddable":true,"href":"http:\/\/blog.espe-bretagne.fr\/mobilites-internationales\/wp-json\/wp\/v2\/pages\/69"}],"wp:attachment":[{"href":"http:\/\/blog.espe-bretagne.fr\/mobilites-internationales\/wp-json\/wp\/v2\/media?parent=1668"}],"curies":[{"name":"wp","href":"https:\/\/api.w.org\/{rel}","templated":true}]}}