{"id":1597,"date":"2022-12-19T09:59:45","date_gmt":"2022-12-19T09:59:45","guid":{"rendered":"http:\/\/blog.espe-bretagne.fr\/mobilites-internationales\/?page_id=1597"},"modified":"2023-01-11T09:47:27","modified_gmt":"2023-01-11T09:47:27","slug":"ambassade-formalites-dentree-dans-le-pays","status":"publish","type":"page","link":"http:\/\/blog.espe-bretagne.fr\/mobilites-internationales\/ambassade-formalites-dentree-dans-le-pays\/","title":{"rendered":"Informations \/ formalit\u00e9s d&rsquo;entr\u00e9e dans le pays"},"content":{"rendered":"\n<p><a href=\"http:\/\/blog.espe-bretagne.fr\/mobilites-internationales\/ambassade-formalites-dentree-dans-le-pays\/1523-2\/\">Espagne<\/a><\/p>\n\n\n\n<p><a href=\"http:\/\/blog.espe-bretagne.fr\/mobilites-internationales\/ambassade-formalites-dentree-dans-le-pays\/etats-unis\/\">Etats-Unis Louisiane<\/a><\/p>\n\n\n\n<p><a href=\"http:\/\/blog.espe-bretagne.fr\/mobilites-internationales\/ambassade-formalites-dentree-dans-le-pays\/finlande\/\">Finlande<\/a><\/p>\n\n\n\n<p><a href=\"http:\/\/blog.espe-bretagne.fr\/mobilites-internationales\/ambassade-formalites-dentree-dans-le-pays\/hongrie\/\">Hongrie<\/a><\/p>\n\n\n\n<p><a href=\"http:\/\/blog.espe-bretagne.fr\/mobilites-internationales\/ambassade-formalites-dentree-dans-le-pays\/irlande\/\">Irlande<\/a><\/p>\n\n\n\n<p><a href=\"http:\/\/blog.espe-bretagne.fr\/mobilites-internationales\/ambassade-formalites-dentree-dans-le-pays\/1563-2\/\">Italie<\/a><\/p>\n\n\n\n<p><a href=\"http:\/\/blog.espe-bretagne.fr\/mobilites-internationales\/ambassade-formalites-dentree-dans-le-pays\/lituanie\/\">Lituanie<\/a><\/p>\n\n\n\n<p><a href=\"http:\/\/blog.espe-bretagne.fr\/mobilites-internationales\/ambassade-formalites-dentree-dans-le-pays\/maroc\/\">Maroc<\/a><\/p>\n\n\n\n<p><a href=\"http:\/\/blog.espe-bretagne.fr\/mobilites-internationales\/ambassade-formalites-dentree-dans-le-pays\/pays-bas\/\">Pays-bas<\/a><\/p>\n\n\n\n<p><a href=\"http:\/\/blog.espe-bretagne.fr\/mobilites-internationales\/ambassade-formalites-dentree-dans-le-pays\/portugal\/\">Portugal<\/a><\/p>\n\n\n\n<p><a href=\"http:\/\/blog.espe-bretagne.fr\/mobilites-internationales\/ambassade-formalites-dentree-dans-le-pays\/republique-tcheque\/\">R\u00e9publique tch\u00e8que<\/a><\/p>\n\n\n\n<p><a href=\"http:\/\/blog.espe-bretagne.fr\/mobilites-internationales\/ambassade-formalites-dentree-dans-le-pays\/roumanie\/\">Roumanie<\/a><\/p>\n\n\n\n<p><a href=\"http:\/\/blog.espe-bretagne.fr\/mobilites-internationales\/ambassade-formalites-dentree-dans-le-pays\/senegal\/\">S\u00e9n\u00e9gal<\/a><\/p>\n\n\n\n<p><a href=\"http:\/\/blog.espe-bretagne.fr\/mobilites-internationales\/ambassade-formalites-dentree-dans-le-pays\/suede\/\">Su\u00e8de<\/a><\/p>\n","protected":false},"excerpt":{"rendered":"<p>Espagne Etats-Unis Louisiane Finlande Hongrie Irlande Italie Lituanie Maroc Pays-bas Portugal R\u00e9publique tch\u00e8que Roumanie S\u00e9n\u00e9gal Su\u00e8de<\/p>\n<p> <a class=\"continue-reading-link\" href=\"http:\/\/blog.espe-bretagne.fr\/mobilites-internationales\/ambassade-formalites-dentree-dans-le-pays\/\"><span>Continue reading<\/span><i class=\"crycon-right-dir\"><\/i><\/a> <\/p>\n","protected":false},"author":5,"featured_media":0,"parent":0,"menu_order":0,"comment_status":"closed","ping_status":"closed","template":"","meta":{"footnotes":""},"class_list":["post-1597","page","type-page","status-publish","hentry"],"_links":{"self":[{"href":"http:\/\/blog.espe-bretagne.fr\/mobilites-internationales\/wp-json\/wp\/v2\/pages\/1597","targetHints":{"allow":["GET"]}}],"collection":[{"href":"http:\/\/blog.espe-bretagne.fr\/mobilites-internationales\/wp-json\/wp\/v2\/pages"}],"about":[{"href":"http:\/\/blog.espe-bretagne.fr\/mobilites-internationales\/wp-json\/wp\/v2\/types\/page"}],"author":[{"embeddable":true,"href":"http:\/\/blog.espe-bretagne.fr\/mobilites-internationales\/wp-json\/wp\/v2\/users\/5"}],"replies":[{"embeddable":true,"href":"http:\/\/blog.espe-bretagne.fr\/mobilites-internationales\/wp-json\/wp\/v2\/comments?post=1597"}],"version-history":[{"count":4,"href":"http:\/\/blog.espe-bretagne.fr\/mobilites-internationales\/wp-json\/wp\/v2\/pages\/1597\/revisions"}],"predecessor-version":[{"id":1616,"href":"http:\/\/blog.espe-bretagne.fr\/mobilites-internationales\/wp-json\/wp\/v2\/pages\/1597\/revisions\/1616"}],"wp:attachment":[{"href":"http:\/\/blog.espe-bretagne.fr\/mobilites-internationales\/wp-json\/wp\/v2\/media?parent=1597"}],"curies":[{"name":"wp","href":"https:\/\/api.w.org\/{rel}","templated":true}]}}