{"id":1591,"date":"2022-12-19T09:50:01","date_gmt":"2022-12-19T09:50:01","guid":{"rendered":"http:\/\/blog.espe-bretagne.fr\/mobilites-internationales\/?page_id=1591"},"modified":"2025-01-29T08:03:40","modified_gmt":"2025-01-29T08:03:40","slug":"maroc","status":"publish","type":"page","link":"http:\/\/blog.espe-bretagne.fr\/mobilites-internationales\/ambassade-formalites-dentree-dans-le-pays\/maroc\/","title":{"rendered":"Maroc"},"content":{"rendered":"<div class=\"wp-block-image\">\n<figure class=\"aligncenter size-full\"><a href=\"http:\/\/blog.espe-bretagne.fr\/mobilites-internationales\/wp-content\/uploads\/maroc.png\"><img loading=\"lazy\" decoding=\"async\" width=\"567\" height=\"397\" src=\"http:\/\/blog.espe-bretagne.fr\/mobilites-internationales\/wp-content\/uploads\/maroc.png\" alt=\"\" class=\"wp-image-1592\" srcset=\"http:\/\/blog.espe-bretagne.fr\/mobilites-internationales\/wp-content\/uploads\/maroc.png 567w, http:\/\/blog.espe-bretagne.fr\/mobilites-internationales\/wp-content\/uploads\/maroc-300x210.png 300w, http:\/\/blog.espe-bretagne.fr\/mobilites-internationales\/wp-content\/uploads\/maroc-150x105.png 150w\" sizes=\"auto, (max-width: 567px) 100vw, 567px\" \/><\/a><\/figure>\n<\/div>\n\n\n<p class=\"has-text-align-left\">Monnaie&nbsp;: Dirham marocain (1 dirham marocain&nbsp;: 0.093 euro)<\/p>\n\n\n\n<p><strong>Papiers d\u2019identit\u00e9<\/strong><\/p>\n\n\n\n<p>Pour un s\u00e9jour au Maroc, il convient de disposer d\u2019un passeport en cours de validit\u00e9 couvrant la totalit\u00e9 du s\u00e9jour programm\u00e9.<\/p>\n\n\n\n<p>La d\u00e9livrance d\u2019un laissez-passer de retour en France ne sera pas possible pour les personnes \u00e9tant entr\u00e9es au Maroc sans passeport fran\u00e7ais valable pour toute la dur\u00e9e du s\u00e9jour.<\/p>\n\n\n\n<p>Aucun laissez-passer ne pourra \u00eatre d\u00e9livr\u00e9 par un Consulat g\u00e9n\u00e9ral de France au Maroc \u00e0 un citoyen fran\u00e7ais&nbsp;:<\/p>\n\n\n\n<ul class=\"wp-block-list\">\n<li>pr\u00e9sentant un passeport expir\u00e9 ou une d\u00e9claration de perte\/vol d\u2019un passeport fran\u00e7ais d\u00e9j\u00e0 expir\u00e9\u00a0;<\/li>\n\n\n\n<li>arriv\u00e9 au Maroc sans passeport fran\u00e7ais et souhaitant retourner en France \u00e0 l\u2019issue de son s\u00e9jour marocain.<\/li>\n<\/ul>\n\n\n\n<p>Dans les deux cas, il convient de demander le renouvellement ou la d\u00e9livrance d\u2019un nouveau passeport biom\u00e9trique dans un Consulat g\u00e9n\u00e9ral de France au Maroc. Cette d\u00e9marche prend environ 4 semaines \u00e0 partir de la date de rendez-vous et sous r\u00e9serve de la pr\u00e9sentation de tous les justificatifs requis \u00e0 cet effet. Les rendez-vous sont \u00e0 prendre en ligne sur le site du Consulat g\u00e9n\u00e9ral de France de la zone de r\u00e9sidence.<\/p>\n\n\n\n<p>Le passeport est obligatoire, y compris pour les groupes en voyage touristique organis\u00e9.<\/p>\n\n\n\n<p>L\u2019admission sur le territoire marocain n\u2019est plus possible sur la pr\u00e9sentation de la seule carte nationale d\u2019identit\u00e9.<\/p>\n\n\n\n<p>Il convient de v\u00e9rifier, \u00e0 l\u2019arriv\u00e9e, que le passeport a \u00e9t\u00e9 vis\u00e9 par les autorit\u00e9s de police des fronti\u00e8res (mention d\u2019un num\u00e9ro lors d\u2019une premi\u00e8re visite et cachet d\u2019entr\u00e9e, sous peine de se trouver, \u00e0 son insu, en s\u00e9jour ill\u00e9gal).<\/p>\n\n\n\n<p>Les personnes qui ne sont ni r\u00e9sidentes au Maroc ni de nationalit\u00e9 marocaine, qu\u2019elles soient soumises aux formalit\u00e9s de visa ou pas, doivent \u00eatre munies, \u00e0 leur arriv\u00e9e au Maroc, de leur billet de retour et des justificatifs de moyens de subsistance suffisants durant leur s\u00e9jour dans le pays.<br>Dans le cas exceptionnel d\u2019un maintien sur le sol marocain au-del\u00e0 de trois mois (90 jours exactement), il convient de prendre l\u2019attache du service marocain de l\u2019immigration et de solliciter une prolongation de l\u2019autorisation de s\u00e9jour, qui ne pourra pas exc\u00e9der trois mois.<\/p>\n\n\n\n<p>Tout s\u00e9jour irr\u00e9gulier est puni d\u2019une amende ainsi que d\u2019une mesure d\u2019expulsion assortie d\u2019une interdiction de s\u00e9jour.<\/p>\n\n\n\n<p>La fronti\u00e8re entre le Maroc et l\u2019Alg\u00e9rie est ferm\u00e9e.<\/p>\n\n\n\n<p><strong>Sant\u00e9&nbsp;:<\/strong><\/p>\n\n\n\n<ul class=\"wp-block-list\">\n<li>Afin de faire face aux frais d\u2019hospitalisation et aux d\u00e9penses de sant\u00e9 parfois tr\u00e8s \u00e9lev\u00e9s \u00e0 l\u2019\u00e9tranger, il est vivement recommand\u00e9 de disposer d\u2019un contrat d\u2019assistance ou d\u2019une\u00a0<a href=\"https:\/\/www.diplomatie.gouv.fr\/fr\/conseils-aux-voyageurs\/informations-pratiques\/preparer-son-depart\/assurances\/\">assurance<\/a>\u00a0permettant de couvrir tous les frais m\u00e9dicaux (notamment la chirurgie et l\u2019hospitalisation) et de rapatriement sanitaire, au risque de ne pas avoir acc\u00e8s aux soins, y compris en cas d\u2019urgence vitale. Ces frais ne pourront en aucun cas \u00eatre pris en charge par l\u2019ambassade ou les consulats g\u00e9n\u00e9raux de France sur place.<\/li>\n\n\n\n<li>Il convient de v\u00e9rifier l\u2019\u00e9tendue et la validit\u00e9 au Maroc de sa couverture m\u00e9dicale. Les \u00e9tablissements hospitaliers peuvent r\u00e9clamer le paiement int\u00e9gral des frais m\u00e9dicaux avant la sortie des patients sous r\u00e9serve de poursuites judiciaires.<\/li>\n<\/ul>\n\n\n\n<p><\/p>\n","protected":false},"excerpt":{"rendered":"<p>Monnaie&nbsp;: Dirham marocain (1 dirham marocain&nbsp;: 0.093 euro) Papiers d\u2019identit\u00e9 Pour un s\u00e9jour au Maroc, il convient de disposer d\u2019un passeport en cours de validit\u00e9 couvrant la totalit\u00e9 du s\u00e9jour programm\u00e9. La d\u00e9livrance d\u2019un laissez-passer de retour en France ne sera pas possible pour les personnes \u00e9tant entr\u00e9es au Maroc\u2026<\/p>\n<p> <a class=\"continue-reading-link\" href=\"http:\/\/blog.espe-bretagne.fr\/mobilites-internationales\/ambassade-formalites-dentree-dans-le-pays\/maroc\/\"><span>Continue reading<\/span><i class=\"crycon-right-dir\"><\/i><\/a> <\/p>\n","protected":false},"author":5,"featured_media":0,"parent":1597,"menu_order":0,"comment_status":"closed","ping_status":"closed","template":"","meta":{"footnotes":""},"class_list":["post-1591","page","type-page","status-publish","hentry"],"_links":{"self":[{"href":"http:\/\/blog.espe-bretagne.fr\/mobilites-internationales\/wp-json\/wp\/v2\/pages\/1591","targetHints":{"allow":["GET"]}}],"collection":[{"href":"http:\/\/blog.espe-bretagne.fr\/mobilites-internationales\/wp-json\/wp\/v2\/pages"}],"about":[{"href":"http:\/\/blog.espe-bretagne.fr\/mobilites-internationales\/wp-json\/wp\/v2\/types\/page"}],"author":[{"embeddable":true,"href":"http:\/\/blog.espe-bretagne.fr\/mobilites-internationales\/wp-json\/wp\/v2\/users\/5"}],"replies":[{"embeddable":true,"href":"http:\/\/blog.espe-bretagne.fr\/mobilites-internationales\/wp-json\/wp\/v2\/comments?post=1591"}],"version-history":[{"count":3,"href":"http:\/\/blog.espe-bretagne.fr\/mobilites-internationales\/wp-json\/wp\/v2\/pages\/1591\/revisions"}],"predecessor-version":[{"id":1688,"href":"http:\/\/blog.espe-bretagne.fr\/mobilites-internationales\/wp-json\/wp\/v2\/pages\/1591\/revisions\/1688"}],"up":[{"embeddable":true,"href":"http:\/\/blog.espe-bretagne.fr\/mobilites-internationales\/wp-json\/wp\/v2\/pages\/1597"}],"wp:attachment":[{"href":"http:\/\/blog.espe-bretagne.fr\/mobilites-internationales\/wp-json\/wp\/v2\/media?parent=1591"}],"curies":[{"name":"wp","href":"https:\/\/api.w.org\/{rel}","templated":true}]}}