{"id":1585,"date":"2022-12-19T09:29:50","date_gmt":"2022-12-19T09:29:50","guid":{"rendered":"http:\/\/blog.espe-bretagne.fr\/mobilites-internationales\/?page_id=1585"},"modified":"2025-01-29T08:13:34","modified_gmt":"2025-01-29T08:13:34","slug":"suede","status":"publish","type":"page","link":"http:\/\/blog.espe-bretagne.fr\/mobilites-internationales\/ambassade-formalites-dentree-dans-le-pays\/suede\/","title":{"rendered":"Su\u00e8de"},"content":{"rendered":"<div class=\"wp-block-image\">\n<figure class=\"aligncenter size-full\"><a href=\"http:\/\/blog.espe-bretagne.fr\/mobilites-internationales\/wp-content\/uploads\/suede.png\"><img loading=\"lazy\" decoding=\"async\" width=\"585\" height=\"414\" src=\"http:\/\/blog.espe-bretagne.fr\/mobilites-internationales\/wp-content\/uploads\/suede.png\" alt=\"\" class=\"wp-image-1586\" srcset=\"http:\/\/blog.espe-bretagne.fr\/mobilites-internationales\/wp-content\/uploads\/suede.png 585w, http:\/\/blog.espe-bretagne.fr\/mobilites-internationales\/wp-content\/uploads\/suede-300x212.png 300w, http:\/\/blog.espe-bretagne.fr\/mobilites-internationales\/wp-content\/uploads\/suede-150x106.png 150w\" sizes=\"auto, (max-width: 585px) 100vw, 585px\" \/><\/a><\/figure>\n<\/div>\n\n\n<p class=\"has-text-align-left\"><strong>Monnaie <\/strong>: Couronne su\u00e9doise (1 Couronne su\u00e9doise = 0,092 Euro) <\/p>\n\n\n\n<p><strong>Formalit\u00e9s d\u2019entr\u00e9e et de s\u00e9jour<\/strong><\/p>\n\n\n\n<p>La Su\u00e8de \u00e9tant membre de l\u2019Union europ\u00e9enne, les ressortissants fran\u00e7ais peuvent y entrer librement, munis d\u2019un passeport ou d\u2019une carte nationale d\u2019identit\u00e9 en cours de validit\u00e9.<\/p>\n\n\n\n<p><strong>Toutefois il est conseill\u00e9 de se rendre en Su\u00e8de soit avec un passeport, soit avec une carte nationale d\u2019identit\u00e9 au format \u00e9lectronique et en cours de validit\u00e9<\/strong>&nbsp;(<a href=\"https:\/\/www.interieur.gouv.fr\/actualites\/actu-du-ministere\/nouvelle-carte-nationale-didentite\" rel=\"noreferrer noopener\" target=\"_blank\">https:\/\/www.interieur.gouv.fr\/actualites\/actu-du-ministere\/nouvelle-carte-nationale-didentite<\/a>&nbsp;).<\/p>\n\n\n\n<p>Les cartes nationales d\u2019identit\u00e9 (CNI) d\u00e9livr\u00e9es \u00e0 des personnes majeures entre le 1er janvier 2004 et le 31 d\u00e9cembre 2013 sont encore valables 5 ans apr\u00e8s la date de fin de validit\u00e9 indiqu\u00e9e au verso. Toutefois, aucune modification mat\u00e9rielle de la carte plastifi\u00e9e n\u2019en atteste.<br><strong>En cons\u00e9quence, de fa\u00e7on \u00e0 \u00e9viter tout d\u00e9sagr\u00e9ment pendant du voyage, il est fortement recommand\u00e9 de privil\u00e9gier l\u2019utilisation d\u2019un passeport valide \u00e0 celle d\u2019une CNI portant une date de fin de validit\u00e9 d\u00e9pass\u00e9e<\/strong>, m\u00eame si elle est consid\u00e9r\u00e9e par les autorit\u00e9s fran\u00e7aises comme \u00e9tant toujours en cours de validit\u00e9.<br>En cas de voyage uniquement avec une carte nationale d\u2019identit\u00e9, il est important de t\u00e9l\u00e9charger et d\u2019imprimer la&nbsp;<a href=\"https:\/\/media.interieur.gouv.fr\/interieur\/cni-15ans\/document-a-telecharger-suede.pdf\" rel=\"noreferrer noopener\" target=\"_blank\">notice multilingue<\/a>&nbsp;expliquant ces nouvelles r\u00e8gles (PDF &#8211; 81,2 Ko).<\/p>\n\n\n\n<p><strong>De plus, certaines banques ou certaines administrations ne reconnaissant pas la carte nationale d\u2019identit\u00e9 ancien format, (m\u00eame si elle est encore valide)&nbsp;: il est pr\u00e9f\u00e9rable de pr\u00e9senter un passeport.<\/strong><\/p>\n\n\n\n<h4 class=\"wp-block-heading\">Contr\u00f4les de police aux fronti\u00e8res avec le Danemark<\/h4>\n\n\n\n<p>Les contr\u00f4les d\u2019identit\u00e9 sont renforc\u00e9s \u00e0 la fronti\u00e8re avec le Danemark, notamment sur les liaisons par ferry ainsi que sur les bus et trains empruntant le pont de l\u2019\u00d6resund.<br>Les personnes voyageant en v\u00e9hicule particulier peuvent \u00e9galement faire l\u2019objet de contr\u00f4les.<\/p>\n\n\n\n<p><strong>Sant\u00e9<\/strong><\/p>\n\n\n\n<p>Afin de pouvoir b\u00e9n\u00e9ficier d\u2019une prise en charge par la S\u00e9curit\u00e9 sociale, les Fran\u00e7ais de passage doivent \u00eatre munis d\u2019une carte europ\u00e9enne d\u2019assurance maladie, \u00e0 demander \u00e0 leur caisse locale au moins 15 jours avant le d\u00e9part. Pour plus d\u2019informations, consulter le site de&nbsp;<a href=\"https:\/\/www.ameli.fr\/assure\/droits-demarches\/europe-international\" rel=\"noreferrer noopener\" target=\"_blank\">l\u2019Assurance maladie<\/a>.<\/p>\n\n\n\n<p>Afin de faire face aux frais d\u2019hospitalisation et aux d\u00e9penses de sant\u00e9, parfois tr\u00e8s \u00e9lev\u00e9s \u00e0 l\u2019\u00e9tranger, il est recommand\u00e9 de disposer d\u2019un contrat d\u2019assistance ou d\u2019une&nbsp;<a href=\"https:\/\/www.diplomatie.gouv.fr\/fr\/conseils-aux-voyageurs\/informations-pratiques\/preparer-son-depart\/assurances\/\">assurance<\/a>&nbsp;permettant de couvrir tous les frais m\u00e9dicaux et de rapatriement sanitaire. Ces frais ne pourront en aucun cas \u00eatre pris en charge par l\u2019ambassade de France sur place.<\/p>\n\n\n\n<p><a href=\"https:\/\/se.ambafrance.org\/-Francais-\" target=\"_blank\" rel=\"noreferrer noopener\">https:\/\/se.ambafrance.org\/-Francais-<\/a><\/p>\n\n\n\n<p><\/p>\n","protected":false},"excerpt":{"rendered":"<p>Monnaie : Couronne su\u00e9doise (1 Couronne su\u00e9doise = 0,092 Euro) Formalit\u00e9s d\u2019entr\u00e9e et de s\u00e9jour La Su\u00e8de \u00e9tant membre de l\u2019Union europ\u00e9enne, les ressortissants fran\u00e7ais peuvent y entrer librement, munis d\u2019un passeport ou d\u2019une carte nationale d\u2019identit\u00e9 en cours de validit\u00e9. Toutefois il est conseill\u00e9 de se rendre en Su\u00e8de\u2026<\/p>\n<p> <a class=\"continue-reading-link\" href=\"http:\/\/blog.espe-bretagne.fr\/mobilites-internationales\/ambassade-formalites-dentree-dans-le-pays\/suede\/\"><span>Continue reading<\/span><i class=\"crycon-right-dir\"><\/i><\/a> <\/p>\n","protected":false},"author":5,"featured_media":0,"parent":1597,"menu_order":0,"comment_status":"closed","ping_status":"closed","template":"","meta":{"footnotes":""},"class_list":["post-1585","page","type-page","status-publish","hentry"],"_links":{"self":[{"href":"http:\/\/blog.espe-bretagne.fr\/mobilites-internationales\/wp-json\/wp\/v2\/pages\/1585","targetHints":{"allow":["GET"]}}],"collection":[{"href":"http:\/\/blog.espe-bretagne.fr\/mobilites-internationales\/wp-json\/wp\/v2\/pages"}],"about":[{"href":"http:\/\/blog.espe-bretagne.fr\/mobilites-internationales\/wp-json\/wp\/v2\/types\/page"}],"author":[{"embeddable":true,"href":"http:\/\/blog.espe-bretagne.fr\/mobilites-internationales\/wp-json\/wp\/v2\/users\/5"}],"replies":[{"embeddable":true,"href":"http:\/\/blog.espe-bretagne.fr\/mobilites-internationales\/wp-json\/wp\/v2\/comments?post=1585"}],"version-history":[{"count":4,"href":"http:\/\/blog.espe-bretagne.fr\/mobilites-internationales\/wp-json\/wp\/v2\/pages\/1585\/revisions"}],"predecessor-version":[{"id":1699,"href":"http:\/\/blog.espe-bretagne.fr\/mobilites-internationales\/wp-json\/wp\/v2\/pages\/1585\/revisions\/1699"}],"up":[{"embeddable":true,"href":"http:\/\/blog.espe-bretagne.fr\/mobilites-internationales\/wp-json\/wp\/v2\/pages\/1597"}],"wp:attachment":[{"href":"http:\/\/blog.espe-bretagne.fr\/mobilites-internationales\/wp-json\/wp\/v2\/media?parent=1585"}],"curies":[{"name":"wp","href":"https:\/\/api.w.org\/{rel}","templated":true}]}}