{"id":1582,"date":"2022-12-19T09:24:41","date_gmt":"2022-12-19T09:24:41","guid":{"rendered":"http:\/\/blog.espe-bretagne.fr\/mobilites-internationales\/?page_id=1582"},"modified":"2025-01-29T08:09:53","modified_gmt":"2025-01-29T08:09:53","slug":"roumanie","status":"publish","type":"page","link":"http:\/\/blog.espe-bretagne.fr\/mobilites-internationales\/ambassade-formalites-dentree-dans-le-pays\/roumanie\/","title":{"rendered":"Roumanie"},"content":{"rendered":"<div class=\"wp-block-image\">\n<figure class=\"aligncenter size-full\"><a href=\"http:\/\/blog.espe-bretagne.fr\/mobilites-internationales\/wp-content\/uploads\/Roumanie.png\"><img loading=\"lazy\" decoding=\"async\" width=\"865\" height=\"423\" src=\"http:\/\/blog.espe-bretagne.fr\/mobilites-internationales\/wp-content\/uploads\/Roumanie.png\" alt=\"\" class=\"wp-image-1583\" srcset=\"http:\/\/blog.espe-bretagne.fr\/mobilites-internationales\/wp-content\/uploads\/Roumanie.png 865w, http:\/\/blog.espe-bretagne.fr\/mobilites-internationales\/wp-content\/uploads\/Roumanie-300x147.png 300w, http:\/\/blog.espe-bretagne.fr\/mobilites-internationales\/wp-content\/uploads\/Roumanie-768x376.png 768w, http:\/\/blog.espe-bretagne.fr\/mobilites-internationales\/wp-content\/uploads\/Roumanie-150x73.png 150w\" sizes=\"auto, (max-width: 865px) 100vw, 865px\" \/><\/a><\/figure>\n<\/div>\n\n\n<p class=\"has-text-align-left\"><strong>Monnaie&nbsp;: <\/strong>Leu roumain (1 Leu roumain = 0.20 euro)<\/p>\n\n\n\n<p><strong>Formalit\u00e9s d\u2019entr\u00e9e et de s\u00e9jour<\/strong><\/p>\n\n\n\n<p>La Roumanie \u00e9tant membre de l\u2019Union europ\u00e9enne, les ressortissants fran\u00e7ais peuvent y entrer munis d\u2019un passeport ou d\u2019une carte nationale d\u2019identit\u00e9 (CNI) en cours de validit\u00e9.<\/p>\n\n\n\n<p>Les cartes nationales d\u2019identit\u00e9 d\u00e9livr\u00e9es \u00e0 des personnes majeures entre le 1er janvier 2004 et le 31 d\u00e9cembre 2013 sont encore valables 5 ans apr\u00e8s la date de fin de validit\u00e9 indiqu\u00e9e au verso. Cette prolongation ne s\u2019applique pas aux cartes d\u00e9livr\u00e9es aux mineurs. Aucune modification mat\u00e9rielle de la carte plastifi\u00e9e n\u2019atteste de cette prolongation.<\/p>\n\n\n\n<p>En cons\u00e9quence, de fa\u00e7on \u00e0 \u00e9viter tout d\u00e9sagr\u00e9ment pendant votre voyage, il est recommand\u00e9 de privil\u00e9gier l\u2019utilisation d\u2019un passeport valide plut\u00f4t qu\u2019une CNI portant une date de fin de validit\u00e9 d\u00e9pass\u00e9e, m\u00eame si elle est consid\u00e9r\u00e9e par les autorit\u00e9s fran\u00e7aises comme \u00e9tant toujours en cours de validit\u00e9. La Roumanie n\u2019a pas reconnu officiellement la prolongation de la validit\u00e9 faciale des CNI au-del\u00e0 de dix ans, et des cas de Fran\u00e7ais bloqu\u00e9s \u00e0 la fronti\u00e8re ont \u00e9t\u00e9 signal\u00e9s.<\/p>\n\n\n\n<p>En cas de voyage uniquement avec une carte nationale d\u2019identit\u00e9, t\u00e9l\u00e9charger et imprimer la&nbsp;<a href=\"https:\/\/media.interieur.gouv.fr\/interieur\/cni-15ans\/document-a-telecharger-roumanie.pdf\" rel=\"noreferrer noopener\" target=\"_blank\">notice multilingue<\/a>&nbsp;(PDF &#8211; 81,4 Ko) expliquant ces r\u00e8gles.<\/p>\n\n\n\n<p><a href=\"https:\/\/www.diplomatie.gouv.fr\/fr\/conseils-aux-voyageurs\/conseils-par-pays-destination\/roumanie#entree\">https:\/\/www.diplomatie.gouv.fr\/fr\/conseils-aux-voyageurs\/conseils-par-pays-destination\/roumanie#entree<\/a><\/p>\n\n\n\n<p><strong>Sant\u00e9<\/strong><\/p>\n\n\n\n<p>Afin de faire face aux frais d\u2019hospitalisation et aux d\u00e9penses de sant\u00e9 parfois tr\u00e8s \u00e9lev\u00e9s \u00e0 l\u2019\u00e9tranger, il est imp\u00e9ratif de disposer d\u2019un contrat d\u2019assistance ou d\u2019une&nbsp;<a href=\"https:\/\/www.diplomatie.gouv.fr\/fr\/conseils-aux-voyageurs\/informations-pratiques\/preparer-son-depart\/assurances\/\">assurance<\/a>&nbsp;permettant de couvrir tous les frais m\u00e9dicaux (chirurgie, hospitalisation, etc.) et de rapatriement sanitaire, au risque de ne pas avoir acc\u00e8s aux soins, y compris en cas d\u2019urgence vitale. Ces frais ne pourront en aucun cas \u00eatre pris en charge par l\u2019ambassade de France sur place.<\/p>\n\n\n\n<p>Afin de pouvoir b\u00e9n\u00e9ficier d\u2019une prise en charge par la S\u00e9curit\u00e9 sociale, les Fran\u00e7ais de passage doivent imp\u00e9rativement \u00eatre munis d\u2019une carte europ\u00e9enne d\u2019assurance maladie, \u00e0 demander \u00e0 leur caisse locale au moins 15 jours avant le d\u00e9part.<\/p>\n\n\n\n<p>Pour plus d\u2019informations, consulter le site de l\u2019<a href=\"https:\/\/www.ameli.fr\/assure\/droits-demarches\/europe-international\" rel=\"noreferrer noopener\" target=\"_blank\">Assurance Maladie<\/a>&nbsp;en ligne.<\/p>\n","protected":false},"excerpt":{"rendered":"<p>Monnaie&nbsp;: Leu roumain (1 Leu roumain = 0.20 euro) Formalit\u00e9s d\u2019entr\u00e9e et de s\u00e9jour La Roumanie \u00e9tant membre de l\u2019Union europ\u00e9enne, les ressortissants fran\u00e7ais peuvent y entrer munis d\u2019un passeport ou d\u2019une carte nationale d\u2019identit\u00e9 (CNI) en cours de validit\u00e9. Les cartes nationales d\u2019identit\u00e9 d\u00e9livr\u00e9es \u00e0 des personnes majeures entre\u2026<\/p>\n<p> <a class=\"continue-reading-link\" href=\"http:\/\/blog.espe-bretagne.fr\/mobilites-internationales\/ambassade-formalites-dentree-dans-le-pays\/roumanie\/\"><span>Continue reading<\/span><i class=\"crycon-right-dir\"><\/i><\/a> <\/p>\n","protected":false},"author":5,"featured_media":0,"parent":1597,"menu_order":0,"comment_status":"closed","ping_status":"closed","template":"","meta":{"footnotes":""},"class_list":["post-1582","page","type-page","status-publish","hentry"],"_links":{"self":[{"href":"http:\/\/blog.espe-bretagne.fr\/mobilites-internationales\/wp-json\/wp\/v2\/pages\/1582","targetHints":{"allow":["GET"]}}],"collection":[{"href":"http:\/\/blog.espe-bretagne.fr\/mobilites-internationales\/wp-json\/wp\/v2\/pages"}],"about":[{"href":"http:\/\/blog.espe-bretagne.fr\/mobilites-internationales\/wp-json\/wp\/v2\/types\/page"}],"author":[{"embeddable":true,"href":"http:\/\/blog.espe-bretagne.fr\/mobilites-internationales\/wp-json\/wp\/v2\/users\/5"}],"replies":[{"embeddable":true,"href":"http:\/\/blog.espe-bretagne.fr\/mobilites-internationales\/wp-json\/wp\/v2\/comments?post=1582"}],"version-history":[{"count":5,"href":"http:\/\/blog.espe-bretagne.fr\/mobilites-internationales\/wp-json\/wp\/v2\/pages\/1582\/revisions"}],"predecessor-version":[{"id":1695,"href":"http:\/\/blog.espe-bretagne.fr\/mobilites-internationales\/wp-json\/wp\/v2\/pages\/1582\/revisions\/1695"}],"up":[{"embeddable":true,"href":"http:\/\/blog.espe-bretagne.fr\/mobilites-internationales\/wp-json\/wp\/v2\/pages\/1597"}],"wp:attachment":[{"href":"http:\/\/blog.espe-bretagne.fr\/mobilites-internationales\/wp-json\/wp\/v2\/media?parent=1582"}],"curies":[{"name":"wp","href":"https:\/\/api.w.org\/{rel}","templated":true}]}}