{"id":1576,"date":"2022-12-19T09:10:31","date_gmt":"2022-12-19T09:10:31","guid":{"rendered":"http:\/\/blog.espe-bretagne.fr\/mobilites-internationales\/?page_id=1576"},"modified":"2025-01-29T08:06:54","modified_gmt":"2025-01-29T08:06:54","slug":"portugal","status":"publish","type":"page","link":"http:\/\/blog.espe-bretagne.fr\/mobilites-internationales\/ambassade-formalites-dentree-dans-le-pays\/portugal\/","title":{"rendered":"Portugal"},"content":{"rendered":"<div class=\"wp-block-image\">\n<figure class=\"aligncenter size-full\"><a href=\"http:\/\/blog.espe-bretagne.fr\/mobilites-internationales\/wp-content\/uploads\/Portugal.png\"><img loading=\"lazy\" decoding=\"async\" width=\"699\" height=\"390\" src=\"http:\/\/blog.espe-bretagne.fr\/mobilites-internationales\/wp-content\/uploads\/Portugal.png\" alt=\"\" class=\"wp-image-1577\" srcset=\"http:\/\/blog.espe-bretagne.fr\/mobilites-internationales\/wp-content\/uploads\/Portugal.png 699w, http:\/\/blog.espe-bretagne.fr\/mobilites-internationales\/wp-content\/uploads\/Portugal-300x167.png 300w, http:\/\/blog.espe-bretagne.fr\/mobilites-internationales\/wp-content\/uploads\/Portugal-150x84.png 150w\" sizes=\"auto, (max-width: 699px) 100vw, 699px\" \/><\/a><\/figure>\n<\/div>\n\n\n<p><strong>Monnaie <\/strong>: Euro<\/p>\n\n\n\n<p><strong>Formalit\u00e9s d\u2019entr\u00e9e et de s\u00e9jour&nbsp;:<\/strong><\/p>\n\n\n\n<p>Le Portugal \u00e9tant membre de l\u2019Union Europ\u00e9enne, les ressortissants fran\u00e7ais, mineurs inclus, peuvent y entrer librement, munis d\u2019un passeport ou d\u2019une carte nationale d\u2019identit\u00e9 en cours de validit\u00e9.<\/p>\n\n\n\n<p>Il est recommand\u00e9 aux Fran\u00e7ais qui souhaitent s\u2019\u00e9tablir au Portugal pour une dur\u00e9e sup\u00e9rieure \u00e0 3 mois, de s\u2019enregistrer aupr\u00e8s de la&nbsp;<em>C\u00e2mara municipal<\/em>&nbsp;de leur lieu de r\u00e9sidence. Pour plus d\u2019informations, consulter la page d\u00e9di\u00e9e aux&nbsp;<a href=\"https:\/\/pt.ambafrance.org\/Formalites-d-installation?var_mode=calcul\" rel=\"noreferrer noopener\" target=\"_blank\">Formalit\u00e9s d\u2019installation<\/a>&nbsp;sur le site internet de l\u2019ambassade de France au Portugal, ou sur le&nbsp;<a href=\"https:\/\/eportugal.gov.pt\/servicos\/pedir-o-certificado-de-registo-para-cidadao-da-ue\/eee\/suica\" rel=\"noreferrer noopener\" target=\"_blank\">site internet du Gouvernement portugais<\/a>.<\/p>\n\n\n\n<h4 class=\"wp-block-heading\">Voyager avec une carte nationale d\u2019identit\u00e9 10+5<\/h4>\n\n\n\n<p>Les cartes nationales d\u2019identit\u00e9 s\u00e9curis\u00e9es (CNIS) d\u00e9livr\u00e9es entre le 1er janvier 2004 et le 31 d\u00e9cembre 2013 \u00e0 des personnes qui \u00e9taient majeures lors de l\u2019\u00e9tablissement du document ont b\u00e9n\u00e9fici\u00e9 d\u2019une prolongation automatique de 5 ann\u00e9es suppl\u00e9mentaires. N\u00e9anmoins, aucune modification mat\u00e9rielle de la carte plastifi\u00e9e n\u2019en atteste.<br>Les autorit\u00e9s portugaises et les transporteurs a\u00e9riens, ferroviaires ou maritimes entre la France et le Portugal ont \u00e9t\u00e9 inform\u00e9s de cette mesure.<\/p>\n\n\n\n<p>Toutefois, afin d\u2019\u00e9viter tout d\u00e9sagr\u00e9ment pendant votre voyage, il est fortement recommand\u00e9 de privil\u00e9gier l\u2019utilisation d\u2019un passeport valide \u00e0 celle d\u2019une carte nationale d\u2019identit\u00e9 pr\u00e9sentant une date de fin de validit\u00e9 d\u00e9pass\u00e9e, m\u00eame si celle-ci est consid\u00e9r\u00e9e par les autorit\u00e9s fran\u00e7aises comme \u00e9tant toujours en cours de validit\u00e9.<\/p>\n\n\n\n<p>Il est rappel\u00e9, \u00e0 cet effet, que tout usager a la possibilit\u00e9 de demander le renouvellement anticip\u00e9 d\u2019une carte d\u2019identit\u00e9 en produisant un justificatif d\u2019un voyage (par tout moyen, par exemple&nbsp;: billet de transport, r\u00e9servation, devis d\u2019une agence de voyage, justificatif ou r\u00e9servation d\u2019h\u00e9bergement, attestation de l\u2019employeur en cas de voyage professionnel, etc.) \u00e0 venir dans un pays qui autorise la carte d\u2019identit\u00e9 comme titre de voyage (ce qui est le cas du Portugal). Pour plus d\u2019informations, se reporter au site&nbsp;<a href=\"https:\/\/www.service-public.fr\/particuliers\/vosdroits\/F21089\" rel=\"noreferrer noopener\" target=\"_blank\">Service Public.fr<\/a>.<\/p>\n\n\n\n<p>Si, toutefois, vous deviez voyager uniquement avec votre carte nationale d\u2019identit\u00e9, il vous est fortement conseill\u00e9 de t\u00e9l\u00e9charger et imprimer la&nbsp;<a href=\"https:\/\/media.interieur.gouv.fr\/interieur\/cni-15ans\/document-a-telecharger-portugal.pdf\" rel=\"noreferrer noopener\" target=\"_blank\">notice multilingue<\/a>&nbsp;(PDF &#8211; 81,7 Ko) sur le site du minist\u00e8re de l\u2019Int\u00e9rieur.<\/p>\n\n\n\n<p>\u00c0 noter que, suivant les compagnies a\u00e9riennes, et y compris au sein d\u2019une m\u00eame compagnie, l\u2019embarquement pourra \u00eatre autoris\u00e9 \u00e0 l\u2019aller (sens France\/Portugal) mais refus\u00e9 sur le trajet inverse (Portugal\/France).<\/p>\n\n\n\n<p><strong>Sant\u00e9&nbsp;:<\/strong><\/p>\n\n\n\n<p>Les conditions sanitaires sont globalement bonnes. Afin de pouvoir b\u00e9n\u00e9ficier d\u2019une prise en charge par la S\u00e9curit\u00e9 sociale, les Fran\u00e7ais de passage doivent \u00eatre munis d\u2019une carte europ\u00e9enne d\u2019assurance maladie, \u00e0 demander \u00e0 leur caisse locale au moins 15 jours avant le d\u00e9part. Pour plus d\u2019informations, consultez le site de&nbsp;<a href=\"https:\/\/www.ameli.fr\/assure\/droits-demarches\/europe-international\" rel=\"noreferrer noopener\" target=\"_blank\">l\u2019Assurance maladie<\/a>&nbsp;en ligne.<\/p>\n\n\n\n<p>Afin de faire face aux frais d\u2019hospitalisation et aux d\u00e9penses de sant\u00e9, parfois tr\u00e8s \u00e9lev\u00e9s \u00e0 l\u2019\u00e9tranger, il est recommand\u00e9 de disposer d\u2019un contrat d\u2019assistance ou d\u2019une&nbsp;<a href=\"https:\/\/www.diplomatie.gouv.fr\/fr\/conseils-aux-voyageurs\/informations-pratiques\/preparer-son-depart\/assurances\/\">assurance<\/a>&nbsp;permettant de couvrir tous les frais m\u00e9dicaux et de rapatriement sanitaire. Ces frais ne pourront en aucun cas \u00eatre pris en charge par l\u2019ambassade de France \u00e0 Lisbonne.<\/p>\n\n\n\n<p>Les Fran\u00e7ais sous traitement m\u00e9dical en France (ex&nbsp;: dialyse) souhaitant s\u00e9journer au Portugal de mani\u00e8re prolong\u00e9e devront demander \u00e0 leur caisse de s\u00e9curit\u00e9 sociale fran\u00e7aise l\u2019autorisation pr\u00e9alable pour suivre leur traitement dans un \u00e9tablissement public portugais et se munir de l\u2019imprim\u00e9 E112.<\/p>\n","protected":false},"excerpt":{"rendered":"<p>Monnaie : Euro Formalit\u00e9s d\u2019entr\u00e9e et de s\u00e9jour&nbsp;: Le Portugal \u00e9tant membre de l\u2019Union Europ\u00e9enne, les ressortissants fran\u00e7ais, mineurs inclus, peuvent y entrer librement, munis d\u2019un passeport ou d\u2019une carte nationale d\u2019identit\u00e9 en cours de validit\u00e9. Il est recommand\u00e9 aux Fran\u00e7ais qui souhaitent s\u2019\u00e9tablir au Portugal pour une dur\u00e9e sup\u00e9rieure\u2026<\/p>\n<p> <a class=\"continue-reading-link\" href=\"http:\/\/blog.espe-bretagne.fr\/mobilites-internationales\/ambassade-formalites-dentree-dans-le-pays\/portugal\/\"><span>Continue reading<\/span><i class=\"crycon-right-dir\"><\/i><\/a> <\/p>\n","protected":false},"author":5,"featured_media":0,"parent":1597,"menu_order":0,"comment_status":"closed","ping_status":"closed","template":"","meta":{"footnotes":""},"class_list":["post-1576","page","type-page","status-publish","hentry"],"_links":{"self":[{"href":"http:\/\/blog.espe-bretagne.fr\/mobilites-internationales\/wp-json\/wp\/v2\/pages\/1576","targetHints":{"allow":["GET"]}}],"collection":[{"href":"http:\/\/blog.espe-bretagne.fr\/mobilites-internationales\/wp-json\/wp\/v2\/pages"}],"about":[{"href":"http:\/\/blog.espe-bretagne.fr\/mobilites-internationales\/wp-json\/wp\/v2\/types\/page"}],"author":[{"embeddable":true,"href":"http:\/\/blog.espe-bretagne.fr\/mobilites-internationales\/wp-json\/wp\/v2\/users\/5"}],"replies":[{"embeddable":true,"href":"http:\/\/blog.espe-bretagne.fr\/mobilites-internationales\/wp-json\/wp\/v2\/comments?post=1576"}],"version-history":[{"count":5,"href":"http:\/\/blog.espe-bretagne.fr\/mobilites-internationales\/wp-json\/wp\/v2\/pages\/1576\/revisions"}],"predecessor-version":[{"id":1691,"href":"http:\/\/blog.espe-bretagne.fr\/mobilites-internationales\/wp-json\/wp\/v2\/pages\/1576\/revisions\/1691"}],"up":[{"embeddable":true,"href":"http:\/\/blog.espe-bretagne.fr\/mobilites-internationales\/wp-json\/wp\/v2\/pages\/1597"}],"wp:attachment":[{"href":"http:\/\/blog.espe-bretagne.fr\/mobilites-internationales\/wp-json\/wp\/v2\/media?parent=1576"}],"curies":[{"name":"wp","href":"https:\/\/api.w.org\/{rel}","templated":true}]}}