{"id":1568,"date":"2022-12-19T08:53:04","date_gmt":"2022-12-19T08:53:04","guid":{"rendered":"http:\/\/blog.espe-bretagne.fr\/mobilites-internationales\/?page_id=1568"},"modified":"2025-01-29T07:56:34","modified_gmt":"2025-01-29T07:56:34","slug":"lituanie","status":"publish","type":"page","link":"http:\/\/blog.espe-bretagne.fr\/mobilites-internationales\/ambassade-formalites-dentree-dans-le-pays\/lituanie\/","title":{"rendered":"Lituanie"},"content":{"rendered":"\n<figure class=\"wp-block-image size-full\"><a href=\"http:\/\/blog.espe-bretagne.fr\/mobilites-internationales\/wp-content\/uploads\/Lituanie.png\"><img loading=\"lazy\" decoding=\"async\" width=\"822\" height=\"424\" src=\"http:\/\/blog.espe-bretagne.fr\/mobilites-internationales\/wp-content\/uploads\/Lituanie.png\" alt=\"\" class=\"wp-image-1632\" srcset=\"http:\/\/blog.espe-bretagne.fr\/mobilites-internationales\/wp-content\/uploads\/Lituanie.png 822w, http:\/\/blog.espe-bretagne.fr\/mobilites-internationales\/wp-content\/uploads\/Lituanie-300x155.png 300w, http:\/\/blog.espe-bretagne.fr\/mobilites-internationales\/wp-content\/uploads\/Lituanie-768x396.png 768w, http:\/\/blog.espe-bretagne.fr\/mobilites-internationales\/wp-content\/uploads\/Lituanie-150x77.png 150w\" sizes=\"auto, (max-width: 822px) 100vw, 822px\" \/><\/a><\/figure>\n\n\n\n<p><strong>Monnaie <\/strong>: Euro <\/p>\n\n\n\n<p><strong>Papiers d\u2019identit\u00e9<\/strong><\/p>\n\n\n\n<p>La Lituanie \u00e9tant membre de l\u2019Union europ\u00e9enne, les ressortissants fran\u00e7ais munis d\u2019un passeport ou d\u2019une carte nationale d\u2019identit\u00e9 en cours de validit\u00e9 peuvent y entrer librement, pour tout s\u00e9jour inf\u00e9rieur \u00e0 3 mois. Au-del\u00e0 de cette p\u00e9riode, les citoyens de l\u2019Union europ\u00e9enne re\u00e7oivent un certificat de s\u00e9jour (UE), valable pour une p\u00e9riode maximale de 5 ans.<\/p>\n\n\n\n<p>Les ressortissants d\u2019un pays tiers et titulaires d\u2019une carte de s\u00e9jour en cours de validit\u00e9 d\u00e9livr\u00e9e par un des pays de l\u2019espace Schengen circulent en Lituanie dans les m\u00eames conditions que les nationaux de ces pays.<\/p>\n\n\n\n<p>Les familles voyageant avec des enfants doivent, avant le d\u00e9part de France, s\u2019assurer que ces derniers disposent d\u2019une carte d\u2019identit\u00e9 ou d\u2019un passeport valide. Le livret de famille seul n\u2019est pas admis. Si l\u2019enfant voyage sans l\u2019un de ses parents, une autorisation de sortie de territoire parentale est \u00e9galement requise. Pour plus d\u2019informations, il est recommand\u00e9 de consulter le&nbsp;<a href=\"https:\/\/www.interieur.gouv.fr\/\" rel=\"noreferrer noopener\" target=\"_blank\">site internet du minist\u00e8re de l\u2019Int\u00e9rieur<\/a>&nbsp;.<\/p>\n\n\n\n<p>La Lituanie ne reconna\u00eet pas les documents collectifs de voyage.<\/p>\n\n\n\n<h4 class=\"wp-block-heading\">Extension de validit\u00e9 de la carte nationale d\u2019identit\u00e9 fran\u00e7aise<\/h4>\n\n\n\n<p>Les cartes nationales d\u2019identit\u00e9 (CNI)&nbsp;<strong>d\u00e9livr\u00e9es \u00e0 des majeurs<\/strong>&nbsp;entre le 1er janvier 2004 et le 31 d\u00e9cembre 2013 sont encore valables 5 ans apr\u00e8s la date de fin de validit\u00e9 indiqu\u00e9e au verso. Les autorit\u00e9s lituaniennes n\u2019ont toutefois pas reconnu cette prolongation. Si vous ne disposez pas d\u2019une CNI dont la validit\u00e9 faciale est toujours en cours, il convient de vous munir d\u2019un passeport en cours de validit\u00e9.<\/p>\n\n\n\n<h4 class=\"wp-block-heading\">Contr\u00f4les aux fronti\u00e8res<\/h4>\n\n\n\n<p>Les contr\u00f4les al\u00e9atoires sont fr\u00e9quents, notamment pour les passagers d\u2019autobus au niveau des fronti\u00e8res polonaise et lettone. Il est rappel\u00e9 que tout voyageur doit \u00eatre en mesure de pr\u00e9senter, lors de ces contr\u00f4les, un document d\u2019identit\u00e9 en cours de validit\u00e9 (passeport, carte nationale d\u2019identit\u00e9 ou titre de s\u00e9jour).<\/p>\n\n\n\n<p><strong>Sant\u00e9&nbsp;:<\/strong><\/p>\n\n\n\n<p>Afin de b\u00e9n\u00e9ficier d\u2019une prise en charge des soins urgents par la s\u00e9curit\u00e9 sociale, les Fran\u00e7ais de passage doivent \u00eatre munis d\u2019une carte europ\u00e9enne d\u2019assurance maladie, \u00e0 demander \u00e0 leur caisse locale au moins 15 jours avant le d\u00e9part. Pour plus d\u2019informations, consultez le site internet de l\u2019<a href=\"https:\/\/www.ameli.fr\/assure\/droits-demarches\/europe-international\" rel=\"noreferrer noopener\" target=\"_blank\">Assurance maladie<\/a>.<\/p>\n\n\n\n<p>Pour b\u00e9n\u00e9ficier d\u2019une prise en charge des soins programm\u00e9s, deux options sont possibles&nbsp;:<\/p>\n\n\n\n<ul class=\"wp-block-list\">\n<li>En cas de s\u00e9jour court, vous pouvez obtenir le remboursement des soins re\u00e7us en Lituanie aupr\u00e8s de l\u2019assurance maladie fran\u00e7aise en soumettant\u00a0<a href=\"https:\/\/www.ameli.fr\/sites\/default\/files\/formualires\/221\/s3125.pdf\" target=\"_blank\" rel=\"noreferrer noopener\">le formulaire S3125<\/a>\u00a0\u00e0 votre caisse d\u2019assurance maladie.<\/li>\n\n\n\n<li>En cas de plus long s\u00e9jour, il est recommand\u00e9 de demander \u00e0 votre caisse d\u2019assurance maladie un formulaire S1 attestant de vos droits. Apr\u00e8s avoir soumis ce formulaire \u00e0 l\u2019une des caisses territoriales d\u2019assurance maladie lituaniennes, vous serez ajout\u00e9 au registre lituanien des personnes assur\u00e9es, vous permettant alors de recevoir des soins pris en charge. Pour plus d\u2019informations, consultez le site internet de l\u2019<a href=\"https:\/\/ligoniukasa.lrv.lt\/en\/faq\/\" target=\"_blank\" rel=\"noreferrer noopener\">Assurance maladie lituanienne<\/a>\u00a0.<\/li>\n<\/ul>\n\n\n\n<p>Afin de faire face aux frais d\u2019hospitalisation et aux d\u00e9penses de sant\u00e9 parfois \u00e9lev\u00e9s \u00e0 l\u2019\u00e9tranger, il est fortement recommand\u00e9 de disposer d\u2019un contrat d\u2019assistance ou d\u2019une&nbsp;<a href=\"https:\/\/www.diplomatie.gouv.fr\/fr\/conseils-aux-voyageurs\/informations-pratiques\/preparer-son-depart\/assurances\/\">assurance<\/a>&nbsp;permettant de couvrir tous les frais m\u00e9dicaux et de rapatriement sanitaire. Ces frais ne pourront en aucun cas \u00eatre pris en charge par l\u2019ambassade de France \u00e0 Vilnius.<\/p>\n\n\n\n<p>Pour les urgences m\u00e9dicales, appelez le num\u00e9ro 112.<\/p>\n\n\n\n<p>Vous trouverez sur le&nbsp;<a href=\"https:\/\/lt.ambafrance.org\/Liste-de-notoriete-medicale\" rel=\"noreferrer noopener\" target=\"_blank\">site de l\u2019ambassade de France en Lituanie<\/a>&nbsp;la liste de cliniques et h\u00f4pitaux.<\/p>\n","protected":false},"excerpt":{"rendered":"<p>Monnaie : Euro Papiers d\u2019identit\u00e9 La Lituanie \u00e9tant membre de l\u2019Union europ\u00e9enne, les ressortissants fran\u00e7ais munis d\u2019un passeport ou d\u2019une carte nationale d\u2019identit\u00e9 en cours de validit\u00e9 peuvent y entrer librement, pour tout s\u00e9jour inf\u00e9rieur \u00e0 3 mois. Au-del\u00e0 de cette p\u00e9riode, les citoyens de l\u2019Union europ\u00e9enne re\u00e7oivent un certificat\u2026<\/p>\n<p> <a class=\"continue-reading-link\" href=\"http:\/\/blog.espe-bretagne.fr\/mobilites-internationales\/ambassade-formalites-dentree-dans-le-pays\/lituanie\/\"><span>Continue reading<\/span><i class=\"crycon-right-dir\"><\/i><\/a> <\/p>\n","protected":false},"author":5,"featured_media":0,"parent":1597,"menu_order":0,"comment_status":"closed","ping_status":"closed","template":"","meta":{"footnotes":""},"class_list":["post-1568","page","type-page","status-publish","hentry"],"_links":{"self":[{"href":"http:\/\/blog.espe-bretagne.fr\/mobilites-internationales\/wp-json\/wp\/v2\/pages\/1568","targetHints":{"allow":["GET"]}}],"collection":[{"href":"http:\/\/blog.espe-bretagne.fr\/mobilites-internationales\/wp-json\/wp\/v2\/pages"}],"about":[{"href":"http:\/\/blog.espe-bretagne.fr\/mobilites-internationales\/wp-json\/wp\/v2\/types\/page"}],"author":[{"embeddable":true,"href":"http:\/\/blog.espe-bretagne.fr\/mobilites-internationales\/wp-json\/wp\/v2\/users\/5"}],"replies":[{"embeddable":true,"href":"http:\/\/blog.espe-bretagne.fr\/mobilites-internationales\/wp-json\/wp\/v2\/comments?post=1568"}],"version-history":[{"count":9,"href":"http:\/\/blog.espe-bretagne.fr\/mobilites-internationales\/wp-json\/wp\/v2\/pages\/1568\/revisions"}],"predecessor-version":[{"id":1687,"href":"http:\/\/blog.espe-bretagne.fr\/mobilites-internationales\/wp-json\/wp\/v2\/pages\/1568\/revisions\/1687"}],"up":[{"embeddable":true,"href":"http:\/\/blog.espe-bretagne.fr\/mobilites-internationales\/wp-json\/wp\/v2\/pages\/1597"}],"wp:attachment":[{"href":"http:\/\/blog.espe-bretagne.fr\/mobilites-internationales\/wp-json\/wp\/v2\/media?parent=1568"}],"curies":[{"name":"wp","href":"https:\/\/api.w.org\/{rel}","templated":true}]}}