{"id":1563,"date":"2022-12-19T08:44:21","date_gmt":"2022-12-19T08:44:21","guid":{"rendered":"http:\/\/blog.espe-bretagne.fr\/mobilites-internationales\/?page_id=1563"},"modified":"2025-01-29T07:53:52","modified_gmt":"2025-01-29T07:53:52","slug":"1563-2","status":"publish","type":"page","link":"http:\/\/blog.espe-bretagne.fr\/mobilites-internationales\/ambassade-formalites-dentree-dans-le-pays\/1563-2\/","title":{"rendered":"Italie"},"content":{"rendered":"<div class=\"wp-block-image\">\n<figure class=\"aligncenter size-full\"><a href=\"http:\/\/blog.espe-bretagne.fr\/mobilites-internationales\/wp-content\/uploads\/Italie.png\"><img loading=\"lazy\" decoding=\"async\" width=\"621\" height=\"390\" src=\"http:\/\/blog.espe-bretagne.fr\/mobilites-internationales\/wp-content\/uploads\/Italie.png\" alt=\"\" class=\"wp-image-1564\" srcset=\"http:\/\/blog.espe-bretagne.fr\/mobilites-internationales\/wp-content\/uploads\/Italie.png 621w, http:\/\/blog.espe-bretagne.fr\/mobilites-internationales\/wp-content\/uploads\/Italie-300x188.png 300w, http:\/\/blog.espe-bretagne.fr\/mobilites-internationales\/wp-content\/uploads\/Italie-150x94.png 150w\" sizes=\"auto, (max-width: 621px) 100vw, 621px\" \/><\/a><\/figure>\n<\/div>\n\n\n<p><strong>Monnaie <\/strong>: Euro <\/p>\n\n\n\n<p><strong>Papiers d\u2019identit\u00e9<\/strong><\/p>\n\n\n\n<p>Pour un s\u00e9jour de trois mois maximum, les ressortissants fran\u00e7ais doivent \u00eatre en possession d\u2019une pi\u00e8ce d\u2019identit\u00e9 (carte nationale d\u2019identit\u00e9 ou passeport, \u00e0 l\u2019exclusion de tout autre document) en cours de validit\u00e9. Cela s\u2019applique \u00e9galement aux mineurs, le livret de famille n\u2019\u00e9tant pas un document de voyage.<\/p>\n\n\n\n<p><strong>Extension de la validit\u00e9 des CNI<\/strong><\/p>\n\n\n\n<p>Les cartes nationales d\u2019identit\u00e9 fran\u00e7aises (CNI) d\u00e9livr\u00e9es \u00e0 des personnes majeures entre le 1er janvier 2004 et le 31 d\u00e9cembre 2013 sont encore valables 5 ans apr\u00e8s la date de fin de validit\u00e9 indiqu\u00e9e au verso, mais aucune modification mat\u00e9rielle de la carte plastifi\u00e9e n\u2019atteste de cette prorogation.<br>Les autorit\u00e9s italiennes ont accept\u00e9 officiellement cette prorogation. Toutefois, de fa\u00e7on \u00e0 \u00e9viter tout d\u00e9sagr\u00e9ment pendant votre voyage, il est fortement recommand\u00e9 de pr\u00e9f\u00e9rer l\u2019utilisation d\u2019un passeport valide \u00e0 celle d\u2019une CNI portant une date de fin de validit\u00e9 d\u00e9pass\u00e9e, m\u00eame si elle est consid\u00e9r\u00e9e par les autorit\u00e9s fran\u00e7aises comme \u00e9tant toujours en cours de validit\u00e9.<br>Les voyageurs ne disposant que d\u2019une CNI, peuvent t\u00e9l\u00e9charger et imprimer la\u00a0<a href=\"https:\/\/media.interieur.gouv.fr\/interieur\/cni-15ans\/document-a-telecharger-italie.pdf\" target=\"_blank\" rel=\"noreferrer noopener\">notice multilingue<\/a>\u00a0(PDF &#8211; 81,2 Ko) expliquant ces r\u00e8gles.<\/p>\n\n\n\n<p><strong>Sant\u00e9&nbsp;:<\/strong><\/p>\n\n\n\n<p>Afin de faire face aux frais d\u2019hospitalisation et aux d\u00e9penses de sant\u00e9 parfois tr\u00e8s \u00e9lev\u00e9s \u00e0 l\u2019\u00e9tranger, il est vivement conseill\u00e9 de disposer d\u2019un contrat d\u2019assistance ou d\u2019une assurance permettant de couvrir tous les frais m\u00e9dicaux (chirurgie, hospitalisation, etc.) et de rapatriement sanitaire, au risque de ne pas avoir acc\u00e8s aux soins, y compris en cas d\u2019urgence vitale. Ces frais ne pourront en aucun cas \u00eatre pris en charge par l\u2019ambassade ou les consulats g\u00e9n\u00e9raux de France sur place.<\/p>\n\n\n\n<p>Afin de pouvoir b\u00e9n\u00e9ficier d\u2019une prise en charge par la S\u00e9curit\u00e9 sociale, les Fran\u00e7ais de passage doivent imp\u00e9rativement \u00eatre munis d\u2019une carte europ\u00e9enne d\u2019assurance maladie, \u00e0 demander \u00e0 leur caisse locale au moins 15 jours avant le d\u00e9part.<\/p>\n\n\n\n<p>Pour plus d\u2019informations, consulter le site de&nbsp;<a href=\"https:\/\/www.ameli.fr\/assure\/droits-demarches\/europe-international\" rel=\"noreferrer noopener\" target=\"_blank\">l\u2019Assurance maladie<\/a>.<\/p>\n\n\n\n<p><\/p>\n","protected":false},"excerpt":{"rendered":"<p>Monnaie : Euro Papiers d\u2019identit\u00e9 Pour un s\u00e9jour de trois mois maximum, les ressortissants fran\u00e7ais doivent \u00eatre en possession d\u2019une pi\u00e8ce d\u2019identit\u00e9 (carte nationale d\u2019identit\u00e9 ou passeport, \u00e0 l\u2019exclusion de tout autre document) en cours de validit\u00e9. Cela s\u2019applique \u00e9galement aux mineurs, le livret de famille n\u2019\u00e9tant pas un document\u2026<\/p>\n<p> <a class=\"continue-reading-link\" href=\"http:\/\/blog.espe-bretagne.fr\/mobilites-internationales\/ambassade-formalites-dentree-dans-le-pays\/1563-2\/\"><span>Continue reading<\/span><i class=\"crycon-right-dir\"><\/i><\/a> <\/p>\n","protected":false},"author":5,"featured_media":0,"parent":1597,"menu_order":0,"comment_status":"closed","ping_status":"closed","template":"","meta":{"footnotes":""},"class_list":["post-1563","page","type-page","status-publish","hentry"],"_links":{"self":[{"href":"http:\/\/blog.espe-bretagne.fr\/mobilites-internationales\/wp-json\/wp\/v2\/pages\/1563","targetHints":{"allow":["GET"]}}],"collection":[{"href":"http:\/\/blog.espe-bretagne.fr\/mobilites-internationales\/wp-json\/wp\/v2\/pages"}],"about":[{"href":"http:\/\/blog.espe-bretagne.fr\/mobilites-internationales\/wp-json\/wp\/v2\/types\/page"}],"author":[{"embeddable":true,"href":"http:\/\/blog.espe-bretagne.fr\/mobilites-internationales\/wp-json\/wp\/v2\/users\/5"}],"replies":[{"embeddable":true,"href":"http:\/\/blog.espe-bretagne.fr\/mobilites-internationales\/wp-json\/wp\/v2\/comments?post=1563"}],"version-history":[{"count":7,"href":"http:\/\/blog.espe-bretagne.fr\/mobilites-internationales\/wp-json\/wp\/v2\/pages\/1563\/revisions"}],"predecessor-version":[{"id":1685,"href":"http:\/\/blog.espe-bretagne.fr\/mobilites-internationales\/wp-json\/wp\/v2\/pages\/1563\/revisions\/1685"}],"up":[{"embeddable":true,"href":"http:\/\/blog.espe-bretagne.fr\/mobilites-internationales\/wp-json\/wp\/v2\/pages\/1597"}],"wp:attachment":[{"href":"http:\/\/blog.espe-bretagne.fr\/mobilites-internationales\/wp-json\/wp\/v2\/media?parent=1563"}],"curies":[{"name":"wp","href":"https:\/\/api.w.org\/{rel}","templated":true}]}}