{"id":1552,"date":"2022-12-19T08:04:58","date_gmt":"2022-12-19T08:04:58","guid":{"rendered":"http:\/\/blog.espe-bretagne.fr\/mobilites-internationales\/?page_id=1552"},"modified":"2025-01-29T07:48:16","modified_gmt":"2025-01-29T07:48:16","slug":"finlande","status":"publish","type":"page","link":"http:\/\/blog.espe-bretagne.fr\/mobilites-internationales\/ambassade-formalites-dentree-dans-le-pays\/finlande\/","title":{"rendered":"Finlande"},"content":{"rendered":"\n<figure class=\"wp-block-image size-full\"><a href=\"http:\/\/blog.espe-bretagne.fr\/mobilites-internationales\/wp-content\/uploads\/Finlande.png\"><img loading=\"lazy\" decoding=\"async\" width=\"682\" height=\"288\" src=\"http:\/\/blog.espe-bretagne.fr\/mobilites-internationales\/wp-content\/uploads\/Finlande.png\" alt=\"\" class=\"wp-image-1554\" srcset=\"http:\/\/blog.espe-bretagne.fr\/mobilites-internationales\/wp-content\/uploads\/Finlande.png 682w, http:\/\/blog.espe-bretagne.fr\/mobilites-internationales\/wp-content\/uploads\/Finlande-300x127.png 300w, http:\/\/blog.espe-bretagne.fr\/mobilites-internationales\/wp-content\/uploads\/Finlande-150x63.png 150w\" sizes=\"auto, (max-width: 682px) 100vw, 682px\" \/><\/a><\/figure>\n\n\n\n<p><strong>Monnaie&nbsp;<\/strong>: Euro<\/p>\n\n\n\n<p><strong>Papiers d\u2019identit\u00e9<\/strong><\/p>\n\n\n\n<p>La Finlande \u00e9tant membre de l\u2019Union europ\u00e9enne, les ressortissants fran\u00e7ais peuvent y entrer librement, munis d\u2019un passeport ou d\u2019une carte nationale d\u2019identit\u00e9 en cours de validit\u00e9.<br>Les cartes nationales d\u2019identit\u00e9 (CNI) d\u00e9livr\u00e9es \u00e0 des majeurs entre le 1er janvier 2004 et le 31 d\u00e9cembre 2013 sont encore valables 5 ans apr\u00e8s la date de fin de validit\u00e9 indiqu\u00e9e au verso, m\u00eame si aucune modification mat\u00e9rielle de la carte plastifi\u00e9e n\u2019en atteste. En cons\u00e9quence, de fa\u00e7on \u00e0 \u00e9viter tout d\u00e9sagr\u00e9ment pendant votre voyage, il est vivement recommand\u00e9 de privil\u00e9gier l\u2019utilisation d\u2019un passeport valide \u00e0 celle d\u2019une CNI portant une date de fin de validit\u00e9 d\u00e9pass\u00e9e (m\u00eame si elle est consid\u00e9r\u00e9e par les autorit\u00e9s fran\u00e7aises comme \u00e9tant toujours en cours de validit\u00e9).<br>Si vous voyagez uniquement avec votre carte nationale d\u2019identit\u00e9, vous pouvez t\u00e9l\u00e9charger et imprimer la\u00a0<a href=\"https:\/\/media.interieur.gouv.fr\/interieur\/cni-15ans\/document-a-telecharger-finlande.pdf\" target=\"_blank\" rel=\"noreferrer noopener\">notice multilingue expliquant ces nouvelles r\u00e8gles<\/a>\u00a0(PDF &#8211; 81,5 Ko).<\/p>\n\n\n\n<p><strong>Sant\u00e9<\/strong><\/p>\n\n\n\n<p>Afin de pouvoir b\u00e9n\u00e9ficier d\u2019une prise en charge par la S\u00e9curit\u00e9 sociale, les Fran\u00e7ais de passage doivent \u00eatre munis d\u2019une carte europ\u00e9enne d\u2019assurance maladie, \u00e0 demander \u00e0 leur caisse locale au moins 15 jours avant le d\u00e9part.<br>Plus d\u2019informations sur le site de l\u2019<a href=\"https:\/\/www.ameli.fr\/\" target=\"_blank\" rel=\"noreferrer noopener\">Assurance Maladie<\/a>.<\/p>\n\n\n\n<p>Afin de faire face aux frais d\u2019hospitalisation et aux d\u00e9penses de sant\u00e9, parfois tr\u00e8s \u00e9lev\u00e9s \u00e0 l\u2019\u00e9tranger, il est recommand\u00e9 de disposer d\u2019un contrat d\u2019assistance ou d\u2019une assurance permettant de couvrir tous les frais m\u00e9dicaux et de rapatriement sanitaire. Ces frais ne pourront en aucun cas \u00eatre pris en charge par l\u2019ambassade de France sur place.<\/p>\n\n\n\n<p class=\"has-text-align-left\"><\/p>\n","protected":false},"excerpt":{"rendered":"<p>Monnaie&nbsp;: Euro Papiers d\u2019identit\u00e9 La Finlande \u00e9tant membre de l\u2019Union europ\u00e9enne, les ressortissants fran\u00e7ais peuvent y entrer librement, munis d\u2019un passeport ou d\u2019une carte nationale d\u2019identit\u00e9 en cours de validit\u00e9.Les cartes nationales d\u2019identit\u00e9 (CNI) d\u00e9livr\u00e9es \u00e0 des majeurs entre le 1er janvier 2004 et le 31 d\u00e9cembre 2013 sont encore\u2026<\/p>\n<p> <a class=\"continue-reading-link\" href=\"http:\/\/blog.espe-bretagne.fr\/mobilites-internationales\/ambassade-formalites-dentree-dans-le-pays\/finlande\/\"><span>Continue reading<\/span><i class=\"crycon-right-dir\"><\/i><\/a> <\/p>\n","protected":false},"author":5,"featured_media":0,"parent":1597,"menu_order":0,"comment_status":"closed","ping_status":"closed","template":"","meta":{"footnotes":""},"class_list":["post-1552","page","type-page","status-publish","hentry"],"_links":{"self":[{"href":"http:\/\/blog.espe-bretagne.fr\/mobilites-internationales\/wp-json\/wp\/v2\/pages\/1552","targetHints":{"allow":["GET"]}}],"collection":[{"href":"http:\/\/blog.espe-bretagne.fr\/mobilites-internationales\/wp-json\/wp\/v2\/pages"}],"about":[{"href":"http:\/\/blog.espe-bretagne.fr\/mobilites-internationales\/wp-json\/wp\/v2\/types\/page"}],"author":[{"embeddable":true,"href":"http:\/\/blog.espe-bretagne.fr\/mobilites-internationales\/wp-json\/wp\/v2\/users\/5"}],"replies":[{"embeddable":true,"href":"http:\/\/blog.espe-bretagne.fr\/mobilites-internationales\/wp-json\/wp\/v2\/comments?post=1552"}],"version-history":[{"count":6,"href":"http:\/\/blog.espe-bretagne.fr\/mobilites-internationales\/wp-json\/wp\/v2\/pages\/1552\/revisions"}],"predecessor-version":[{"id":1679,"href":"http:\/\/blog.espe-bretagne.fr\/mobilites-internationales\/wp-json\/wp\/v2\/pages\/1552\/revisions\/1679"}],"up":[{"embeddable":true,"href":"http:\/\/blog.espe-bretagne.fr\/mobilites-internationales\/wp-json\/wp\/v2\/pages\/1597"}],"wp:attachment":[{"href":"http:\/\/blog.espe-bretagne.fr\/mobilites-internationales\/wp-json\/wp\/v2\/media?parent=1552"}],"curies":[{"name":"wp","href":"https:\/\/api.w.org\/{rel}","templated":true}]}}