{"id":1523,"date":"2022-10-05T14:52:57","date_gmt":"2022-10-05T14:52:57","guid":{"rendered":"http:\/\/blog.espe-bretagne.fr\/mobilites-internationales\/?page_id=1523"},"modified":"2025-01-29T07:44:24","modified_gmt":"2025-01-29T07:44:24","slug":"1523-2","status":"publish","type":"page","link":"http:\/\/blog.espe-bretagne.fr\/mobilites-internationales\/ambassade-formalites-dentree-dans-le-pays\/1523-2\/","title":{"rendered":"Espagne"},"content":{"rendered":"<div class=\"wp-block-image\">\n<figure class=\"aligncenter size-full\"><a href=\"http:\/\/blog.espe-bretagne.fr\/mobilites-internationales\/wp-content\/uploads\/espagne.png\"><img loading=\"lazy\" decoding=\"async\" width=\"775\" height=\"383\" src=\"http:\/\/blog.espe-bretagne.fr\/mobilites-internationales\/wp-content\/uploads\/espagne.png\" alt=\"\" class=\"wp-image-1603\" srcset=\"http:\/\/blog.espe-bretagne.fr\/mobilites-internationales\/wp-content\/uploads\/espagne.png 775w, http:\/\/blog.espe-bretagne.fr\/mobilites-internationales\/wp-content\/uploads\/espagne-300x148.png 300w, http:\/\/blog.espe-bretagne.fr\/mobilites-internationales\/wp-content\/uploads\/espagne-768x380.png 768w, http:\/\/blog.espe-bretagne.fr\/mobilites-internationales\/wp-content\/uploads\/espagne-150x74.png 150w\" sizes=\"auto, (max-width: 775px) 100vw, 775px\" \/><\/a><\/figure>\n<\/div>\n\n\n<p><strong>Monnaie <\/strong>: Euro<\/p>\n\n\n\n<h4 class=\"wp-block-heading\">Formalit\u00e9s d&rsquo;entr\u00e9e et de s\u00e9jour<\/h4>\n\n\n\n<p>Les ressortissants fran\u00e7ais peuvent entrer librement munis d\u2019un passeport ou d\u2019une carte nationale d\u2019identit\u00e9 en cours de validit\u00e9.<\/p>\n\n\n\n<p>Les cartes nationales d\u2019identit\u00e9 d\u00e9livr\u00e9es \u00e0 des personnes majeures entre le 1er janvier 2004 et le 31 d\u00e9cembre 2013 seront encore valables 5 ans apr\u00e8s la date de fin de validit\u00e9 indiqu\u00e9e au verso.<\/p>\n\n\n\n<p>Si vous voyagez uniquement avec votre carte nationale d\u2019identit\u00e9, il est pr\u00e9f\u00e9rable de se munir d\u2019une&nbsp;<a href=\"https:\/\/media.interieur.gouv.fr\/interieur\/cni-15ans\/document-a-telecharger-espagne.pdf\" rel=\"noreferrer noopener\" target=\"_blank\">notice multilingue expliquant ces r\u00e8gles<\/a>&nbsp;(PDF &#8211; 80,9 Ko).<\/p>\n\n\n\n<p>En cas de perte ou de vol des documents de voyage (passeport, carte d\u2019identit\u00e9), toutes les compagnies a\u00e9riennes, notamment Ryanair, n\u2019acceptent pas l\u2019embarquement d\u2019un ressortissant fran\u00e7ais sous couvert de la d\u00e9claration de perte\/vol \u00e9tablie par la police espagnole. Les compagnies a\u00e9riennes peuvent exiger un laissez-passer consulaire \u00e9tabli par une autorit\u00e9 consulaire fran\u00e7aise (co\u00fbt de 55 \u20ac).<\/p>\n\n\n\n<h4 class=\"wp-block-heading\">Sant\u00e9<\/h4>\n\n\n\n<p>Afin de pouvoir b\u00e9n\u00e9ficier d\u2019une prise en charge par la S\u00e9curit\u00e9 sociale, les Fran\u00e7ais de passage doivent \u00eatre munis d\u2019une carte europ\u00e9enne d\u2019assurance maladie, \u00e0 demander \u00e0 leur caisse locale au moins 15 jours avant le d\u00e9part. Pour plus d\u2019informations, consulter le site de&nbsp;<a rel=\"noreferrer noopener\" href=\"https:\/\/www.ameli.fr\/assure\/droits-demarches\/europe-international\" target=\"_blank\">l\u2019assurance maladie<\/a>&nbsp;en ligne.<\/p>\n\n\n\n<p><a href=\"https:\/\/www.diplomatie.gouv.fr\/fr\/conseils-aux-voyageurs\/conseils-par-pays-destination\/espagne\/#sante\">https:\/\/www.diplomatie.gouv.fr\/fr\/conseils-aux-voyageurs\/conseils-par-pays-destination\/espagne\/#sante<\/a><\/p>\n\n\n\n<p><\/p>\n","protected":false},"excerpt":{"rendered":"<p>Monnaie : Euro Formalit\u00e9s d&rsquo;entr\u00e9e et de s\u00e9jour Les ressortissants fran\u00e7ais peuvent entrer librement munis d\u2019un passeport ou d\u2019une carte nationale d\u2019identit\u00e9 en cours de validit\u00e9. Les cartes nationales d\u2019identit\u00e9 d\u00e9livr\u00e9es \u00e0 des personnes majeures entre le 1er janvier 2004 et le 31 d\u00e9cembre 2013 seront encore valables 5 ans\u2026<\/p>\n<p> <a class=\"continue-reading-link\" href=\"http:\/\/blog.espe-bretagne.fr\/mobilites-internationales\/ambassade-formalites-dentree-dans-le-pays\/1523-2\/\"><span>Continue reading<\/span><i class=\"crycon-right-dir\"><\/i><\/a> <\/p>\n","protected":false},"author":5,"featured_media":0,"parent":1597,"menu_order":0,"comment_status":"closed","ping_status":"closed","template":"","meta":{"footnotes":""},"class_list":["post-1523","page","type-page","status-publish","hentry"],"_links":{"self":[{"href":"http:\/\/blog.espe-bretagne.fr\/mobilites-internationales\/wp-json\/wp\/v2\/pages\/1523","targetHints":{"allow":["GET"]}}],"collection":[{"href":"http:\/\/blog.espe-bretagne.fr\/mobilites-internationales\/wp-json\/wp\/v2\/pages"}],"about":[{"href":"http:\/\/blog.espe-bretagne.fr\/mobilites-internationales\/wp-json\/wp\/v2\/types\/page"}],"author":[{"embeddable":true,"href":"http:\/\/blog.espe-bretagne.fr\/mobilites-internationales\/wp-json\/wp\/v2\/users\/5"}],"replies":[{"embeddable":true,"href":"http:\/\/blog.espe-bretagne.fr\/mobilites-internationales\/wp-json\/wp\/v2\/comments?post=1523"}],"version-history":[{"count":11,"href":"http:\/\/blog.espe-bretagne.fr\/mobilites-internationales\/wp-json\/wp\/v2\/pages\/1523\/revisions"}],"predecessor-version":[{"id":1677,"href":"http:\/\/blog.espe-bretagne.fr\/mobilites-internationales\/wp-json\/wp\/v2\/pages\/1523\/revisions\/1677"}],"up":[{"embeddable":true,"href":"http:\/\/blog.espe-bretagne.fr\/mobilites-internationales\/wp-json\/wp\/v2\/pages\/1597"}],"wp:attachment":[{"href":"http:\/\/blog.espe-bretagne.fr\/mobilites-internationales\/wp-json\/wp\/v2\/media?parent=1523"}],"curies":[{"name":"wp","href":"https:\/\/api.w.org\/{rel}","templated":true}]}}