{"id":1515,"date":"2022-10-05T10:33:45","date_gmt":"2022-10-05T10:33:45","guid":{"rendered":"http:\/\/blog.espe-bretagne.fr\/mobilites-internationales\/?page_id=1515"},"modified":"2022-10-05T10:35:45","modified_gmt":"2022-10-05T10:35:45","slug":"pays-bas-2","status":"publish","type":"page","link":"http:\/\/blog.espe-bretagne.fr\/mobilites-internationales\/europe-centrale-2\/pays-bas-2\/","title":{"rendered":"Pays-Bas"},"content":{"rendered":"\n<h2 class=\"wp-block-heading\">Holdernest<\/h2>\n\n\n\n<figure class=\"wp-block-image size-full\"><a href=\"http:\/\/blog.espe-bretagne.fr\/mobilites-internationales\/wp-content\/uploads\/School-Dia-PB.jpg\"><img loading=\"lazy\" decoding=\"async\" width=\"920\" height=\"530\" src=\"http:\/\/blog.espe-bretagne.fr\/mobilites-internationales\/wp-content\/uploads\/School-Dia-PB.jpg\" alt=\"\" class=\"wp-image-1516\" srcset=\"http:\/\/blog.espe-bretagne.fr\/mobilites-internationales\/wp-content\/uploads\/School-Dia-PB.jpg 920w, http:\/\/blog.espe-bretagne.fr\/mobilites-internationales\/wp-content\/uploads\/School-Dia-PB-300x173.jpg 300w, http:\/\/blog.espe-bretagne.fr\/mobilites-internationales\/wp-content\/uploads\/School-Dia-PB-768x442.jpg 768w, http:\/\/blog.espe-bretagne.fr\/mobilites-internationales\/wp-content\/uploads\/School-Dia-PB-150x86.jpg 150w\" sizes=\"auto, (max-width: 920px) 100vw, 920px\" \/><\/a><\/figure>\n\n\n\n<p>Holdersnst est une \u00e9cole de village de taille moyenne avec un climat p\u00e9dagogique agr\u00e9able. 160 \u00e9l\u00e8ves y sont inscrits, r\u00e9partis en 8 groupes.<\/p>\n\n\n\n<p>Holdersnst est une \u00e9cole trilingue certifi\u00e9e. Cela signifie que le n\u00e9erlandais, le frison et l&rsquo;anglais sont enseign\u00e9s dans les classes 1 \u00e0 8<em>.<\/em><\/p>\n\n\n\n<p>Dans une \u00e9cole trilingue, on tire le meilleur parti de l&rsquo;\u00e2ge o\u00f9 les enfants apprennent les langues presque automatiquement. Les capacit\u00e9s linguistiques deviennent tr\u00e8s actives, de sorte que la langue n\u00e9erlandaise n&rsquo;en p\u00e2tit pas. Plus encore, la recherche montre que les enfants qui sont initi\u00e9s \u00e0 une langue \u00e9trang\u00e8re \u00e0 un jeune \u00e2ge apprennent aussi plus facilement d&rsquo;autres langues \u00e9trang\u00e8res \u00e0 un \u00e2ge plus avanc\u00e9<em>.<\/em><\/p>\n\n\n\n<p>L&rsquo;\u00e9cole se base sur le programme Peaceful School, en utilisant un langage et une m\u00e9thode de travail communs, de fa\u00e7on \u00e0 atteindre un climat p\u00e9dagogique s\u00e9cure et pacifique. Les \u00e9l\u00e8ves ont leur mot \u00e0 dire. Ils exercent une influence et partagent la responsabilit\u00e9 de l&rsquo;atmosph\u00e8re de la classe et de l&rsquo;\u00e9cole.<\/p>\n\n\n\n<p>plus de renseignements sur le site de l&rsquo;\u00e9cole <a href=\"https:\/\/www.holdersnest.nl\/\">https:\/\/www.holdersnest.nl\/<\/a><\/p>\n","protected":false},"excerpt":{"rendered":"<p>Holdernest Holdersnst est une \u00e9cole de village de taille moyenne avec un climat p\u00e9dagogique agr\u00e9able. 160 \u00e9l\u00e8ves y sont inscrits, r\u00e9partis en 8 groupes. Holdersnst est une \u00e9cole trilingue certifi\u00e9e. Cela signifie que le n\u00e9erlandais, le frison et l&rsquo;anglais sont enseign\u00e9s dans les classes 1 \u00e0 8. Dans une \u00e9cole\u2026<\/p>\n<p> <a class=\"continue-reading-link\" href=\"http:\/\/blog.espe-bretagne.fr\/mobilites-internationales\/europe-centrale-2\/pays-bas-2\/\"><span>Continue reading<\/span><i class=\"crycon-right-dir\"><\/i><\/a> <\/p>\n","protected":false},"author":5,"featured_media":0,"parent":69,"menu_order":0,"comment_status":"closed","ping_status":"closed","template":"","meta":{"footnotes":""},"class_list":["post-1515","page","type-page","status-publish","hentry"],"_links":{"self":[{"href":"http:\/\/blog.espe-bretagne.fr\/mobilites-internationales\/wp-json\/wp\/v2\/pages\/1515","targetHints":{"allow":["GET"]}}],"collection":[{"href":"http:\/\/blog.espe-bretagne.fr\/mobilites-internationales\/wp-json\/wp\/v2\/pages"}],"about":[{"href":"http:\/\/blog.espe-bretagne.fr\/mobilites-internationales\/wp-json\/wp\/v2\/types\/page"}],"author":[{"embeddable":true,"href":"http:\/\/blog.espe-bretagne.fr\/mobilites-internationales\/wp-json\/wp\/v2\/users\/5"}],"replies":[{"embeddable":true,"href":"http:\/\/blog.espe-bretagne.fr\/mobilites-internationales\/wp-json\/wp\/v2\/comments?post=1515"}],"version-history":[{"count":1,"href":"http:\/\/blog.espe-bretagne.fr\/mobilites-internationales\/wp-json\/wp\/v2\/pages\/1515\/revisions"}],"predecessor-version":[{"id":1518,"href":"http:\/\/blog.espe-bretagne.fr\/mobilites-internationales\/wp-json\/wp\/v2\/pages\/1515\/revisions\/1518"}],"up":[{"embeddable":true,"href":"http:\/\/blog.espe-bretagne.fr\/mobilites-internationales\/wp-json\/wp\/v2\/pages\/69"}],"wp:attachment":[{"href":"http:\/\/blog.espe-bretagne.fr\/mobilites-internationales\/wp-json\/wp\/v2\/media?parent=1515"}],"curies":[{"name":"wp","href":"https:\/\/api.w.org\/{rel}","templated":true}]}}