{"id":1463,"date":"2022-09-23T06:35:22","date_gmt":"2022-09-23T06:35:22","guid":{"rendered":"http:\/\/blog.espe-bretagne.fr\/mobilites-internationales\/?page_id=1463"},"modified":"2022-12-19T07:38:00","modified_gmt":"2022-12-19T07:38:00","slug":"portugal","status":"publish","type":"page","link":"http:\/\/blog.espe-bretagne.fr\/mobilites-internationales\/europe-centrale-2\/portugal\/","title":{"rendered":"Portugal"},"content":{"rendered":"\n<h2 class=\"wp-block-heading\">Lyc\u00e9e fran\u00e7ais international de Porto<\/h2>\n\n\n\n<div class=\"wp-block-group alignwide\"><div class=\"wp-block-group__inner-container is-layout-flow wp-block-group-is-layout-flow\">\n<div class=\"wp-block-columns alignwide is-layout-flex wp-container-core-columns-is-layout-9d6595d7 wp-block-columns-is-layout-flex\">\n<div class=\"wp-block-column is-layout-flow wp-block-column-is-layout-flow\" style=\"flex-basis:40%\">\n<figure class=\"wp-block-image size-full\"><a href=\"http:\/\/blog.espe-bretagne.fr\/mobilites-internationales\/wp-content\/uploads\/lfi-porto.jpg\"><img loading=\"lazy\" decoding=\"async\" width=\"474\" height=\"246\" src=\"http:\/\/blog.espe-bretagne.fr\/mobilites-internationales\/wp-content\/uploads\/lfi-porto.jpg\" alt=\"\" class=\"wp-image-1464\" srcset=\"http:\/\/blog.espe-bretagne.fr\/mobilites-internationales\/wp-content\/uploads\/lfi-porto.jpg 474w, http:\/\/blog.espe-bretagne.fr\/mobilites-internationales\/wp-content\/uploads\/lfi-porto-300x156.jpg 300w, http:\/\/blog.espe-bretagne.fr\/mobilites-internationales\/wp-content\/uploads\/lfi-porto-150x78.jpg 150w\" sizes=\"auto, (max-width: 474px) 100vw, 474px\" \/><\/a><\/figure>\n<\/div>\n\n\n\n<div class=\"wp-block-column is-layout-flow wp-block-column-is-layout-flow\" style=\"flex-basis:60%\">\n<p>Le lyc\u00e9e Fran\u00e7ais International de Porto accueille\u00a01277\u00a0\u00e9l\u00e8ves de la\u00a0maternelle \u00e0 la terminale<\/p>\n\n\n\n<p>Le LFIP fait partie du R\u00e9seau de l\u2019AEFE.<\/p>\n\n\n\n<p>Son enseignement, conforme aux programmes du Minist\u00e8re de l&rsquo;\u00c9ducation Nationale et \u00e9galement reconnu par le gouvernement portugais, aboutit \u00e0 l&rsquo;obtention du\u00a0baccalaur\u00e9at.<\/p>\n<\/div>\n<\/div>\n<\/div><\/div>\n\n\n\n<p>L&rsquo;\u00e9tablissement compte :<\/p>\n\n\n\n<ul class=\"wp-block-list\"><li>689 \u00e9l\u00e8ves en maternelle et \u00e9l\u00e9mentaire<\/li><li>588 \u00e9l\u00e8ves en coll\u00e8ge et lyc\u00e9e<\/li><\/ul>\n\n\n\n<p>L&rsquo;enseignement des langues est le suivant :<\/p>\n\n\n\n<figure class=\"wp-block-table is-style-stripes\"><table><tbody><tr><td><strong>Maternelle<\/strong><\/td><td>Fran\u00e7ais et Portugais obligatoire<\/td><\/tr><tr><td><strong>El\u00e9mentaire<\/strong>\u00a0\u00a0\u00a0\u00a0\u00a0\u00a0<\/td><td>Fran\u00e7ais, Portugais et Anglais obligatoire<\/td><\/tr><tr><td><strong>Coll\u00e8ge<\/strong>\u00a0 \u00a0 \u00a0 \u00a0 \u00a0 \u00a0 \u00a0<\/td><td>Fran\u00e7ais, Portugais et Anglais obligatoire &#8211; Allemand ou Espagnol obligatoire<\/td><\/tr><tr><td><strong>Lyc\u00e9e\u00a0\u00a0\u00a0\u00a0<\/strong>\u00a0\u00a0\u00a0\u00a0\u00a0\u00a0\u00a0\u00a0\u00a0\u00a0\u00a0\u00a0<\/td><td>Fran\u00e7ais, Portugais et Anglais obligatoire &#8211; Allemand ou Espagnol obligatoire<\/td><\/tr><\/tbody><\/table><\/figure>\n","protected":false},"excerpt":{"rendered":"<p>Lyc\u00e9e fran\u00e7ais international de Porto Le lyc\u00e9e Fran\u00e7ais International de Porto accueille\u00a01277\u00a0\u00e9l\u00e8ves de la\u00a0maternelle \u00e0 la terminale Le LFIP fait partie du R\u00e9seau de l\u2019AEFE. Son enseignement, conforme aux programmes du Minist\u00e8re de l&rsquo;\u00c9ducation Nationale et \u00e9galement reconnu par le gouvernement portugais, aboutit \u00e0 l&rsquo;obtention du\u00a0baccalaur\u00e9at. L&rsquo;\u00e9tablissement compte : 689\u2026<\/p>\n<p> <a class=\"continue-reading-link\" href=\"http:\/\/blog.espe-bretagne.fr\/mobilites-internationales\/europe-centrale-2\/portugal\/\"><span>Continue reading<\/span><i class=\"crycon-right-dir\"><\/i><\/a> <\/p>\n","protected":false},"author":5,"featured_media":0,"parent":69,"menu_order":0,"comment_status":"closed","ping_status":"closed","template":"","meta":{"footnotes":""},"class_list":["post-1463","page","type-page","status-publish","hentry"],"_links":{"self":[{"href":"http:\/\/blog.espe-bretagne.fr\/mobilites-internationales\/wp-json\/wp\/v2\/pages\/1463","targetHints":{"allow":["GET"]}}],"collection":[{"href":"http:\/\/blog.espe-bretagne.fr\/mobilites-internationales\/wp-json\/wp\/v2\/pages"}],"about":[{"href":"http:\/\/blog.espe-bretagne.fr\/mobilites-internationales\/wp-json\/wp\/v2\/types\/page"}],"author":[{"embeddable":true,"href":"http:\/\/blog.espe-bretagne.fr\/mobilites-internationales\/wp-json\/wp\/v2\/users\/5"}],"replies":[{"embeddable":true,"href":"http:\/\/blog.espe-bretagne.fr\/mobilites-internationales\/wp-json\/wp\/v2\/comments?post=1463"}],"version-history":[{"count":4,"href":"http:\/\/blog.espe-bretagne.fr\/mobilites-internationales\/wp-json\/wp\/v2\/pages\/1463\/revisions"}],"predecessor-version":[{"id":1471,"href":"http:\/\/blog.espe-bretagne.fr\/mobilites-internationales\/wp-json\/wp\/v2\/pages\/1463\/revisions\/1471"}],"up":[{"embeddable":true,"href":"http:\/\/blog.espe-bretagne.fr\/mobilites-internationales\/wp-json\/wp\/v2\/pages\/69"}],"wp:attachment":[{"href":"http:\/\/blog.espe-bretagne.fr\/mobilites-internationales\/wp-json\/wp\/v2\/media?parent=1463"}],"curies":[{"name":"wp","href":"https:\/\/api.w.org\/{rel}","templated":true}]}}