{"id":1220,"date":"2022-04-27T13:24:05","date_gmt":"2022-04-27T13:24:05","guid":{"rendered":"http:\/\/blog.espe-bretagne.fr\/mobilites-internationales\/?page_id=1220"},"modified":"2022-06-27T09:49:44","modified_gmt":"2022-06-27T09:49:44","slug":"hongrie","status":"publish","type":"page","link":"http:\/\/blog.espe-bretagne.fr\/mobilites-internationales\/europe-centrale-2\/hongrie\/","title":{"rendered":"Hongrie"},"content":{"rendered":"\n<h2 class=\"wp-block-heading\">Petofi Sandor Catholic School of Kesckem\u00e9t<\/h2>\n\n\n\n<p><em>(Pr\u00e9sentation de l&rsquo;\u00e9cole suite retour d&rsquo;exp\u00e9rience &#8211; stage janvier 2022)<\/em><\/p>\n\n\n\n<p>L&rsquo;\u00e9cole compte environ 200 \u00e9l\u00e8ves, tous originaires de la r\u00e9gion (\u00e0 proximit\u00e9 de la ville) et de<em> <\/em>nationalit\u00e9 hongroise. <\/p>\n\n\n\n<p>L&rsquo;\u00e9quipe p\u00e9dagogique compte de nombreux professeurs de langues de diff\u00e9rents niveaux. De nombreux professeurs parlent anglais bien que certains ne parlent que hongrois ou russe.<\/p>\n\n\n\n<p>L&rsquo;\u00e9cole comporte deux sections bilingues : anglais et allemand. Elle est reli\u00e9e \u00e0 une \u00e9cole maternelle qui compte elle aussi une classe bilingue. L&rsquo;\u00e9cole \u00e9l\u00e9mentaire commence \u00e0 6 ans (classe 1) et termine \u00e0 14 ans (classe 8). Dans les classes bilingues, certains cours de sport, arts et musique sont dispens\u00e9s en anglais. De nombreux cours sont d\u00e9doubl\u00e9s dans les classes : les sp\u00e9cialit\u00e9s principalement. <\/p>\n\n\n\n<p>L&rsquo;\u00e9cole \u00e9tait jusqu&rsquo;\u00e0 l&rsquo;ann\u00e9e 2020 publique, subventionn\u00e9e par l&rsquo;\u00e9tat et le centre d&rsquo;accueil de formation des futurs professeurs de l&rsquo;universit\u00e9 de Kecskem\u00e9t. Le centre de formation des professeurs a ferm\u00e9 en 2020, elle n&rsquo;accueille donc plus d&rsquo;\u00e9tudiants. De plus, en 2020-2021, elle \u00e9tait subventionn\u00e9e par les Prostestants avant d&rsquo;\u00eatre reprise par les Catholiques \u00e0 la rentr\u00e9e.<\/p>\n","protected":false},"excerpt":{"rendered":"<p>Petofi Sandor Catholic School of Kesckem\u00e9t (Pr\u00e9sentation de l&rsquo;\u00e9cole suite retour d&rsquo;exp\u00e9rience &#8211; stage janvier 2022) L&rsquo;\u00e9cole compte environ 200 \u00e9l\u00e8ves, tous originaires de la r\u00e9gion (\u00e0 proximit\u00e9 de la ville) et de nationalit\u00e9 hongroise. L&rsquo;\u00e9quipe p\u00e9dagogique compte de nombreux professeurs de langues de diff\u00e9rents niveaux. De nombreux professeurs parlent\u2026<\/p>\n<p> <a class=\"continue-reading-link\" href=\"http:\/\/blog.espe-bretagne.fr\/mobilites-internationales\/europe-centrale-2\/hongrie\/\"><span>Continue reading<\/span><i class=\"crycon-right-dir\"><\/i><\/a> <\/p>\n","protected":false},"author":5,"featured_media":0,"parent":69,"menu_order":0,"comment_status":"closed","ping_status":"closed","template":"","meta":{"footnotes":""},"class_list":["post-1220","page","type-page","status-publish","hentry"],"_links":{"self":[{"href":"http:\/\/blog.espe-bretagne.fr\/mobilites-internationales\/wp-json\/wp\/v2\/pages\/1220","targetHints":{"allow":["GET"]}}],"collection":[{"href":"http:\/\/blog.espe-bretagne.fr\/mobilites-internationales\/wp-json\/wp\/v2\/pages"}],"about":[{"href":"http:\/\/blog.espe-bretagne.fr\/mobilites-internationales\/wp-json\/wp\/v2\/types\/page"}],"author":[{"embeddable":true,"href":"http:\/\/blog.espe-bretagne.fr\/mobilites-internationales\/wp-json\/wp\/v2\/users\/5"}],"replies":[{"embeddable":true,"href":"http:\/\/blog.espe-bretagne.fr\/mobilites-internationales\/wp-json\/wp\/v2\/comments?post=1220"}],"version-history":[{"count":4,"href":"http:\/\/blog.espe-bretagne.fr\/mobilites-internationales\/wp-json\/wp\/v2\/pages\/1220\/revisions"}],"predecessor-version":[{"id":1331,"href":"http:\/\/blog.espe-bretagne.fr\/mobilites-internationales\/wp-json\/wp\/v2\/pages\/1220\/revisions\/1331"}],"up":[{"embeddable":true,"href":"http:\/\/blog.espe-bretagne.fr\/mobilites-internationales\/wp-json\/wp\/v2\/pages\/69"}],"wp:attachment":[{"href":"http:\/\/blog.espe-bretagne.fr\/mobilites-internationales\/wp-json\/wp\/v2\/media?parent=1220"}],"curies":[{"name":"wp","href":"https:\/\/api.w.org\/{rel}","templated":true}]}}