{"id":1959,"date":"2015-06-17T18:18:01","date_gmt":"2015-06-17T17:18:01","guid":{"rendered":"http:\/\/python.espe-bretagne.fr\/ace\/?page_id=1959"},"modified":"2018-09-20T07:21:15","modified_gmt":"2018-09-20T06:21:15","slug":"materiel-du-domaine-estimation-grandeurs-et-mesures-ce1","status":"publish","type":"page","link":"http:\/\/blog.espe-bretagne.fr\/ace\/?page_id=1959","title":{"rendered":"Domaine &#8220;Estimation, Grandeurs et Mesures&#8221; CE1 &#8211; ESTIMATEUR"},"content":{"rendered":"<p>Vous trouverez sur cette page le mat\u00e9riel n\u00e9cessaire \u00e0 la mise en \u0153uvre du domaine &#8220;EGM&#8221;:<\/p>\n<p>&#8211; le logiciel Estimateur CE1 (Version <strong>Mars\u00a02017<\/strong>):<\/p>\n<p><a href=\"https:\/\/www.dropbox.com\/s\/zk6yyelvz4ac733\/setup.exe?dl=0\">EstimateurCE1<\/a><\/p>\n<p>&nbsp;<\/p>\n<p>Le logiciel est d\u00e9sormais commun pour le CP et CE1.<\/p>\n<p>&nbsp;<\/p>\n<p>&#8211; les parcours Individuels (<strong>juillet 2016<\/strong>):<\/p>\n<p><a href=\"http:\/\/python.espe-bretagne.fr\/ace\/wp-content\/uploads\/Parcours-Individuels-Estimateur-2016-17-2.pdf\">Parcours Individuels Estimateur CE1 2016\/2017<\/a><\/p>\n<p>La progression sur l&#8217;Estimateur \u00e9tant totalement individuelle, vous aurez besoin des Parcours Individuels pour laisser les \u00e9l\u00e8ves \u00e9voluer en autonomie sur le logiciel.<\/p>\n<p>&nbsp;<\/p>\n<p>&nbsp;<\/p>\n","protected":false},"excerpt":{"rendered":"<p>Vous trouverez sur cette page le mat\u00e9riel n\u00e9cessaire \u00e0 la mise en \u0153uvre du domaine &#8220;EGM&#8221;: &#8211; le logiciel Estimateur CE1 (Version Mars\u00a02017): EstimateurCE1 &nbsp; Le logiciel est d\u00e9sormais commun pour le CP et CE1. &nbsp; &#8211; les parcours Individuels (juillet 2016): Parcours Individuels Estimateur CE1 2016\/2017 La progression sur &#8230;<\/p>\n<p> <a class=\"continue-reading-link\" href=\"http:\/\/blog.espe-bretagne.fr\/ace\/?page_id=1959\"><span>Continue reading<\/span><i class=\"crycon-right-dir\"><\/i><\/a> <\/p>\n","protected":false},"author":6,"featured_media":0,"parent":0,"menu_order":0,"comment_status":"closed","ping_status":"closed","template":"","meta":{"footnotes":""},"class_list":["post-1959","page","type-page","status-publish","hentry"],"_links":{"self":[{"href":"http:\/\/blog.espe-bretagne.fr\/ace\/index.php?rest_route=\/wp\/v2\/pages\/1959","targetHints":{"allow":["GET"]}}],"collection":[{"href":"http:\/\/blog.espe-bretagne.fr\/ace\/index.php?rest_route=\/wp\/v2\/pages"}],"about":[{"href":"http:\/\/blog.espe-bretagne.fr\/ace\/index.php?rest_route=\/wp\/v2\/types\/page"}],"author":[{"embeddable":true,"href":"http:\/\/blog.espe-bretagne.fr\/ace\/index.php?rest_route=\/wp\/v2\/users\/6"}],"replies":[{"embeddable":true,"href":"http:\/\/blog.espe-bretagne.fr\/ace\/index.php?rest_route=%2Fwp%2Fv2%2Fcomments&post=1959"}],"version-history":[{"count":24,"href":"http:\/\/blog.espe-bretagne.fr\/ace\/index.php?rest_route=\/wp\/v2\/pages\/1959\/revisions"}],"predecessor-version":[{"id":2775,"href":"http:\/\/blog.espe-bretagne.fr\/ace\/index.php?rest_route=\/wp\/v2\/pages\/1959\/revisions\/2775"}],"wp:attachment":[{"href":"http:\/\/blog.espe-bretagne.fr\/ace\/index.php?rest_route=%2Fwp%2Fv2%2Fmedia&parent=1959"}],"curies":[{"name":"wp","href":"https:\/\/api.w.org\/{rel}","templated":true}]}}