{"id":1437,"date":"2015-04-07T18:02:47","date_gmt":"2015-04-07T17:02:47","guid":{"rendered":"http:\/\/python.espe-bretagne.fr\/ace\/?page_id=1437"},"modified":"2018-09-20T07:21:15","modified_gmt":"2018-09-20T06:21:15","slug":"trimestre-1","status":"publish","type":"page","link":"http:\/\/blog.espe-bretagne.fr\/ace\/?page_id=1437","title":{"rendered":"D\u00e9roulement trimestre 1 CP"},"content":{"rendered":"<p>Le tableau ci-dessous regroupe l&#8217;ensemble des documents n\u00e9cessaires pour la mise en oeuvre de la progression ACE au premier trimestre.<\/p>\n<p>La progression du domaine &#8220;Calcul Mental&#8221; est \u00e0 consulter sur la page d\u00e9di\u00e9e <a title=\"Calcul mental\" href=\"http:\/\/python.espe-bretagne.fr\/ace\/?page_id=1443\">Calcul mental<\/a><\/p>\n<p>&nbsp;<\/p>\n\n<table id=\"tablepress-3\" class=\"tablepress tablepress-id-3\">\n<thead>\n<tr class=\"row-1\">\n\t<th class=\"column-1\">Domaine \"Situations\"<\/th><th class=\"column-2\">Domaine EGM : \"ESTimation\" <\/th><th class=\"column-3\">Domaine EGM: \"Grandeurs et mesures\"<\/th><th class=\"column-4\">Domaine \"RDP\"<\/th>\n<\/tr>\n<\/thead>\n<tbody class=\"row-striping row-hover\">\n<tr class=\"row-2\">\n\t<td class=\"column-1\"><a href=\"http:\/\/blog.espe-bretagne.fr\/ace\/wp-content\/uploads\/Reecriture-SIT-Mod-0-CP_2021.pdf\" rel=\"noopener\" target=\"_blank\">Module 0 r\u00e9\u00e9criture 2021<\/a><\/td><td class=\"column-2\"><a href=\"http:\/\/python.espe-bretagne.fr\/ace\/wp-content\/uploads\/EGM-CP-Domaine-ESTimation-1.pdf\">D\u00e9roulement ESTimation CP<\/a><br \/>\nPour toute l'ann\u00e9e<br \/>\nMis \u00e0 jour le 6 septembre 2016<\/td><td class=\"column-3\"><a href=\"http:\/\/python.espe-bretagne.fr\/ace\/wp-content\/uploads\/EGM-CP-Domaine-GM-Trimestre-1.pdf\">D\u00e9roulement Grandeurs et Mesures CP Trimestre 1<\/a><br \/>\nMis \u00e0 jour le 6 septembre 2016<\/td><td class=\"column-4\"><a href=\"http:\/\/python.espe-bretagne.fr\/ace\/wp-content\/uploads\/RdP_d\u00e9roulement_13mars2015_T1.pdf\">RdP_T1. pdf<\/a><br \/>\n<br \/>\n<a href=\"http:\/\/python.espe-bretagne.fr\/ace\/wp-content\/uploads\/RdP_d\u00e9roulement_13mars2015_T1.docx\">RdP_T1.docx<\/a><\/td>\n<\/tr>\n<tr class=\"row-3\">\n\t<td class=\"column-1\"><a href=\"http:\/\/blog.espe-bretagne.fr\/ace\/wp-content\/uploads\/Reecriture-SIT-Mod-1-CP_2021.pdf\" rel=\"noopener\" target=\"_blank\">Module 1 r\u00e9\u00e9criture 2021<\/a><\/td><td class=\"column-2\"><a href=\"http:\/\/python.espe-bretagne.fr\/ace\/wp-content\/uploads\/Parcours-Individuels-Estimateur-2016-17-1.pdf\">ESTimation CP - parcours individuels <\/a><br \/>\nMis \u00e0 jour le 6 septembre 2016<\/td><td class=\"column-3\"><a href=\"http:\/\/python.espe-bretagne.fr\/ace\/wp-content\/uploads\/EGM-CP-Grandeurs-et-mesures-fiches-EUROS.docx\">GM CP - EUROS - Fiches photocopiables<\/a><\/td><td class=\"column-4\"><\/td>\n<\/tr>\n<tr class=\"row-4\">\n\t<td class=\"column-1\"><a href=\"http:\/\/blog.espe-bretagne.fr\/ace\/wp-content\/uploads\/Reecriture-SIT-Mod-2-CP_2021-.pdf\" rel=\"noopener\" target=\"_blank\">Module 2 r\u00e9\u00e9criture 2021<\/a><\/td><td class=\"column-2\"> <\/td><td class=\"column-3\"><\/td><td class=\"column-4\"><\/td>\n<\/tr>\n<tr class=\"row-5\">\n\t<td class=\"column-1\"><a href=\"http:\/\/blog.espe-bretagne.fr\/ace\/wp-content\/uploads\/Reecriture-SIT-Mod-3-CP_2021.pdf\" rel=\"noopener\" target=\"_blank\">Module 3 r\u00e9\u00e9criture 2021<\/a><\/td><td class=\"column-2\"><\/td><td class=\"column-3\"><\/td><td class=\"column-4\"><\/td>\n<\/tr>\n<tr class=\"row-6\">\n\t<td class=\"column-1\"><a href=\"http:\/\/blog.espe-bretagne.fr\/ace\/wp-content\/uploads\/Reecriture-SIT-Mod-4-CP_2021.pdf\" rel=\"noopener\" target=\"_blank\">Module 4 r\u00e9\u00e9criture 2021<\/a><\/td><td class=\"column-2\"><\/td><td class=\"column-3\"><\/td><td class=\"column-4\"><\/td>\n<\/tr>\n<tr class=\"row-7\">\n\t<td class=\"column-1\"><a href=\"http:\/\/blog.espe-bretagne.fr\/ace\/wp-content\/uploads\/Reecriture-SIT-Mod-5-CP_2021.pdf\" rel=\"noopener\" target=\"_blank\">Module 5 r\u00e9\u00e9criture 2021<\/a><\/td><td class=\"column-2\"><\/td><td class=\"column-3\"><\/td><td class=\"column-4\"><\/td>\n<\/tr>\n<tr class=\"row-8\">\n\t<td class=\"column-1\"><a href=\"http:\/\/blog.espe-bretagne.fr\/ace\/wp-content\/uploads\/Reecriture-SIT-Mod-6-CP_2021.pdf\" rel=\"noopener\" target=\"_blank\">Module 6 r\u00e9\u00e9criture 2021<\/a><\/td><td class=\"column-2\"><\/td><td class=\"column-3\"><\/td><td class=\"column-4\"><\/td>\n<\/tr>\n<\/tbody>\n<\/table>\n<!-- #tablepress-3 from cache -->\n","protected":false},"excerpt":{"rendered":"<p>Le tableau ci-dessous regroupe l&#8217;ensemble des documents n\u00e9cessaires pour la mise en oeuvre de la progression ACE au premier trimestre. La progression du domaine &#8220;Calcul Mental&#8221; est \u00e0 consulter sur la page d\u00e9di\u00e9e Calcul mental &nbsp;<\/p>\n<p> <a class=\"continue-reading-link\" href=\"http:\/\/blog.espe-bretagne.fr\/ace\/?page_id=1437\"><span>Continue reading<\/span><i class=\"crycon-right-dir\"><\/i><\/a> <\/p>\n","protected":false},"author":6,"featured_media":0,"parent":0,"menu_order":0,"comment_status":"closed","ping_status":"open","template":"","meta":{"footnotes":""},"class_list":["post-1437","page","type-page","status-publish","hentry"],"_links":{"self":[{"href":"http:\/\/blog.espe-bretagne.fr\/ace\/index.php?rest_route=\/wp\/v2\/pages\/1437","targetHints":{"allow":["GET"]}}],"collection":[{"href":"http:\/\/blog.espe-bretagne.fr\/ace\/index.php?rest_route=\/wp\/v2\/pages"}],"about":[{"href":"http:\/\/blog.espe-bretagne.fr\/ace\/index.php?rest_route=\/wp\/v2\/types\/page"}],"author":[{"embeddable":true,"href":"http:\/\/blog.espe-bretagne.fr\/ace\/index.php?rest_route=\/wp\/v2\/users\/6"}],"replies":[{"embeddable":true,"href":"http:\/\/blog.espe-bretagne.fr\/ace\/index.php?rest_route=%2Fwp%2Fv2%2Fcomments&post=1437"}],"version-history":[{"count":23,"href":"http:\/\/blog.espe-bretagne.fr\/ace\/index.php?rest_route=\/wp\/v2\/pages\/1437\/revisions"}],"predecessor-version":[{"id":2913,"href":"http:\/\/blog.espe-bretagne.fr\/ace\/index.php?rest_route=\/wp\/v2\/pages\/1437\/revisions\/2913"}],"wp:attachment":[{"href":"http:\/\/blog.espe-bretagne.fr\/ace\/index.php?rest_route=%2Fwp%2Fv2%2Fmedia&parent=1437"}],"curies":[{"name":"wp","href":"https:\/\/api.w.org\/{rel}","templated":true}]}}